{"id":675,"date":"2022-12-21T15:44:46","date_gmt":"2022-12-21T15:44:46","guid":{"rendered":"https:\/\/ediagnostic.ro\/?page_id=675"},"modified":"2023-01-12T13:34:28","modified_gmt":"2023-01-12T13:34:28","slug":"examinations-magnetic-resonance-irm","status":"publish","type":"page","link":"https:\/\/ediagnostic.ro\/en\/services\/examinations-magnetic-resonance-irm\/","title":{"rendered":"Magnetic Resonance Examinations (MRI)"},"content":{"rendered":"<div data-elementor-type=\"wp-page\" data-elementor-id=\"675\" class=\"elementor elementor-675\" data-elementor-post-type=\"page\">\n\t\t\t\t<div class=\"elementor-element elementor-element-9f13427 e-flex e-con-boxed e-con e-parent\" data-id=\"9f13427\" data-element_type=\"container\" data-settings=\"{&quot;background_background&quot;:&quot;classic&quot;}\">\n\t\t\t\t\t<div class=\"e-con-inner\">\n\t\t\t\t<div class=\"elementor-element elementor-element-dac8791 elementor-widget__width-inherit elementor-widget elementor-widget-heading\" data-id=\"dac8791\" data-element_type=\"widget\" data-widget_type=\"heading.default\">\n\t\t\t\t<div class=\"elementor-widget-container\">\n\t\t\t\t\t<h1 class=\"elementor-heading-title elementor-size-default\">Magnetic Resonance Examinations (MRI)<\/h1>\t\t\t\t<\/div>\n\t\t\t\t<\/div>\n\t\t\t\t<div class=\"elementor-element elementor-element-36a135f elementor-widget elementor-widget-heading\" data-id=\"36a135f\" data-element_type=\"widget\" data-widget_type=\"heading.default\">\n\t\t\t\t<div class=\"elementor-widget-container\">\n\t\t\t\t\t<p class=\"elementor-heading-title elementor-size-default\">Remote interpretation<\/p>\t\t\t\t<\/div>\n\t\t\t\t<\/div>\n\t\t\t\t\t<\/div>\n\t\t\t\t<\/div>\n\t\t<div class=\"elementor-element elementor-element-5102db8 e-flex e-con-boxed e-con e-parent\" data-id=\"5102db8\" data-element_type=\"container\">\n\t\t\t\t\t<div class=\"e-con-inner\">\n\t\t\t\t<div class=\"elementor-element elementor-element-28630d6 elementor-widget elementor-widget-heading\" data-id=\"28630d6\" data-element_type=\"widget\" data-widget_type=\"heading.default\">\n\t\t\t\t<div class=\"elementor-widget-container\">\n\t\t\t\t\t<p class=\"elementor-heading-title elementor-size-default\"><a href=\"https:\/\/ediagnostic.ro\/en\">Home<\/a><\/p>\t\t\t\t<\/div>\n\t\t\t\t<\/div>\n\t\t\t\t<div class=\"elementor-element elementor-element-0fbc7ed elementor-widget elementor-widget-heading\" data-id=\"0fbc7ed\" data-element_type=\"widget\" data-widget_type=\"heading.default\">\n\t\t\t\t<div class=\"elementor-widget-container\">\n\t\t\t\t\t<p class=\"elementor-heading-title elementor-size-default\">&gt;<\/p>\t\t\t\t<\/div>\n\t\t\t\t<\/div>\n\t\t\t\t<div class=\"elementor-element elementor-element-5728d81 elementor-widget elementor-widget-heading\" data-id=\"5728d81\" data-element_type=\"widget\" data-widget_type=\"heading.default\">\n\t\t\t\t<div class=\"elementor-widget-container\">\n\t\t\t\t\t<p class=\"elementor-heading-title elementor-size-default\"><a href=\"\/en\/services\/\">Services<\/a><\/p>\t\t\t\t<\/div>\n\t\t\t\t<\/div>\n\t\t\t\t<div class=\"elementor-element elementor-element-74f7d5d elementor-widget elementor-widget-heading\" data-id=\"74f7d5d\" data-element_type=\"widget\" data-widget_type=\"heading.default\">\n\t\t\t\t<div class=\"elementor-widget-container\">\n\t\t\t\t\t<p class=\"elementor-heading-title elementor-size-default\">&gt;<\/p>\t\t\t\t<\/div>\n\t\t\t\t<\/div>\n\t\t\t\t<div class=\"elementor-element elementor-element-972a3c8 elementor-widget elementor-widget-heading\" data-id=\"972a3c8\" data-element_type=\"widget\" data-widget_type=\"heading.default\">\n\t\t\t\t<div class=\"elementor-widget-container\">\n\t\t\t\t\t<p class=\"elementor-heading-title elementor-size-default\">Magnetic Resonance Examinations (MRI)<\/p>\t\t\t\t<\/div>\n\t\t\t\t<\/div>\n\t\t\t\t\t<\/div>\n\t\t\t\t<\/div>\n\t\t<div class=\"elementor-element elementor-element-ba89ee2 e-flex e-con-boxed e-con e-parent\" data-id=\"ba89ee2\" data-element_type=\"container\">\n\t\t\t\t\t<div class=\"e-con-inner\">\n\t\t\t\t<div class=\"elementor-element elementor-element-8ff9c1d elementor-widget elementor-widget-text-editor\" data-id=\"8ff9c1d\" data-element_type=\"widget\" data-widget_type=\"text-editor.default\">\n\t\t\t\t<div class=\"elementor-widget-container\">\n\t\t\t\t\t\t\t\t\t<p>Nuclear Magnetic Resonance Imaging (MRI), also called Magnetic Resonance Imaging (MRI), is a procedure that uses a strong magnetic field, radio waves as well as computers to diagnose various conditions of the human body.<\/p><p>The MRI exam can take anywhere from 20 minutes to an hour and is a non-invasive way for the doctor to examine organs, soft tissues and the bone system.<\/p>\t\t\t\t\t\t\t\t<\/div>\n\t\t\t\t<\/div>\n\t\t\t\t<div class=\"elementor-element elementor-element-dfc81d0 elementor-widget elementor-widget-image\" data-id=\"dfc81d0\" data-element_type=\"widget\" data-widget_type=\"image.default\">\n\t\t\t\t<div class=\"elementor-widget-container\">\n\t\t\t\t\t\t\t\t\t\t\t\t\t\t\t<img fetchpriority=\"high\" decoding=\"async\" width=\"1600\" height=\"900\" src=\"https:\/\/ediagnostic.ro\/wp-content\/uploads\/2022\/12\/examinari-irm.jpg\" class=\"attachment-full size-full wp-image-304\" alt=\"\" srcset=\"https:\/\/ediagnostic.ro\/wp-content\/uploads\/2022\/12\/examinari-irm.jpg 1600w, https:\/\/ediagnostic.ro\/wp-content\/uploads\/2022\/12\/examinari-irm-300x169.jpg 300w, https:\/\/ediagnostic.ro\/wp-content\/uploads\/2022\/12\/examinari-irm-1024x576.jpg 1024w, https:\/\/ediagnostic.ro\/wp-content\/uploads\/2022\/12\/examinari-irm-768x432.jpg 768w, https:\/\/ediagnostic.ro\/wp-content\/uploads\/2022\/12\/examinari-irm-1536x864.jpg 1536w, https:\/\/ediagnostic.ro\/wp-content\/uploads\/2022\/12\/examinari-irm-18x10.jpg 18w\" sizes=\"(max-width: 1600px) 100vw, 1600px\" \/>\t\t\t\t\t\t\t\t\t\t\t\t\t\t\t<\/div>\n\t\t\t\t<\/div>\n\t\t\t\t<div class=\"elementor-element elementor-element-b51f524 elementor-widget elementor-widget-text-editor\" data-id=\"b51f524\" data-element_type=\"widget\" data-widget_type=\"text-editor.default\">\n\t\t\t\t<div class=\"elementor-widget-container\">\n\t\t\t\t\t\t\t\t\t<p>The MRI examination is of several types:<\/p><ul><li>Brain MRI;<\/li><li>MRI of the spine;<\/li><li>Abdominal MRI;<\/li><li>Cardiac MRI;<\/li><li>Musculoskeletal MRI;<\/li><li>Thoracic MRI;<\/li><li>Pelvic and Gynecological MRI;<\/li><li>Breast MRI;<\/li><li>Urological MRI;<\/li><li>Oncological MRI;<\/li><li>Angiographic studies type angio-MRI.<\/li><\/ul><p>The benefits of an MRI type procedure are that the patient is not exposed to harmful radiation, it can be applied to all age groups, it allows very precise images to be obtained, it is effective in identifying a large number of conditions or diseases, and it allows the doctor access to certain areas that cannot be investigated using another procedure.<\/p>\t\t\t\t\t\t\t\t<\/div>\n\t\t\t\t<\/div>\n\t\t\t\t\t<\/div>\n\t\t\t\t<\/div>\n\t\t\t\t<\/div>","protected":false},"excerpt":{"rendered":"<p>Examin\u0103ri Rezonan\u021b\u0103 Magnetic\u0103 (IRM) Interpretare la distan\u021b\u0103 Acas\u0103 > Servicii > Examin\u0103ri Rezonan\u021b\u0103 Magnetic\u0103 (IRM) Rezonan\u021ba magnetic\u0103 nuclear\u0103 (RMN), denumit\u0103 \u0219i Imagistic\u0103 prin rezonan\u021b\u0103 magnetic\u0103 (IRM), este o procedur\u0103 ce utilizeaz\u0103 un c\u00e2mp magnetic puternic, undele radio precum si computerul, pentru a diagnostica diverse afec\u021biuni ale corpului uman. Examenul IRM poate dura de la 20 [&hellip;]<\/p>","protected":false},"author":1,"featured_media":0,"parent":460,"menu_order":2,"comment_status":"closed","ping_status":"closed","template":"","meta":{"footnotes":""},"class_list":["post-675","page","type-page","status-publish","hentry"],"yoast_head":"<!-- This site is optimized with the Yoast SEO plugin v26.6 - https:\/\/yoast.com\/wordpress\/plugins\/seo\/ -->\n<title>Examin\u0103ri Rezonan\u021b\u0103 Magnetic\u0103 (IRM) - eDiagnostic<\/title>\n<meta name=\"robots\" content=\"index, follow, max-snippet:-1, max-image-preview:large, max-video-preview:-1\" \/>\n<link rel=\"canonical\" href=\"https:\/\/ediagnostic.ro\/en\/services\/examinations-magnetic-resonance-irm\/\" \/>\n<meta property=\"og:locale\" content=\"en_US\" \/>\n<meta property=\"og:type\" content=\"article\" \/>\n<meta property=\"og:title\" content=\"Examin\u0103ri Rezonan\u021b\u0103 Magnetic\u0103 (IRM) - eDiagnostic\" \/>\n<meta property=\"og:description\" content=\"Examin\u0103ri Rezonan\u021b\u0103 Magnetic\u0103 (IRM) Interpretare la distan\u021b\u0103 Acas\u0103 &gt; Servicii &gt; Examin\u0103ri Rezonan\u021b\u0103 Magnetic\u0103 (IRM) Rezonan\u021ba magnetic\u0103 nuclear\u0103 (RMN), denumit\u0103 \u0219i Imagistic\u0103 prin rezonan\u021b\u0103 magnetic\u0103 (IRM), este o procedur\u0103 ce utilizeaz\u0103 un c\u00e2mp magnetic puternic, undele radio precum si computerul, pentru a diagnostica diverse afec\u021biuni ale corpului uman. Examenul IRM poate dura de la 20 [&hellip;]\" \/>\n<meta property=\"og:url\" content=\"https:\/\/ediagnostic.ro\/en\/services\/examinations-magnetic-resonance-irm\/\" \/>\n<meta property=\"og:site_name\" content=\"eDiagnostic\" \/>\n<meta property=\"article:modified_time\" content=\"2023-01-12T13:34:28+00:00\" \/>\n<meta property=\"og:image\" content=\"https:\/\/ediagnostic.ro\/wp-content\/uploads\/2022\/12\/examinari-irm.jpg\" \/>\n<meta name=\"twitter:card\" content=\"summary_large_image\" \/>\n<meta name=\"twitter:label1\" content=\"Est. reading time\" \/>\n\t<meta name=\"twitter:data1\" content=\"1 minute\" \/>\n<script type=\"application\/ld+json\" class=\"yoast-schema-graph\">{\"@context\":\"https:\/\/schema.org\",\"@graph\":[{\"@type\":\"WebPage\",\"@id\":\"https:\/\/ediagnostic.ro\/en\/services\/examinations-magnetic-resonance-irm\/\",\"url\":\"https:\/\/ediagnostic.ro\/en\/services\/examinations-magnetic-resonance-irm\/\",\"name\":\"Examin\u0103ri Rezonan\u021b\u0103 Magnetic\u0103 (IRM) - eDiagnostic\",\"isPartOf\":{\"@id\":\"https:\/\/ediagnostic.ro\/en\/#website\"},\"primaryImageOfPage\":{\"@id\":\"https:\/\/ediagnostic.ro\/en\/services\/examinations-magnetic-resonance-irm\/#primaryimage\"},\"image\":{\"@id\":\"https:\/\/ediagnostic.ro\/en\/services\/examinations-magnetic-resonance-irm\/#primaryimage\"},\"thumbnailUrl\":\"https:\/\/ediagnostic.ro\/wp-content\/uploads\/2022\/12\/examinari-irm.jpg\",\"datePublished\":\"2022-12-21T15:44:46+00:00\",\"dateModified\":\"2023-01-12T13:34:28+00:00\",\"breadcrumb\":{\"@id\":\"https:\/\/ediagnostic.ro\/en\/services\/examinations-magnetic-resonance-irm\/#breadcrumb\"},\"inLanguage\":\"en-US\",\"potentialAction\":[{\"@type\":\"ReadAction\",\"target\":[\"https:\/\/ediagnostic.ro\/en\/services\/examinations-magnetic-resonance-irm\/\"]}]},{\"@type\":\"ImageObject\",\"inLanguage\":\"en-US\",\"@id\":\"https:\/\/ediagnostic.ro\/en\/services\/examinations-magnetic-resonance-irm\/#primaryimage\",\"url\":\"https:\/\/ediagnostic.ro\/wp-content\/uploads\/2022\/12\/examinari-irm.jpg\",\"contentUrl\":\"https:\/\/ediagnostic.ro\/wp-content\/uploads\/2022\/12\/examinari-irm.jpg\"},{\"@type\":\"BreadcrumbList\",\"@id\":\"https:\/\/ediagnostic.ro\/en\/services\/examinations-magnetic-resonance-irm\/#breadcrumb\",\"itemListElement\":[{\"@type\":\"ListItem\",\"position\":1,\"name\":\"Prima pagin\u0103\",\"item\":\"https:\/\/ediagnostic.ro\/\"},{\"@type\":\"ListItem\",\"position\":2,\"name\":\"Servicii\",\"item\":\"https:\/\/ediagnostic.ro\/servicii\/\"},{\"@type\":\"ListItem\",\"position\":3,\"name\":\"Examin\u0103ri Rezonan\u021b\u0103 Magnetic\u0103 (IRM)\"}]},{\"@type\":\"WebSite\",\"@id\":\"https:\/\/ediagnostic.ro\/en\/#website\",\"url\":\"https:\/\/ediagnostic.ro\/en\/\",\"name\":\"eDiagnostic\",\"description\":\"Centru de telemedicin\u0103 cu expertiz\u0103 \u00een teleradiologie\",\"publisher\":{\"@id\":\"https:\/\/ediagnostic.ro\/en\/#organization\"},\"potentialAction\":[{\"@type\":\"SearchAction\",\"target\":{\"@type\":\"EntryPoint\",\"urlTemplate\":\"https:\/\/ediagnostic.ro\/en\/?s={search_term_string}\"},\"query-input\":{\"@type\":\"PropertyValueSpecification\",\"valueRequired\":true,\"valueName\":\"search_term_string\"}}],\"inLanguage\":\"en-US\"},{\"@type\":\"Organization\",\"@id\":\"https:\/\/ediagnostic.ro\/en\/#organization\",\"name\":\"eDiagnostic\",\"url\":\"https:\/\/ediagnostic.ro\/en\/\",\"logo\":{\"@type\":\"ImageObject\",\"inLanguage\":\"en-US\",\"@id\":\"https:\/\/ediagnostic.ro\/en\/#\/schema\/logo\/image\/\",\"url\":\"https:\/\/ediagnostic.ro\/wp-content\/uploads\/2022\/12\/logo-ediagnostic-fundal-alb_130.png\",\"contentUrl\":\"https:\/\/ediagnostic.ro\/wp-content\/uploads\/2022\/12\/logo-ediagnostic-fundal-alb_130.png\",\"width\":293,\"height\":130,\"caption\":\"eDiagnostic\"},\"image\":{\"@id\":\"https:\/\/ediagnostic.ro\/en\/#\/schema\/logo\/image\/\"}}]}<\/script>\n<!-- \/ Yoast SEO plugin. -->","yoast_head_json":{"title":"Examin\u0103ri Rezonan\u021b\u0103 Magnetic\u0103 (IRM) - eDiagnostic","robots":{"index":"index","follow":"follow","max-snippet":"max-snippet:-1","max-image-preview":"max-image-preview:large","max-video-preview":"max-video-preview:-1"},"canonical":"https:\/\/ediagnostic.ro\/en\/services\/examinations-magnetic-resonance-irm\/","og_locale":"en_US","og_type":"article","og_title":"Examin\u0103ri Rezonan\u021b\u0103 Magnetic\u0103 (IRM) - eDiagnostic","og_description":"Examin\u0103ri Rezonan\u021b\u0103 Magnetic\u0103 (IRM) Interpretare la distan\u021b\u0103 Acas\u0103 > Servicii > Examin\u0103ri Rezonan\u021b\u0103 Magnetic\u0103 (IRM) Rezonan\u021ba magnetic\u0103 nuclear\u0103 (RMN), denumit\u0103 \u0219i Imagistic\u0103 prin rezonan\u021b\u0103 magnetic\u0103 (IRM), este o procedur\u0103 ce utilizeaz\u0103 un c\u00e2mp magnetic puternic, undele radio precum si computerul, pentru a diagnostica diverse afec\u021biuni ale corpului uman. Examenul IRM poate dura de la 20 [&hellip;]","og_url":"https:\/\/ediagnostic.ro\/en\/services\/examinations-magnetic-resonance-irm\/","og_site_name":"eDiagnostic","article_modified_time":"2023-01-12T13:34:28+00:00","og_image":[{"url":"https:\/\/ediagnostic.ro\/wp-content\/uploads\/2022\/12\/examinari-irm.jpg","type":"","width":"","height":""}],"twitter_card":"summary_large_image","twitter_misc":{"Est. reading time":"1 minute"},"schema":{"@context":"https:\/\/schema.org","@graph":[{"@type":"WebPage","@id":"https:\/\/ediagnostic.ro\/en\/services\/examinations-magnetic-resonance-irm\/","url":"https:\/\/ediagnostic.ro\/en\/services\/examinations-magnetic-resonance-irm\/","name":"Examin\u0103ri Rezonan\u021b\u0103 Magnetic\u0103 (IRM) - eDiagnostic","isPartOf":{"@id":"https:\/\/ediagnostic.ro\/en\/#website"},"primaryImageOfPage":{"@id":"https:\/\/ediagnostic.ro\/en\/services\/examinations-magnetic-resonance-irm\/#primaryimage"},"image":{"@id":"https:\/\/ediagnostic.ro\/en\/services\/examinations-magnetic-resonance-irm\/#primaryimage"},"thumbnailUrl":"https:\/\/ediagnostic.ro\/wp-content\/uploads\/2022\/12\/examinari-irm.jpg","datePublished":"2022-12-21T15:44:46+00:00","dateModified":"2023-01-12T13:34:28+00:00","breadcrumb":{"@id":"https:\/\/ediagnostic.ro\/en\/services\/examinations-magnetic-resonance-irm\/#breadcrumb"},"inLanguage":"en-US","potentialAction":[{"@type":"ReadAction","target":["https:\/\/ediagnostic.ro\/en\/services\/examinations-magnetic-resonance-irm\/"]}]},{"@type":"ImageObject","inLanguage":"en-US","@id":"https:\/\/ediagnostic.ro\/en\/services\/examinations-magnetic-resonance-irm\/#primaryimage","url":"https:\/\/ediagnostic.ro\/wp-content\/uploads\/2022\/12\/examinari-irm.jpg","contentUrl":"https:\/\/ediagnostic.ro\/wp-content\/uploads\/2022\/12\/examinari-irm.jpg"},{"@type":"BreadcrumbList","@id":"https:\/\/ediagnostic.ro\/en\/services\/examinations-magnetic-resonance-irm\/#breadcrumb","itemListElement":[{"@type":"ListItem","position":1,"name":"Prima pagin\u0103","item":"https:\/\/ediagnostic.ro\/"},{"@type":"ListItem","position":2,"name":"Servicii","item":"https:\/\/ediagnostic.ro\/servicii\/"},{"@type":"ListItem","position":3,"name":"Examin\u0103ri Rezonan\u021b\u0103 Magnetic\u0103 (IRM)"}]},{"@type":"WebSite","@id":"https:\/\/ediagnostic.ro\/en\/#website","url":"https:\/\/ediagnostic.ro\/en\/","name":"eDiagnostic","description":"Telemedicine center with expertise in teleradiology","publisher":{"@id":"https:\/\/ediagnostic.ro\/en\/#organization"},"potentialAction":[{"@type":"SearchAction","target":{"@type":"EntryPoint","urlTemplate":"https:\/\/ediagnostic.ro\/en\/?s={search_term_string}"},"query-input":{"@type":"PropertyValueSpecification","valueRequired":true,"valueName":"search_term_string"}}],"inLanguage":"en-US"},{"@type":"Organization","@id":"https:\/\/ediagnostic.ro\/en\/#organization","name":"eDiagnostic","url":"https:\/\/ediagnostic.ro\/en\/","logo":{"@type":"ImageObject","inLanguage":"en-US","@id":"https:\/\/ediagnostic.ro\/en\/#\/schema\/logo\/image\/","url":"https:\/\/ediagnostic.ro\/wp-content\/uploads\/2022\/12\/logo-ediagnostic-fundal-alb_130.png","contentUrl":"https:\/\/ediagnostic.ro\/wp-content\/uploads\/2022\/12\/logo-ediagnostic-fundal-alb_130.png","width":293,"height":130,"caption":"eDiagnostic"},"image":{"@id":"https:\/\/ediagnostic.ro\/en\/#\/schema\/logo\/image\/"}}]}},"_links":{"self":[{"href":"https:\/\/ediagnostic.ro\/en\/wp-json\/wp\/v2\/pages\/675","targetHints":{"allow":["GET"]}}],"collection":[{"href":"https:\/\/ediagnostic.ro\/en\/wp-json\/wp\/v2\/pages"}],"about":[{"href":"https:\/\/ediagnostic.ro\/en\/wp-json\/wp\/v2\/types\/page"}],"author":[{"embeddable":true,"href":"https:\/\/ediagnostic.ro\/en\/wp-json\/wp\/v2\/users\/1"}],"replies":[{"embeddable":true,"href":"https:\/\/ediagnostic.ro\/en\/wp-json\/wp\/v2\/comments?post=675"}],"version-history":[{"count":0,"href":"https:\/\/ediagnostic.ro\/en\/wp-json\/wp\/v2\/pages\/675\/revisions"}],"up":[{"embeddable":true,"href":"https:\/\/ediagnostic.ro\/en\/wp-json\/wp\/v2\/pages\/460"}],"wp:attachment":[{"href":"https:\/\/ediagnostic.ro\/en\/wp-json\/wp\/v2\/media?parent=675"}],"curies":[{"name":"wp","href":"https:\/\/api.w.org\/{rel}","templated":true}]}}