{"id":666,"date":"2022-12-21T15:40:04","date_gmt":"2022-12-21T15:40:04","guid":{"rendered":"https:\/\/ediagnostic.ro\/?page_id=666"},"modified":"2023-01-12T13:32:10","modified_gmt":"2023-01-12T13:32:10","slug":"computer-tomographic-ct-examinations","status":"publish","type":"page","link":"https:\/\/ediagnostic.ro\/en\/services\/computer-tomographic-ct-examinations\/","title":{"rendered":"Computer Tomography (CT) examinations"},"content":{"rendered":"<div data-elementor-type=\"wp-page\" data-elementor-id=\"666\" class=\"elementor elementor-666\" data-elementor-post-type=\"page\">\n\t\t\t\t<div class=\"elementor-element elementor-element-9f13427 e-flex e-con-boxed e-con e-parent\" data-id=\"9f13427\" data-element_type=\"container\" data-settings=\"{&quot;background_background&quot;:&quot;classic&quot;}\">\n\t\t\t\t\t<div class=\"e-con-inner\">\n\t\t\t\t<div class=\"elementor-element elementor-element-dac8791 elementor-widget__width-inherit elementor-widget elementor-widget-heading\" data-id=\"dac8791\" data-element_type=\"widget\" data-widget_type=\"heading.default\">\n\t\t\t\t<div class=\"elementor-widget-container\">\n\t\t\t\t\t<h1 class=\"elementor-heading-title elementor-size-default\">Computer Tomography (CT) examinations<\/h1>\t\t\t\t<\/div>\n\t\t\t\t<\/div>\n\t\t\t\t<div class=\"elementor-element elementor-element-36a135f elementor-widget elementor-widget-heading\" data-id=\"36a135f\" data-element_type=\"widget\" data-widget_type=\"heading.default\">\n\t\t\t\t<div class=\"elementor-widget-container\">\n\t\t\t\t\t<p class=\"elementor-heading-title elementor-size-default\">Remote interpretation<\/p>\t\t\t\t<\/div>\n\t\t\t\t<\/div>\n\t\t\t\t\t<\/div>\n\t\t\t\t<\/div>\n\t\t<div class=\"elementor-element elementor-element-5102db8 e-flex e-con-boxed e-con e-parent\" data-id=\"5102db8\" data-element_type=\"container\">\n\t\t\t\t\t<div class=\"e-con-inner\">\n\t\t\t\t<div class=\"elementor-element elementor-element-28630d6 elementor-widget elementor-widget-heading\" data-id=\"28630d6\" data-element_type=\"widget\" data-widget_type=\"heading.default\">\n\t\t\t\t<div class=\"elementor-widget-container\">\n\t\t\t\t\t<p class=\"elementor-heading-title elementor-size-default\"><a href=\"https:\/\/ediagnostic.ro\/en\">Home<\/a><\/p>\t\t\t\t<\/div>\n\t\t\t\t<\/div>\n\t\t\t\t<div class=\"elementor-element elementor-element-0fbc7ed elementor-widget elementor-widget-heading\" data-id=\"0fbc7ed\" data-element_type=\"widget\" data-widget_type=\"heading.default\">\n\t\t\t\t<div class=\"elementor-widget-container\">\n\t\t\t\t\t<p class=\"elementor-heading-title elementor-size-default\">&gt;<\/p>\t\t\t\t<\/div>\n\t\t\t\t<\/div>\n\t\t\t\t<div class=\"elementor-element elementor-element-080229d elementor-widget elementor-widget-heading\" data-id=\"080229d\" data-element_type=\"widget\" data-widget_type=\"heading.default\">\n\t\t\t\t<div class=\"elementor-widget-container\">\n\t\t\t\t\t<p class=\"elementor-heading-title elementor-size-default\"><a href=\"\/en\/services\/\">Services<\/a><\/p>\t\t\t\t<\/div>\n\t\t\t\t<\/div>\n\t\t\t\t<div class=\"elementor-element elementor-element-90e7031 elementor-widget elementor-widget-heading\" data-id=\"90e7031\" data-element_type=\"widget\" data-widget_type=\"heading.default\">\n\t\t\t\t<div class=\"elementor-widget-container\">\n\t\t\t\t\t<p class=\"elementor-heading-title elementor-size-default\">&gt;<\/p>\t\t\t\t<\/div>\n\t\t\t\t<\/div>\n\t\t\t\t<div class=\"elementor-element elementor-element-5728d81 elementor-widget elementor-widget-heading\" data-id=\"5728d81\" data-element_type=\"widget\" data-widget_type=\"heading.default\">\n\t\t\t\t<div class=\"elementor-widget-container\">\n\t\t\t\t\t<p class=\"elementor-heading-title elementor-size-default\">Computer Tomography (CT) examinations<\/p>\t\t\t\t<\/div>\n\t\t\t\t<\/div>\n\t\t\t\t\t<\/div>\n\t\t\t\t<\/div>\n\t\t<div class=\"elementor-element elementor-element-ba89ee2 e-flex e-con-boxed e-con e-parent\" data-id=\"ba89ee2\" data-element_type=\"container\">\n\t\t\t\t\t<div class=\"e-con-inner\">\n\t\t\t\t<div class=\"elementor-element elementor-element-8ff9c1d elementor-widget elementor-widget-text-editor\" data-id=\"8ff9c1d\" data-element_type=\"widget\" data-widget_type=\"text-editor.default\">\n\t\t\t\t<div class=\"elementor-widget-container\">\n\t\t\t\t\t\t\t\t\t<p>CT, also called computed tomography, is a medical method that uses both X-rays and a computer to obtain the most detailed images possible of the inside of the body. Today, in most centres, helical, volumetric acquisitions with multiplanar reconstructions are used.<\/p>\t\t\t\t\t\t\t\t<\/div>\n\t\t\t\t<\/div>\n\t\t\t\t<div class=\"elementor-element elementor-element-dfc81d0 elementor-widget elementor-widget-image\" data-id=\"dfc81d0\" data-element_type=\"widget\" data-widget_type=\"image.default\">\n\t\t\t\t<div class=\"elementor-widget-container\">\n\t\t\t\t\t\t\t\t\t\t\t\t\t\t\t<img fetchpriority=\"high\" decoding=\"async\" width=\"1600\" height=\"900\" src=\"https:\/\/ediagnostic.ro\/wp-content\/uploads\/2022\/12\/examinari-ct.jpg\" class=\"attachment-full size-full wp-image-303\" alt=\"\" srcset=\"https:\/\/ediagnostic.ro\/wp-content\/uploads\/2022\/12\/examinari-ct.jpg 1600w, https:\/\/ediagnostic.ro\/wp-content\/uploads\/2022\/12\/examinari-ct-300x169.jpg 300w, https:\/\/ediagnostic.ro\/wp-content\/uploads\/2022\/12\/examinari-ct-1024x576.jpg 1024w, https:\/\/ediagnostic.ro\/wp-content\/uploads\/2022\/12\/examinari-ct-768x432.jpg 768w, https:\/\/ediagnostic.ro\/wp-content\/uploads\/2022\/12\/examinari-ct-1536x864.jpg 1536w, https:\/\/ediagnostic.ro\/wp-content\/uploads\/2022\/12\/examinari-ct-18x10.jpg 18w\" sizes=\"(max-width: 1600px) 100vw, 1600px\" \/>\t\t\t\t\t\t\t\t\t\t\t\t\t\t\t<\/div>\n\t\t\t\t<\/div>\n\t\t\t\t<div class=\"elementor-element elementor-element-b51f524 elementor-widget elementor-widget-text-editor\" data-id=\"b51f524\" data-element_type=\"widget\" data-widget_type=\"text-editor.default\">\n\t\t\t\t<div class=\"elementor-widget-container\">\n\t\t\t\t\t\t\t\t\t<p>In terms of duration, the time it takes to do a CT scan can vary from 5 to 15 minutes. This procedure is efficient, fast and often with high diagnostic accuracy, and can save the patient from resorting to more expensive and complicated procedures.<\/p><p>The areas of the human organ that can be examined by a CT scan are:<\/p><ul><li>The abdominal area and pelvic area which includes the liver, kidneys, spleen, pancreas, adrenal glands, pelvic organs, as well as the stomach and intestines.<\/li><li>The spinal area through which the following can be examined: cervical, dorsal, lumbar spine and sacrococcygeal region.<\/li><li>The limb area including: shoulder, elbow, hand, hip, knee, leg.<\/li><li>The thoracic area is focused on organs such as: lungs, heart, chest.<\/li><li>Angiographic studies (angio-CT) can be performed in any region: cervical and cranial vessels, aorta, pulmonary arteries, coronary arteries, abdominal vessels, upper and lower limb vessels.<\/li><\/ul>\t\t\t\t\t\t\t\t<\/div>\n\t\t\t\t<\/div>\n\t\t\t\t\t<\/div>\n\t\t\t\t<\/div>\n\t\t\t\t<\/div>","protected":false},"excerpt":{"rendered":"<p>Examin\u0103ri Computer Tomografice (CT) Interpretare la distan\u021b\u0103 Acas\u0103 > Servicii > Examin\u0103ri Computer Tomografice (CT) CT-ul, denumit \u0219i tomografie computerizat\u0103, reprezint\u0103 o metod\u0103 medical\u0103 care folose\u0219te at\u00e2t razele X, c\u00e2t \u0219i un computer pentru a ob\u021bine imagini c\u00e2t mai detaliate din interiorul corpului. In ziua de astazi, in majoritatea centrelor, se folosesc achizi\u021bii helicoidale, volumetrice, [&hellip;]<\/p>","protected":false},"author":1,"featured_media":0,"parent":460,"menu_order":1,"comment_status":"closed","ping_status":"closed","template":"","meta":{"footnotes":""},"class_list":["post-666","page","type-page","status-publish","hentry"],"yoast_head":"<!-- This site is optimized with the Yoast SEO plugin v26.6 - https:\/\/yoast.com\/wordpress\/plugins\/seo\/ -->\n<title>Examin\u0103ri Computer Tomografice (CT) - eDiagnostic<\/title>\n<meta name=\"robots\" content=\"index, follow, max-snippet:-1, max-image-preview:large, max-video-preview:-1\" \/>\n<link rel=\"canonical\" href=\"https:\/\/ediagnostic.ro\/en\/services\/computer-tomographic-ct-examinations\/\" \/>\n<meta property=\"og:locale\" content=\"en_US\" \/>\n<meta property=\"og:type\" content=\"article\" \/>\n<meta property=\"og:title\" content=\"Examin\u0103ri Computer Tomografice (CT) - eDiagnostic\" \/>\n<meta property=\"og:description\" content=\"Examin\u0103ri Computer Tomografice (CT) Interpretare la distan\u021b\u0103 Acas\u0103 &gt; Servicii &gt; Examin\u0103ri Computer Tomografice (CT) CT-ul, denumit \u0219i tomografie computerizat\u0103, reprezint\u0103 o metod\u0103 medical\u0103 care folose\u0219te at\u00e2t razele X, c\u00e2t \u0219i un computer pentru a ob\u021bine imagini c\u00e2t mai detaliate din interiorul corpului. In ziua de astazi, in majoritatea centrelor, se folosesc achizi\u021bii helicoidale, volumetrice, [&hellip;]\" \/>\n<meta property=\"og:url\" content=\"https:\/\/ediagnostic.ro\/en\/services\/computer-tomographic-ct-examinations\/\" \/>\n<meta property=\"og:site_name\" content=\"eDiagnostic\" \/>\n<meta property=\"article:modified_time\" content=\"2023-01-12T13:32:10+00:00\" \/>\n<meta property=\"og:image\" content=\"https:\/\/ediagnostic.ro\/wp-content\/uploads\/2022\/12\/examinari-ct.jpg\" \/>\n<meta name=\"twitter:card\" content=\"summary_large_image\" \/>\n<meta name=\"twitter:label1\" content=\"Est. reading time\" \/>\n\t<meta name=\"twitter:data1\" content=\"1 minute\" \/>\n<script type=\"application\/ld+json\" class=\"yoast-schema-graph\">{\"@context\":\"https:\/\/schema.org\",\"@graph\":[{\"@type\":\"WebPage\",\"@id\":\"https:\/\/ediagnostic.ro\/en\/services\/computer-tomographic-ct-examinations\/\",\"url\":\"https:\/\/ediagnostic.ro\/en\/services\/computer-tomographic-ct-examinations\/\",\"name\":\"Examin\u0103ri Computer Tomografice (CT) - eDiagnostic\",\"isPartOf\":{\"@id\":\"https:\/\/ediagnostic.ro\/en\/#website\"},\"primaryImageOfPage\":{\"@id\":\"https:\/\/ediagnostic.ro\/en\/services\/computer-tomographic-ct-examinations\/#primaryimage\"},\"image\":{\"@id\":\"https:\/\/ediagnostic.ro\/en\/services\/computer-tomographic-ct-examinations\/#primaryimage\"},\"thumbnailUrl\":\"https:\/\/ediagnostic.ro\/wp-content\/uploads\/2022\/12\/examinari-ct.jpg\",\"datePublished\":\"2022-12-21T15:40:04+00:00\",\"dateModified\":\"2023-01-12T13:32:10+00:00\",\"breadcrumb\":{\"@id\":\"https:\/\/ediagnostic.ro\/en\/services\/computer-tomographic-ct-examinations\/#breadcrumb\"},\"inLanguage\":\"en-US\",\"potentialAction\":[{\"@type\":\"ReadAction\",\"target\":[\"https:\/\/ediagnostic.ro\/en\/services\/computer-tomographic-ct-examinations\/\"]}]},{\"@type\":\"ImageObject\",\"inLanguage\":\"en-US\",\"@id\":\"https:\/\/ediagnostic.ro\/en\/services\/computer-tomographic-ct-examinations\/#primaryimage\",\"url\":\"https:\/\/ediagnostic.ro\/wp-content\/uploads\/2022\/12\/examinari-ct.jpg\",\"contentUrl\":\"https:\/\/ediagnostic.ro\/wp-content\/uploads\/2022\/12\/examinari-ct.jpg\"},{\"@type\":\"BreadcrumbList\",\"@id\":\"https:\/\/ediagnostic.ro\/en\/services\/computer-tomographic-ct-examinations\/#breadcrumb\",\"itemListElement\":[{\"@type\":\"ListItem\",\"position\":1,\"name\":\"Prima pagin\u0103\",\"item\":\"https:\/\/ediagnostic.ro\/\"},{\"@type\":\"ListItem\",\"position\":2,\"name\":\"Servicii\",\"item\":\"https:\/\/ediagnostic.ro\/servicii\/\"},{\"@type\":\"ListItem\",\"position\":3,\"name\":\"Examin\u0103ri Computer Tomografice (CT)\"}]},{\"@type\":\"WebSite\",\"@id\":\"https:\/\/ediagnostic.ro\/en\/#website\",\"url\":\"https:\/\/ediagnostic.ro\/en\/\",\"name\":\"eDiagnostic\",\"description\":\"Centru de telemedicin\u0103 cu expertiz\u0103 \u00een teleradiologie\",\"publisher\":{\"@id\":\"https:\/\/ediagnostic.ro\/en\/#organization\"},\"potentialAction\":[{\"@type\":\"SearchAction\",\"target\":{\"@type\":\"EntryPoint\",\"urlTemplate\":\"https:\/\/ediagnostic.ro\/en\/?s={search_term_string}\"},\"query-input\":{\"@type\":\"PropertyValueSpecification\",\"valueRequired\":true,\"valueName\":\"search_term_string\"}}],\"inLanguage\":\"en-US\"},{\"@type\":\"Organization\",\"@id\":\"https:\/\/ediagnostic.ro\/en\/#organization\",\"name\":\"eDiagnostic\",\"url\":\"https:\/\/ediagnostic.ro\/en\/\",\"logo\":{\"@type\":\"ImageObject\",\"inLanguage\":\"en-US\",\"@id\":\"https:\/\/ediagnostic.ro\/en\/#\/schema\/logo\/image\/\",\"url\":\"https:\/\/ediagnostic.ro\/wp-content\/uploads\/2022\/12\/logo-ediagnostic-fundal-alb_130.png\",\"contentUrl\":\"https:\/\/ediagnostic.ro\/wp-content\/uploads\/2022\/12\/logo-ediagnostic-fundal-alb_130.png\",\"width\":293,\"height\":130,\"caption\":\"eDiagnostic\"},\"image\":{\"@id\":\"https:\/\/ediagnostic.ro\/en\/#\/schema\/logo\/image\/\"}}]}<\/script>\n<!-- \/ Yoast SEO plugin. -->","yoast_head_json":{"title":"Examin\u0103ri Computer Tomografice (CT) - eDiagnostic","robots":{"index":"index","follow":"follow","max-snippet":"max-snippet:-1","max-image-preview":"max-image-preview:large","max-video-preview":"max-video-preview:-1"},"canonical":"https:\/\/ediagnostic.ro\/en\/services\/computer-tomographic-ct-examinations\/","og_locale":"en_US","og_type":"article","og_title":"Examin\u0103ri Computer Tomografice (CT) - eDiagnostic","og_description":"Examin\u0103ri Computer Tomografice (CT) Interpretare la distan\u021b\u0103 Acas\u0103 > Servicii > Examin\u0103ri Computer Tomografice (CT) CT-ul, denumit \u0219i tomografie computerizat\u0103, reprezint\u0103 o metod\u0103 medical\u0103 care folose\u0219te at\u00e2t razele X, c\u00e2t \u0219i un computer pentru a ob\u021bine imagini c\u00e2t mai detaliate din interiorul corpului. In ziua de astazi, in majoritatea centrelor, se folosesc achizi\u021bii helicoidale, volumetrice, [&hellip;]","og_url":"https:\/\/ediagnostic.ro\/en\/services\/computer-tomographic-ct-examinations\/","og_site_name":"eDiagnostic","article_modified_time":"2023-01-12T13:32:10+00:00","og_image":[{"url":"https:\/\/ediagnostic.ro\/wp-content\/uploads\/2022\/12\/examinari-ct.jpg","type":"","width":"","height":""}],"twitter_card":"summary_large_image","twitter_misc":{"Est. reading time":"1 minute"},"schema":{"@context":"https:\/\/schema.org","@graph":[{"@type":"WebPage","@id":"https:\/\/ediagnostic.ro\/en\/services\/computer-tomographic-ct-examinations\/","url":"https:\/\/ediagnostic.ro\/en\/services\/computer-tomographic-ct-examinations\/","name":"Examin\u0103ri Computer Tomografice (CT) - eDiagnostic","isPartOf":{"@id":"https:\/\/ediagnostic.ro\/en\/#website"},"primaryImageOfPage":{"@id":"https:\/\/ediagnostic.ro\/en\/services\/computer-tomographic-ct-examinations\/#primaryimage"},"image":{"@id":"https:\/\/ediagnostic.ro\/en\/services\/computer-tomographic-ct-examinations\/#primaryimage"},"thumbnailUrl":"https:\/\/ediagnostic.ro\/wp-content\/uploads\/2022\/12\/examinari-ct.jpg","datePublished":"2022-12-21T15:40:04+00:00","dateModified":"2023-01-12T13:32:10+00:00","breadcrumb":{"@id":"https:\/\/ediagnostic.ro\/en\/services\/computer-tomographic-ct-examinations\/#breadcrumb"},"inLanguage":"en-US","potentialAction":[{"@type":"ReadAction","target":["https:\/\/ediagnostic.ro\/en\/services\/computer-tomographic-ct-examinations\/"]}]},{"@type":"ImageObject","inLanguage":"en-US","@id":"https:\/\/ediagnostic.ro\/en\/services\/computer-tomographic-ct-examinations\/#primaryimage","url":"https:\/\/ediagnostic.ro\/wp-content\/uploads\/2022\/12\/examinari-ct.jpg","contentUrl":"https:\/\/ediagnostic.ro\/wp-content\/uploads\/2022\/12\/examinari-ct.jpg"},{"@type":"BreadcrumbList","@id":"https:\/\/ediagnostic.ro\/en\/services\/computer-tomographic-ct-examinations\/#breadcrumb","itemListElement":[{"@type":"ListItem","position":1,"name":"Prima pagin\u0103","item":"https:\/\/ediagnostic.ro\/"},{"@type":"ListItem","position":2,"name":"Servicii","item":"https:\/\/ediagnostic.ro\/servicii\/"},{"@type":"ListItem","position":3,"name":"Examin\u0103ri Computer Tomografice (CT)"}]},{"@type":"WebSite","@id":"https:\/\/ediagnostic.ro\/en\/#website","url":"https:\/\/ediagnostic.ro\/en\/","name":"eDiagnostic","description":"Telemedicine center with expertise in teleradiology","publisher":{"@id":"https:\/\/ediagnostic.ro\/en\/#organization"},"potentialAction":[{"@type":"SearchAction","target":{"@type":"EntryPoint","urlTemplate":"https:\/\/ediagnostic.ro\/en\/?s={search_term_string}"},"query-input":{"@type":"PropertyValueSpecification","valueRequired":true,"valueName":"search_term_string"}}],"inLanguage":"en-US"},{"@type":"Organization","@id":"https:\/\/ediagnostic.ro\/en\/#organization","name":"eDiagnostic","url":"https:\/\/ediagnostic.ro\/en\/","logo":{"@type":"ImageObject","inLanguage":"en-US","@id":"https:\/\/ediagnostic.ro\/en\/#\/schema\/logo\/image\/","url":"https:\/\/ediagnostic.ro\/wp-content\/uploads\/2022\/12\/logo-ediagnostic-fundal-alb_130.png","contentUrl":"https:\/\/ediagnostic.ro\/wp-content\/uploads\/2022\/12\/logo-ediagnostic-fundal-alb_130.png","width":293,"height":130,"caption":"eDiagnostic"},"image":{"@id":"https:\/\/ediagnostic.ro\/en\/#\/schema\/logo\/image\/"}}]}},"_links":{"self":[{"href":"https:\/\/ediagnostic.ro\/en\/wp-json\/wp\/v2\/pages\/666","targetHints":{"allow":["GET"]}}],"collection":[{"href":"https:\/\/ediagnostic.ro\/en\/wp-json\/wp\/v2\/pages"}],"about":[{"href":"https:\/\/ediagnostic.ro\/en\/wp-json\/wp\/v2\/types\/page"}],"author":[{"embeddable":true,"href":"https:\/\/ediagnostic.ro\/en\/wp-json\/wp\/v2\/users\/1"}],"replies":[{"embeddable":true,"href":"https:\/\/ediagnostic.ro\/en\/wp-json\/wp\/v2\/comments?post=666"}],"version-history":[{"count":0,"href":"https:\/\/ediagnostic.ro\/en\/wp-json\/wp\/v2\/pages\/666\/revisions"}],"up":[{"embeddable":true,"href":"https:\/\/ediagnostic.ro\/en\/wp-json\/wp\/v2\/pages\/460"}],"wp:attachment":[{"href":"https:\/\/ediagnostic.ro\/en\/wp-json\/wp\/v2\/media?parent=666"}],"curies":[{"name":"wp","href":"https:\/\/api.w.org\/{rel}","templated":true}]}}