{"id":658,"date":"2022-12-21T15:31:34","date_gmt":"2022-12-21T15:31:34","guid":{"rendered":"https:\/\/ediagnostic.ro\/?page_id=658"},"modified":"2023-02-07T08:45:59","modified_gmt":"2023-02-07T08:45:59","slug":"radiographs-x_ray","status":"publish","type":"page","link":"https:\/\/ediagnostic.ro\/en\/services\/radiographs-x_ray\/","title":{"rendered":"Radiographs (X-ray)"},"content":{"rendered":"<div data-elementor-type=\"wp-page\" data-elementor-id=\"658\" class=\"elementor elementor-658\" data-elementor-post-type=\"page\">\n\t\t\t\t<div class=\"elementor-element elementor-element-9f13427 e-flex e-con-boxed e-con e-parent\" data-id=\"9f13427\" data-element_type=\"container\" data-settings=\"{&quot;background_background&quot;:&quot;classic&quot;}\">\n\t\t\t\t\t<div class=\"e-con-inner\">\n\t\t\t\t<div class=\"elementor-element elementor-element-dac8791 elementor-widget__width-inherit elementor-widget elementor-widget-heading\" data-id=\"dac8791\" data-element_type=\"widget\" data-widget_type=\"heading.default\">\n\t\t\t\t<div class=\"elementor-widget-container\">\n\t\t\t\t\t<h1 class=\"elementor-heading-title elementor-size-default\">Radiographs (X-ray)<\/h1>\t\t\t\t<\/div>\n\t\t\t\t<\/div>\n\t\t\t\t<div class=\"elementor-element elementor-element-36a135f elementor-widget elementor-widget-heading\" data-id=\"36a135f\" data-element_type=\"widget\" data-widget_type=\"heading.default\">\n\t\t\t\t<div class=\"elementor-widget-container\">\n\t\t\t\t\t<p class=\"elementor-heading-title elementor-size-default\">Remote interpretation<\/p>\t\t\t\t<\/div>\n\t\t\t\t<\/div>\n\t\t\t\t\t<\/div>\n\t\t\t\t<\/div>\n\t\t<div class=\"elementor-element elementor-element-5102db8 e-flex e-con-boxed e-con e-parent\" data-id=\"5102db8\" data-element_type=\"container\">\n\t\t\t\t\t<div class=\"e-con-inner\">\n\t\t\t\t<div class=\"elementor-element elementor-element-28630d6 elementor-widget elementor-widget-heading\" data-id=\"28630d6\" data-element_type=\"widget\" data-widget_type=\"heading.default\">\n\t\t\t\t<div class=\"elementor-widget-container\">\n\t\t\t\t\t<p class=\"elementor-heading-title elementor-size-default\"><a href=\"https:\/\/ediagnostic.ro\/en\">Home<\/a><\/p>\t\t\t\t<\/div>\n\t\t\t\t<\/div>\n\t\t\t\t<div class=\"elementor-element elementor-element-0fbc7ed elementor-widget elementor-widget-heading\" data-id=\"0fbc7ed\" data-element_type=\"widget\" data-widget_type=\"heading.default\">\n\t\t\t\t<div class=\"elementor-widget-container\">\n\t\t\t\t\t<p class=\"elementor-heading-title elementor-size-default\">&gt;<\/p>\t\t\t\t<\/div>\n\t\t\t\t<\/div>\n\t\t\t\t<div class=\"elementor-element elementor-element-5728d81 elementor-widget elementor-widget-heading\" data-id=\"5728d81\" data-element_type=\"widget\" data-widget_type=\"heading.default\">\n\t\t\t\t<div class=\"elementor-widget-container\">\n\t\t\t\t\t<p class=\"elementor-heading-title elementor-size-default\"><a href=\"\/en\/services\/\">Services<\/a><\/p>\t\t\t\t<\/div>\n\t\t\t\t<\/div>\n\t\t\t\t<div class=\"elementor-element elementor-element-037fd87 elementor-widget elementor-widget-heading\" data-id=\"037fd87\" data-element_type=\"widget\" data-widget_type=\"heading.default\">\n\t\t\t\t<div class=\"elementor-widget-container\">\n\t\t\t\t\t<p class=\"elementor-heading-title elementor-size-default\">&gt;<\/p>\t\t\t\t<\/div>\n\t\t\t\t<\/div>\n\t\t\t\t<div class=\"elementor-element elementor-element-72b8f03 elementor-widget elementor-widget-heading\" data-id=\"72b8f03\" data-element_type=\"widget\" data-widget_type=\"heading.default\">\n\t\t\t\t<div class=\"elementor-widget-container\">\n\t\t\t\t\t<p class=\"elementor-heading-title elementor-size-default\">Radiographs (X-ray)<\/p>\t\t\t\t<\/div>\n\t\t\t\t<\/div>\n\t\t\t\t\t<\/div>\n\t\t\t\t<\/div>\n\t\t<div class=\"elementor-element elementor-element-ba89ee2 e-flex e-con-boxed e-con e-parent\" data-id=\"ba89ee2\" data-element_type=\"container\">\n\t\t\t\t\t<div class=\"e-con-inner\">\n\t\t\t\t<div class=\"elementor-element elementor-element-8ff9c1d elementor-widget elementor-widget-text-editor\" data-id=\"8ff9c1d\" data-element_type=\"widget\" data-widget_type=\"text-editor.default\">\n\t\t\t\t<div class=\"elementor-widget-container\">\n\t\t\t\t\t\t\t\t\t<p>Radiography is a medical technique that uses X-rays or ionising radiation to visualise the internal shape of the human body, especially the lungs and bones.<\/p><p>This technique is safe, non-invasive for the patient and is one of the most widely used radiological imaging methods. The procedure is very simple to perform and consists of X-rays passing through the patient\u2019s body and being absorbed, depending on the area, in different amounts. As a result, dense materials such as bones in the human body will appear in white colours, while gas will be black and muscle or fat will appear in various shades of grey.<\/p>\t\t\t\t\t\t\t\t<\/div>\n\t\t\t\t<\/div>\n\t\t\t\t<div class=\"elementor-element elementor-element-dfc81d0 elementor-widget elementor-widget-image\" data-id=\"dfc81d0\" data-element_type=\"widget\" data-widget_type=\"image.default\">\n\t\t\t\t<div class=\"elementor-widget-container\">\n\t\t\t\t\t\t\t\t\t\t\t\t\t\t\t<img fetchpriority=\"high\" decoding=\"async\" width=\"1600\" height=\"717\" src=\"https:\/\/ediagnostic.ro\/wp-content\/uploads\/2023\/01\/radiografie_plamani-jpg.webp\" class=\"attachment-full size-full wp-image-846 not-transparent\" alt=\"\" srcset=\"https:\/\/ediagnostic.ro\/wp-content\/uploads\/2023\/01\/radiografie_plamani-jpg.webp 1600w, https:\/\/ediagnostic.ro\/wp-content\/uploads\/2023\/01\/radiografie_plamani-300x134.webp 300w, https:\/\/ediagnostic.ro\/wp-content\/uploads\/2023\/01\/radiografie_plamani-1024x459.webp 1024w, https:\/\/ediagnostic.ro\/wp-content\/uploads\/2023\/01\/radiografie_plamani-768x344.webp 768w, https:\/\/ediagnostic.ro\/wp-content\/uploads\/2023\/01\/radiografie_plamani-1536x688.webp 1536w, https:\/\/ediagnostic.ro\/wp-content\/uploads\/2023\/01\/radiografie_plamani-18x8.webp 18w\" sizes=\"(max-width: 1600px) 100vw, 1600px\" data-has-transparency=\"false\" data-dominant-color=\"969fa7\" style=\"--dominant-color: #969fa7\" \/>\t\t\t\t\t\t\t\t\t\t\t\t\t\t\t<\/div>\n\t\t\t\t<\/div>\n\t\t\t\t<div class=\"elementor-element elementor-element-b51f524 elementor-widget elementor-widget-text-editor\" data-id=\"b51f524\" data-element_type=\"widget\" data-widget_type=\"text-editor.default\">\n\t\t\t\t<div class=\"elementor-widget-container\">\n\t\t\t\t\t\t\t\t\t<p>The purposes of X-rays are to detect conditions such as:<\/p><ul><li>Bone fractures;<\/li><li>Tumours;<\/li><li>Abnormal masses in the body;<\/li><li>Pneumonia;<\/li><li>Focal lung lesions;<\/li><li>Calcifications;<\/li><li>Foreign objects;<\/li><li>Dental disease.<\/li><\/ul><p>The duration of an X-ray is generally 5-10 minutes, but this procedure can be extended to 30-40 minutes in dynamic\/radioscopic techniques.<\/p><p>The most commonly used types of radiographs are:<\/p><ul><li>Cranial X-ray;<\/li><li>Joint radiography;<\/li><li>Radiography of the hands;<\/li><li>Radiography of the neck;<\/li><li>X-rays of the kidneys, urethra and bladder;<\/li><li>Abdominal X-ray;<\/li><li>Chest (lung) X-ray.<\/li><\/ul>\t\t\t\t\t\t\t\t<\/div>\n\t\t\t\t<\/div>\n\t\t\t\t\t<\/div>\n\t\t\t\t<\/div>\n\t\t\t\t<\/div>","protected":false},"excerpt":{"rendered":"<p>Radiografii (RX) Interpretare la distan\u021b\u0103 Acas\u0103 > Servicii > Radiografii (RX) Radiografia este o tehnic\u0103 medical\u0103 care utilizeaz\u0103 raze X sau radiatii ionizante pentru a vizualiza forma intern\u0103 a corpului uman, \u00een special a plamanilor si oaselor. Aceast\u0103 tehnic\u0103 este sigur\u0103, non-invaziv\u0103 pentru pacient \u0219i este una dintre cele mai folosite metode de imagistic\u0103 radiologic\u0103. [&hellip;]<\/p>","protected":false},"author":1,"featured_media":0,"parent":460,"menu_order":0,"comment_status":"closed","ping_status":"closed","template":"","meta":{"footnotes":""},"class_list":["post-658","page","type-page","status-publish","hentry"],"yoast_head":"<!-- This site is optimized with the Yoast SEO plugin v26.6 - https:\/\/yoast.com\/wordpress\/plugins\/seo\/ -->\n<title>Radiografii (RX) - eDiagnostic<\/title>\n<meta name=\"robots\" content=\"index, follow, max-snippet:-1, max-image-preview:large, max-video-preview:-1\" \/>\n<link rel=\"canonical\" href=\"https:\/\/ediagnostic.ro\/en\/services\/radiographs-x_ray\/\" \/>\n<meta property=\"og:locale\" content=\"en_US\" \/>\n<meta property=\"og:type\" content=\"article\" \/>\n<meta property=\"og:title\" content=\"Radiografii (RX) - eDiagnostic\" \/>\n<meta property=\"og:description\" content=\"Radiografii (RX) Interpretare la distan\u021b\u0103 Acas\u0103 &gt; Servicii &gt; Radiografii (RX) Radiografia este o tehnic\u0103 medical\u0103 care utilizeaz\u0103 raze X sau radiatii ionizante pentru a vizualiza forma intern\u0103 a corpului uman, \u00een special a plamanilor si oaselor. Aceast\u0103 tehnic\u0103 este sigur\u0103, non-invaziv\u0103 pentru pacient \u0219i este una dintre cele mai folosite metode de imagistic\u0103 radiologic\u0103. [&hellip;]\" \/>\n<meta property=\"og:url\" content=\"https:\/\/ediagnostic.ro\/en\/services\/radiographs-x_ray\/\" \/>\n<meta property=\"og:site_name\" content=\"eDiagnostic\" \/>\n<meta property=\"article:modified_time\" content=\"2023-02-07T08:45:59+00:00\" \/>\n<meta property=\"og:image\" content=\"https:\/\/ediagnostic.ro\/wp-content\/uploads\/2023\/01\/radiografie_plamani-jpg.webp\" \/>\n<meta name=\"twitter:card\" content=\"summary_large_image\" \/>\n<meta name=\"twitter:label1\" content=\"Est. reading time\" \/>\n\t<meta name=\"twitter:data1\" content=\"1 minute\" \/>\n<script type=\"application\/ld+json\" class=\"yoast-schema-graph\">{\"@context\":\"https:\/\/schema.org\",\"@graph\":[{\"@type\":\"WebPage\",\"@id\":\"https:\/\/ediagnostic.ro\/servicii\/radiografii-rx\/\",\"url\":\"https:\/\/ediagnostic.ro\/servicii\/radiografii-rx\/\",\"name\":\"Radiografii (RX) - eDiagnostic\",\"isPartOf\":{\"@id\":\"https:\/\/ediagnostic.ro\/en\/#website\"},\"primaryImageOfPage\":{\"@id\":\"https:\/\/ediagnostic.ro\/servicii\/radiografii-rx\/#primaryimage\"},\"image\":{\"@id\":\"https:\/\/ediagnostic.ro\/servicii\/radiografii-rx\/#primaryimage\"},\"thumbnailUrl\":\"https:\/\/ediagnostic.ro\/wp-content\/uploads\/2023\/01\/radiografie_plamani-jpg.webp\",\"datePublished\":\"2022-12-21T15:31:34+00:00\",\"dateModified\":\"2023-02-07T08:45:59+00:00\",\"breadcrumb\":{\"@id\":\"https:\/\/ediagnostic.ro\/servicii\/radiografii-rx\/#breadcrumb\"},\"inLanguage\":\"en-US\",\"potentialAction\":[{\"@type\":\"ReadAction\",\"target\":[\"https:\/\/ediagnostic.ro\/servicii\/radiografii-rx\/\"]}]},{\"@type\":\"ImageObject\",\"inLanguage\":\"en-US\",\"@id\":\"https:\/\/ediagnostic.ro\/servicii\/radiografii-rx\/#primaryimage\",\"url\":\"https:\/\/ediagnostic.ro\/wp-content\/uploads\/2023\/01\/radiografie_plamani-jpg.webp\",\"contentUrl\":\"https:\/\/ediagnostic.ro\/wp-content\/uploads\/2023\/01\/radiografie_plamani-jpg.webp\"},{\"@type\":\"BreadcrumbList\",\"@id\":\"https:\/\/ediagnostic.ro\/servicii\/radiografii-rx\/#breadcrumb\",\"itemListElement\":[{\"@type\":\"ListItem\",\"position\":1,\"name\":\"Prima pagin\u0103\",\"item\":\"https:\/\/ediagnostic.ro\/\"},{\"@type\":\"ListItem\",\"position\":2,\"name\":\"Servicii\",\"item\":\"https:\/\/ediagnostic.ro\/servicii\/\"},{\"@type\":\"ListItem\",\"position\":3,\"name\":\"Radiografii (RX)\"}]},{\"@type\":\"WebSite\",\"@id\":\"https:\/\/ediagnostic.ro\/en\/#website\",\"url\":\"https:\/\/ediagnostic.ro\/en\/\",\"name\":\"eDiagnostic\",\"description\":\"Centru de telemedicin\u0103 cu expertiz\u0103 \u00een teleradiologie\",\"publisher\":{\"@id\":\"https:\/\/ediagnostic.ro\/en\/#organization\"},\"potentialAction\":[{\"@type\":\"SearchAction\",\"target\":{\"@type\":\"EntryPoint\",\"urlTemplate\":\"https:\/\/ediagnostic.ro\/en\/?s={search_term_string}\"},\"query-input\":{\"@type\":\"PropertyValueSpecification\",\"valueRequired\":true,\"valueName\":\"search_term_string\"}}],\"inLanguage\":\"en-US\"},{\"@type\":\"Organization\",\"@id\":\"https:\/\/ediagnostic.ro\/en\/#organization\",\"name\":\"eDiagnostic\",\"url\":\"https:\/\/ediagnostic.ro\/en\/\",\"logo\":{\"@type\":\"ImageObject\",\"inLanguage\":\"en-US\",\"@id\":\"https:\/\/ediagnostic.ro\/en\/#\/schema\/logo\/image\/\",\"url\":\"https:\/\/ediagnostic.ro\/wp-content\/uploads\/2022\/12\/logo-ediagnostic-fundal-alb_130.png\",\"contentUrl\":\"https:\/\/ediagnostic.ro\/wp-content\/uploads\/2022\/12\/logo-ediagnostic-fundal-alb_130.png\",\"width\":293,\"height\":130,\"caption\":\"eDiagnostic\"},\"image\":{\"@id\":\"https:\/\/ediagnostic.ro\/en\/#\/schema\/logo\/image\/\"}}]}<\/script>\n<!-- \/ Yoast SEO plugin. -->","yoast_head_json":{"title":"Radiografii (RX) - eDiagnostic","robots":{"index":"index","follow":"follow","max-snippet":"max-snippet:-1","max-image-preview":"max-image-preview:large","max-video-preview":"max-video-preview:-1"},"canonical":"https:\/\/ediagnostic.ro\/en\/services\/radiographs-x_ray\/","og_locale":"en_US","og_type":"article","og_title":"Radiografii (RX) - eDiagnostic","og_description":"Radiografii (RX) Interpretare la distan\u021b\u0103 Acas\u0103 > Servicii > Radiografii (RX) Radiografia este o tehnic\u0103 medical\u0103 care utilizeaz\u0103 raze X sau radiatii ionizante pentru a vizualiza forma intern\u0103 a corpului uman, \u00een special a plamanilor si oaselor. Aceast\u0103 tehnic\u0103 este sigur\u0103, non-invaziv\u0103 pentru pacient \u0219i este una dintre cele mai folosite metode de imagistic\u0103 radiologic\u0103. [&hellip;]","og_url":"https:\/\/ediagnostic.ro\/en\/services\/radiographs-x_ray\/","og_site_name":"eDiagnostic","article_modified_time":"2023-02-07T08:45:59+00:00","og_image":[{"url":"https:\/\/ediagnostic.ro\/wp-content\/uploads\/2023\/01\/radiografie_plamani-jpg.webp","type":"","width":"","height":""}],"twitter_card":"summary_large_image","twitter_misc":{"Est. reading time":"1 minute"},"schema":{"@context":"https:\/\/schema.org","@graph":[{"@type":"WebPage","@id":"https:\/\/ediagnostic.ro\/servicii\/radiografii-rx\/","url":"https:\/\/ediagnostic.ro\/servicii\/radiografii-rx\/","name":"Radiografii (RX) - eDiagnostic","isPartOf":{"@id":"https:\/\/ediagnostic.ro\/en\/#website"},"primaryImageOfPage":{"@id":"https:\/\/ediagnostic.ro\/servicii\/radiografii-rx\/#primaryimage"},"image":{"@id":"https:\/\/ediagnostic.ro\/servicii\/radiografii-rx\/#primaryimage"},"thumbnailUrl":"https:\/\/ediagnostic.ro\/wp-content\/uploads\/2023\/01\/radiografie_plamani-jpg.webp","datePublished":"2022-12-21T15:31:34+00:00","dateModified":"2023-02-07T08:45:59+00:00","breadcrumb":{"@id":"https:\/\/ediagnostic.ro\/servicii\/radiografii-rx\/#breadcrumb"},"inLanguage":"en-US","potentialAction":[{"@type":"ReadAction","target":["https:\/\/ediagnostic.ro\/servicii\/radiografii-rx\/"]}]},{"@type":"ImageObject","inLanguage":"en-US","@id":"https:\/\/ediagnostic.ro\/servicii\/radiografii-rx\/#primaryimage","url":"https:\/\/ediagnostic.ro\/wp-content\/uploads\/2023\/01\/radiografie_plamani-jpg.webp","contentUrl":"https:\/\/ediagnostic.ro\/wp-content\/uploads\/2023\/01\/radiografie_plamani-jpg.webp"},{"@type":"BreadcrumbList","@id":"https:\/\/ediagnostic.ro\/servicii\/radiografii-rx\/#breadcrumb","itemListElement":[{"@type":"ListItem","position":1,"name":"Prima pagin\u0103","item":"https:\/\/ediagnostic.ro\/"},{"@type":"ListItem","position":2,"name":"Servicii","item":"https:\/\/ediagnostic.ro\/servicii\/"},{"@type":"ListItem","position":3,"name":"Radiografii (RX)"}]},{"@type":"WebSite","@id":"https:\/\/ediagnostic.ro\/en\/#website","url":"https:\/\/ediagnostic.ro\/en\/","name":"eDiagnostic","description":"Telemedicine center with expertise in teleradiology","publisher":{"@id":"https:\/\/ediagnostic.ro\/en\/#organization"},"potentialAction":[{"@type":"SearchAction","target":{"@type":"EntryPoint","urlTemplate":"https:\/\/ediagnostic.ro\/en\/?s={search_term_string}"},"query-input":{"@type":"PropertyValueSpecification","valueRequired":true,"valueName":"search_term_string"}}],"inLanguage":"en-US"},{"@type":"Organization","@id":"https:\/\/ediagnostic.ro\/en\/#organization","name":"eDiagnostic","url":"https:\/\/ediagnostic.ro\/en\/","logo":{"@type":"ImageObject","inLanguage":"en-US","@id":"https:\/\/ediagnostic.ro\/en\/#\/schema\/logo\/image\/","url":"https:\/\/ediagnostic.ro\/wp-content\/uploads\/2022\/12\/logo-ediagnostic-fundal-alb_130.png","contentUrl":"https:\/\/ediagnostic.ro\/wp-content\/uploads\/2022\/12\/logo-ediagnostic-fundal-alb_130.png","width":293,"height":130,"caption":"eDiagnostic"},"image":{"@id":"https:\/\/ediagnostic.ro\/en\/#\/schema\/logo\/image\/"}}]}},"_links":{"self":[{"href":"https:\/\/ediagnostic.ro\/en\/wp-json\/wp\/v2\/pages\/658","targetHints":{"allow":["GET"]}}],"collection":[{"href":"https:\/\/ediagnostic.ro\/en\/wp-json\/wp\/v2\/pages"}],"about":[{"href":"https:\/\/ediagnostic.ro\/en\/wp-json\/wp\/v2\/types\/page"}],"author":[{"embeddable":true,"href":"https:\/\/ediagnostic.ro\/en\/wp-json\/wp\/v2\/users\/1"}],"replies":[{"embeddable":true,"href":"https:\/\/ediagnostic.ro\/en\/wp-json\/wp\/v2\/comments?post=658"}],"version-history":[{"count":0,"href":"https:\/\/ediagnostic.ro\/en\/wp-json\/wp\/v2\/pages\/658\/revisions"}],"up":[{"embeddable":true,"href":"https:\/\/ediagnostic.ro\/en\/wp-json\/wp\/v2\/pages\/460"}],"wp:attachment":[{"href":"https:\/\/ediagnostic.ro\/en\/wp-json\/wp\/v2\/media?parent=658"}],"curies":[{"name":"wp","href":"https:\/\/api.w.org\/{rel}","templated":true}]}}