{"id":532,"date":"2022-12-21T12:01:00","date_gmt":"2022-12-21T12:01:00","guid":{"rendered":"https:\/\/ediagnostic.ro\/?page_id=532"},"modified":"2022-12-21T16:05:03","modified_gmt":"2022-12-21T16:05:03","slug":"cookie-policy","status":"publish","type":"page","link":"https:\/\/ediagnostic.ro\/en\/cookie-policy\/","title":{"rendered":"Cookies policy"},"content":{"rendered":"<div data-elementor-type=\"wp-page\" data-elementor-id=\"532\" class=\"elementor elementor-532\" data-elementor-post-type=\"page\">\n\t\t\t\t<div class=\"elementor-element elementor-element-38da34a e-flex e-con-boxed e-con e-parent\" data-id=\"38da34a\" data-element_type=\"container\" data-settings=\"{&quot;background_background&quot;:&quot;classic&quot;}\">\n\t\t\t\t\t<div class=\"e-con-inner\">\n\t\t\t\t<div class=\"elementor-element elementor-element-7ee2302 elementor-widget__width-inherit elementor-widget elementor-widget-heading\" data-id=\"7ee2302\" data-element_type=\"widget\" data-widget_type=\"heading.default\">\n\t\t\t\t<div class=\"elementor-widget-container\">\n\t\t\t\t\t<h1 class=\"elementor-heading-title elementor-size-default\">Cookies policy<\/h1>\t\t\t\t<\/div>\n\t\t\t\t<\/div>\n\t\t\t\t\t<\/div>\n\t\t\t\t<\/div>\n\t\t<div class=\"elementor-element elementor-element-2f2c8cf e-flex e-con-boxed e-con e-parent\" data-id=\"2f2c8cf\" data-element_type=\"container\">\n\t\t\t\t\t<div class=\"e-con-inner\">\n\t\t\t\t<div class=\"elementor-element elementor-element-b934c41 elementor-widget elementor-widget-heading\" data-id=\"b934c41\" data-element_type=\"widget\" data-widget_type=\"heading.default\">\n\t\t\t\t<div class=\"elementor-widget-container\">\n\t\t\t\t\t<p class=\"elementor-heading-title elementor-size-default\"><a href=\"https:\/\/ediagnostic.ro\/en\">Home<\/a><\/p>\t\t\t\t<\/div>\n\t\t\t\t<\/div>\n\t\t\t\t<div class=\"elementor-element elementor-element-3dc32b5 elementor-widget elementor-widget-heading\" data-id=\"3dc32b5\" data-element_type=\"widget\" data-widget_type=\"heading.default\">\n\t\t\t\t<div class=\"elementor-widget-container\">\n\t\t\t\t\t<p class=\"elementor-heading-title elementor-size-default\">&gt;<\/p>\t\t\t\t<\/div>\n\t\t\t\t<\/div>\n\t\t\t\t<div class=\"elementor-element elementor-element-11e1732 elementor-widget elementor-widget-heading\" data-id=\"11e1732\" data-element_type=\"widget\" data-widget_type=\"heading.default\">\n\t\t\t\t<div class=\"elementor-widget-container\">\n\t\t\t\t\t<p class=\"elementor-heading-title elementor-size-default\">Cookies policy<\/p>\t\t\t\t<\/div>\n\t\t\t\t<\/div>\n\t\t\t\t\t<\/div>\n\t\t\t\t<\/div>\n\t\t<div class=\"elementor-element elementor-element-4d26ccb0 e-flex e-con-boxed e-con e-parent\" data-id=\"4d26ccb0\" data-element_type=\"container\" data-settings=\"{&quot;background_background&quot;:&quot;classic&quot;}\">\n\t\t\t\t\t<div class=\"e-con-inner\">\n\t\t\t\t<div class=\"elementor-element elementor-element-3f0d699c elementor-widget elementor-widget-heading\" data-id=\"3f0d699c\" data-element_type=\"widget\" data-widget_type=\"heading.default\">\n\t\t\t\t<div class=\"elementor-widget-container\">\n\t\t\t\t\t<h4 class=\"elementor-heading-title elementor-size-default\">1. Introduction<\/h4>\t\t\t\t<\/div>\n\t\t\t\t<\/div>\n\t\t\t\t<div class=\"elementor-element elementor-element-21b95903 elementor-widget elementor-widget-text-editor\" data-id=\"21b95903\" data-element_type=\"widget\" data-widget_type=\"text-editor.default\">\n\t\t\t\t<div class=\"elementor-widget-container\">\n\t\t\t\t\t\t\t\t\t<p><strong>This Cookie Policy applies to all users of the website https:\/\/ediagnostic.ro\/<\/strong>. The information presented below is intended to inform the users of this website about the placement, use and management of cookies by Ediagnostic Healthcare SRL in the context of users' navigation on this website.<\/p>\t\t\t\t\t\t\t\t<\/div>\n\t\t\t\t<\/div>\n\t\t\t\t<div class=\"elementor-element elementor-element-5ab69b1b elementor-widget elementor-widget-heading\" data-id=\"5ab69b1b\" data-element_type=\"widget\" data-widget_type=\"heading.default\">\n\t\t\t\t<div class=\"elementor-widget-container\">\n\t\t\t\t\t<h4 class=\"elementor-heading-title elementor-size-default\">2. What are cookies?<\/h4>\t\t\t\t<\/div>\n\t\t\t\t<\/div>\n\t\t\t\t<div class=\"elementor-element elementor-element-1adc9018 elementor-widget elementor-widget-text-editor\" data-id=\"1adc9018\" data-element_type=\"widget\" data-widget_type=\"text-editor.default\">\n\t\t\t\t<div class=\"elementor-widget-container\">\n\t\t\t\t\t\t\t\t\t<p><strong>We use the term \"cookies\" to refer to cookies and similar technologies through which information can be collected automatically.<\/strong><\/p><p>An \"Internet Cookie\" (term also known as \"browser cookie\" or \"HTTP cookie\" or \"cookie\") is a small file, consisting of letters and numbers, which will be stored on the computer, mobile terminal or other equipment of a user through which the Internet is accessed.<\/p><p>Cookies are installed by the request issued by a web server to a browser (eg: Internet Explorer, Firefox, Chrome). Once installed, cookies have a fixed lifetime, remaining \"passive\", in the sense that they do not contain software, viruses or spyware and will not access information on the hard drive of the user on whose equipment they were installed.<\/p><p>A cookie consists of two parts: the name of the cookie and the content or value of the cookie.<\/p><p>From a technical point of view, only the web server that sent the cookie can access it again when a user returns to the web page associated with that web server.<\/p>\t\t\t\t\t\t\t\t<\/div>\n\t\t\t\t<\/div>\n\t\t\t\t<div class=\"elementor-element elementor-element-16dbe3c2 elementor-widget elementor-widget-heading\" data-id=\"16dbe3c2\" data-element_type=\"widget\" data-widget_type=\"heading.default\">\n\t\t\t\t<div class=\"elementor-widget-container\">\n\t\t\t\t\t<h4 class=\"elementor-heading-title elementor-size-default\">3. For what purposes are cookies used through this website:<\/h4>\t\t\t\t<\/div>\n\t\t\t\t<\/div>\n\t\t\t\t<div class=\"elementor-element elementor-element-78460dd elementor-widget elementor-widget-text-editor\" data-id=\"78460dd\" data-element_type=\"widget\" data-widget_type=\"text-editor.default\">\n\t\t\t\t<div class=\"elementor-widget-container\">\n\t\t\t\t\t\t\t\t\t<p>Cookies are used to provide users of this website with a better browsing experience and services adapted to the needs and interests of each individual user, namely for:<br \/>\u2013 improving the use of this website, including by identifying any errors that occur while visiting\/using it by users;<br \/>\u2013 providing anonymous statistics on how this website is used to eDiagnostic Romania, as the owner of this website;<br \/>- the anticipation of possible goods that will be made available to users through this website in the future, depending on the services \/ products accessed.<\/p><p><strong>Based on the feedback sent through cookies in relation to how this website is used, eDiagnostic Romania can adopt measures to make this website more efficient and accessible for users.<\/strong><\/p><p>Thus, the use of cookies allows the memorization of certain settings\/preferences established by the users of this website.<\/p>\t\t\t\t\t\t\t\t<\/div>\n\t\t\t\t<\/div>\n\t\t\t\t<div class=\"elementor-element elementor-element-5cbc1c43 elementor-widget elementor-widget-heading\" data-id=\"5cbc1c43\" data-element_type=\"widget\" data-widget_type=\"heading.default\">\n\t\t\t\t<div class=\"elementor-widget-container\">\n\t\t\t\t\t<h4 class=\"elementor-heading-title elementor-size-default\">4. What is the lifetime of cookies?<\/h4>\t\t\t\t<\/div>\n\t\t\t\t<\/div>\n\t\t\t\t<div class=\"elementor-element elementor-element-655b3fa5 elementor-widget elementor-widget-text-editor\" data-id=\"655b3fa5\" data-element_type=\"widget\" data-widget_type=\"text-editor.default\">\n\t\t\t\t<div class=\"elementor-widget-container\">\n\t\t\t\t\t\t\t\t\t<p>The lifetime of cookies can vary significantly, depending on the purpose for which it is placed.<\/p><p><strong>There are the following categories of cookies that also determine their lifetime:<\/strong><\/p><p style=\"padding-left: 40px;\"><em>Session cookies<\/em> \u2013 A \"session cookie\" is a cookie that is automatically deleted when the user closes their browser.<\/p><p style=\"padding-left: 40px;\"><em>Persistent or fixed cookies<\/em> \u2013 A \"persistent\" or \"fixed\" cookie is a cookie that remains stored on the user's terminal until it reaches a certain expiration date (which may be minutes, days or years in the future) or until it is deleted by the user at any time via your browser settings.<\/p>\t\t\t\t\t\t\t\t<\/div>\n\t\t\t\t<\/div>\n\t\t\t\t<div class=\"elementor-element elementor-element-3d0949e1 elementor-widget elementor-widget-heading\" data-id=\"3d0949e1\" data-element_type=\"widget\" data-widget_type=\"heading.default\">\n\t\t\t\t<div class=\"elementor-widget-container\">\n\t\t\t\t\t<h4 class=\"elementor-heading-title elementor-size-default\">5. What are cookies placed by third parties?<\/h4>\t\t\t\t<\/div>\n\t\t\t\t<\/div>\n\t\t\t\t<div class=\"elementor-element elementor-element-4d682d40 elementor-widget elementor-widget-text-editor\" data-id=\"4d682d40\" data-element_type=\"widget\" data-widget_type=\"text-editor.default\">\n\t\t\t\t<div class=\"elementor-widget-container\">\n\t\t\t\t\t\t\t\t\t<p>Certain sections of content on the website may be provided by third parties, i.e. not by eDiagnostic Romania, in which case these cookies are called cookies placed by third parties (\"third party cookies\").<\/p><p>Third-party providers of cookies must also comply with the data protection rules and the Privacy Policy available on this website.<\/p><p>These cookies may come from the following third parties: Google Analytics, Facebook.<\/p>\t\t\t\t\t\t\t\t<\/div>\n\t\t\t\t<\/div>\n\t\t\t\t<div class=\"elementor-element elementor-element-10fe0d56 elementor-widget elementor-widget-heading\" data-id=\"10fe0d56\" data-element_type=\"widget\" data-widget_type=\"heading.default\">\n\t\t\t\t<div class=\"elementor-widget-container\">\n\t\t\t\t\t<h4 class=\"elementor-heading-title elementor-size-default\">6. Which cookies are used through this website:<\/h4>\t\t\t\t<\/div>\n\t\t\t\t<\/div>\n\t\t\t\t<div class=\"elementor-element elementor-element-5c9cdac5 elementor-widget elementor-widget-text-editor\" data-id=\"5c9cdac5\" data-element_type=\"widget\" data-widget_type=\"text-editor.default\">\n\t\t\t\t<div class=\"elementor-widget-container\">\n\t\t\t\t\t\t\t\t\t<p>By using\/visiting the website, the following cookies can be placed:<\/p><p>a. Website performance cookies;<br \/>b. User analysis cookies;<br \/>c. Cookies for geotargetting;<br \/>d. Registration cookies;<br \/>e. Cookies for advertising;<br \/>f. Cookies of advertising providers;<\/p><p><em>a. Performance Cookies<\/em><\/p><p>With this type of cookies, the preferences of the user of this website are stored, so that setting the preferences again in the case of a subsequent visit to the website is no longer necessary.<\/p><p><em>b. User analysis cookies<\/em><\/p><p>These cookies inform us if a particular website user has visited\/used this website before. These cookies are used for statistical purposes only.<\/p><p><em>c. Cookies for geotargetting<\/em><\/p><p>These cookies are used by a software that determines the country of origin of the user of the internet page. You will receive the same ads regardless of the selected language.<\/p><p><em>d. Cookies for registration<\/em><\/p><p>When you register on this site, cookies are generated that remember this action. The servers use these cookies to show us the account you are registered with. Also, the use of these cookies allows us to associate any comment posted on the website with the username of the account used. If the \"keep me registered\" option has not been selected, these cookies will be automatically deleted when the browsing session ends.<\/p><p><em>e. Cookies for advertising<\/em><\/p><p>These cookies make it possible to find out whether a user viewed an online advertisement, its type and the time elapsed since viewing the respective advertising message. As such, such cookies are used for online advertising targeting. These cookies are anonymous, storing information about the content viewed, not about the users.<\/p>\t\t\t\t\t\t\t\t<\/div>\n\t\t\t\t<\/div>\n\t\t\t\t<div class=\"elementor-element elementor-element-2c0e81dc elementor-widget elementor-widget-heading\" data-id=\"2c0e81dc\" data-element_type=\"widget\" data-widget_type=\"heading.default\">\n\t\t\t\t<div class=\"elementor-widget-container\">\n\t\t\t\t\t<h4 class=\"elementor-heading-title elementor-size-default\">7. What type of information is stored and accessed through cookies?<\/h4>\t\t\t\t<\/div>\n\t\t\t\t<\/div>\n\t\t\t\t<div class=\"elementor-element elementor-element-4a71847c elementor-widget elementor-widget-text-editor\" data-id=\"4a71847c\" data-element_type=\"widget\" data-widget_type=\"text-editor.default\">\n\t\t\t\t<div class=\"elementor-widget-container\">\n\t\t\t\t\t\t\t\t\t<p>Cookies store information in a small text file that allows the browser to be recognized. This website recognizes the browser until the cookies expire or are deleted.<\/p>\t\t\t\t\t\t\t\t<\/div>\n\t\t\t\t<\/div>\n\t\t\t\t<div class=\"elementor-element elementor-element-134ee3b0 elementor-widget elementor-widget-heading\" data-id=\"134ee3b0\" data-element_type=\"widget\" data-widget_type=\"heading.default\">\n\t\t\t\t<div class=\"elementor-widget-container\">\n\t\t\t\t\t<h4 class=\"elementor-heading-title elementor-size-default\">8. Customizing browser settings regarding cookies<\/h4>\t\t\t\t<\/div>\n\t\t\t\t<\/div>\n\t\t\t\t<div class=\"elementor-element elementor-element-57dcb100 elementor-widget elementor-widget-text-editor\" data-id=\"57dcb100\" data-element_type=\"widget\" data-widget_type=\"text-editor.default\">\n\t\t\t\t<div class=\"elementor-widget-container\">\n\t\t\t\t\t\t\t\t\t<p>If the use of cookies is not bothersome and the computer or technical equipment used to browse this website is used only by you, long expiration periods can be set for storing the browsing history.<\/p><p>If the computer or technical equipment used to browse this website is used by several people, the setting to delete individual browsing data each time the browser is closed can be considered.<\/p>\t\t\t\t\t\t\t\t<\/div>\n\t\t\t\t<\/div>\n\t\t\t\t<div class=\"elementor-element elementor-element-1d29ab8b elementor-widget elementor-widget-heading\" data-id=\"1d29ab8b\" data-element_type=\"widget\" data-widget_type=\"heading.default\">\n\t\t\t\t<div class=\"elementor-widget-container\">\n\t\t\t\t\t<h4 class=\"elementor-heading-title elementor-size-default\">9. How can cookies be turned off?<\/h4>\t\t\t\t<\/div>\n\t\t\t\t<\/div>\n\t\t\t\t<div class=\"elementor-element elementor-element-1933b23d elementor-widget elementor-widget-text-editor\" data-id=\"1933b23d\" data-element_type=\"widget\" data-widget_type=\"text-editor.default\">\n\t\t\t\t<div class=\"elementor-widget-container\">\n\t\t\t\t\t\t\t\t\t<p>Disabling and refusing to receive cookies can make this website difficult to visit, leading to limitations in its usability.<\/p><p>Users can configure their browser to reject cookies or to accept cookies from a specific web page.<br \/>All modern browsers offer the possibility to change cookie settings. These settings can usually be accessed in the \"options\" section or in the \"preferences\" menu of your browser.<br \/>However, refusing or deactivating cookies does not mean that you will no longer receive online advertising - only that it will not be adapted to your preferences and interests, highlighted by your browsing behavior.<\/p><p>To understand these settings, the following links may be useful:<\/p><p><a href=\"https:\/\/support.microsoft.com\/ro-ro\/windows\/%C8%99tergerea-%C8%99i-gestionarea-modulelor-cookie-168dab11-0753-043d-7c16-ede5947fc64d\" target=\"_blank\" rel=\"noopener\">Cookie settings in Internet Explorer<\/a><br \/><a href=\"https:\/\/support.mozilla.org\/ro\/kb\/activarea-si-dezactivarea-cookie-urilor\" target=\"_blank\" rel=\"noopener\">Cookie settings in Firefox<\/a><br \/><a href=\"https:\/\/support.google.com\/chrome\/answer\/95647?hl=ro&amp;co=GENIE.Platform%3DDesktop\" target=\"_blank\" rel=\"noopener\">Cookie settings in Chrome<\/a><br \/><a href=\"https:\/\/support.apple.com\/ro-ro\/guide\/safari\/sfri11471\/mac\" target=\"_blank\" rel=\"noopener\">Cookie settings in Safari<\/a><\/p><p>For any additional questions regarding how cookies are used through this website, please contact: Ediagnostic Healthcare SRL, CIF\/CNP: 46093032, Address: str. Teiului nr 12, Sendreni, Gala\u021bi, email: office@ediagnostic.ro.<\/p>\t\t\t\t\t\t\t\t<\/div>\n\t\t\t\t<\/div>\n\t\t\t\t\t<\/div>\n\t\t\t\t<\/div>\n\t\t\t\t<\/div>","protected":false},"excerpt":{"rendered":"<p>Politica cookies Acas\u0103 > Politica cookies 1. Introducere Prezenta Politic\u0103 privind fi\u0219ierele cookies se aplic\u0103 tuturor utilizatorilor paginii de internet https:\/\/ediagnostic.ro\/. Informa\u021biile prezentate \u00een continuare au ca scop informarea utilizatorilor acestei pagini de internet cu privire la plasarea, utilizarea \u0219i administrarea cookie-urilor de c\u0103tre Ediagnostic Healthcare SRL \u00een contextul navig\u0103rii utilizatorilor pe aceast\u0103 pagin\u0103 de [&hellip;]<\/p>","protected":false},"author":1,"featured_media":0,"parent":0,"menu_order":0,"comment_status":"closed","ping_status":"closed","template":"","meta":{"footnotes":""},"class_list":["post-532","page","type-page","status-publish","hentry"],"yoast_head":"<!-- This site is optimized with the Yoast SEO plugin v26.6 - https:\/\/yoast.com\/wordpress\/plugins\/seo\/ -->\n<title>Politica cookies - eDiagnostic<\/title>\n<meta name=\"robots\" content=\"index, follow, max-snippet:-1, max-image-preview:large, max-video-preview:-1\" \/>\n<link rel=\"canonical\" href=\"https:\/\/ediagnostic.ro\/en\/cookie-policy\/\" \/>\n<meta property=\"og:locale\" content=\"en_US\" \/>\n<meta property=\"og:type\" content=\"article\" \/>\n<meta property=\"og:title\" content=\"Politica cookies - eDiagnostic\" \/>\n<meta property=\"og:description\" content=\"Politica cookies Acas\u0103 &gt; Politica cookies 1. Introducere Prezenta Politic\u0103 privind fi\u0219ierele cookies se aplic\u0103 tuturor utilizatorilor paginii de internet https:\/\/ediagnostic.ro\/. Informa\u021biile prezentate \u00een continuare au ca scop informarea utilizatorilor acestei pagini de internet cu privire la plasarea, utilizarea \u0219i administrarea cookie-urilor de c\u0103tre Ediagnostic Healthcare SRL \u00een contextul navig\u0103rii utilizatorilor pe aceast\u0103 pagin\u0103 de [&hellip;]\" \/>\n<meta property=\"og:url\" content=\"https:\/\/ediagnostic.ro\/en\/cookie-policy\/\" \/>\n<meta property=\"og:site_name\" content=\"eDiagnostic\" \/>\n<meta property=\"article:modified_time\" content=\"2022-12-21T16:05:03+00:00\" \/>\n<meta name=\"twitter:card\" content=\"summary_large_image\" \/>\n<meta name=\"twitter:label1\" content=\"Est. reading time\" \/>\n\t<meta name=\"twitter:data1\" content=\"6 minutes\" \/>\n<script type=\"application\/ld+json\" class=\"yoast-schema-graph\">{\"@context\":\"https:\/\/schema.org\",\"@graph\":[{\"@type\":\"WebPage\",\"@id\":\"https:\/\/ediagnostic.ro\/en\/cookie-policy\/\",\"url\":\"https:\/\/ediagnostic.ro\/en\/cookie-policy\/\",\"name\":\"Politica cookies - eDiagnostic\",\"isPartOf\":{\"@id\":\"https:\/\/ediagnostic.ro\/en\/#website\"},\"datePublished\":\"2022-12-21T12:01:00+00:00\",\"dateModified\":\"2022-12-21T16:05:03+00:00\",\"breadcrumb\":{\"@id\":\"https:\/\/ediagnostic.ro\/en\/cookie-policy\/#breadcrumb\"},\"inLanguage\":\"en-US\",\"potentialAction\":[{\"@type\":\"ReadAction\",\"target\":[\"https:\/\/ediagnostic.ro\/en\/cookie-policy\/\"]}]},{\"@type\":\"BreadcrumbList\",\"@id\":\"https:\/\/ediagnostic.ro\/en\/cookie-policy\/#breadcrumb\",\"itemListElement\":[{\"@type\":\"ListItem\",\"position\":1,\"name\":\"Prima pagin\u0103\",\"item\":\"https:\/\/ediagnostic.ro\/\"},{\"@type\":\"ListItem\",\"position\":2,\"name\":\"Politica cookies\"}]},{\"@type\":\"WebSite\",\"@id\":\"https:\/\/ediagnostic.ro\/en\/#website\",\"url\":\"https:\/\/ediagnostic.ro\/en\/\",\"name\":\"eDiagnostic\",\"description\":\"Centru de telemedicin\u0103 cu expertiz\u0103 \u00een teleradiologie\",\"publisher\":{\"@id\":\"https:\/\/ediagnostic.ro\/en\/#organization\"},\"potentialAction\":[{\"@type\":\"SearchAction\",\"target\":{\"@type\":\"EntryPoint\",\"urlTemplate\":\"https:\/\/ediagnostic.ro\/en\/?s={search_term_string}\"},\"query-input\":{\"@type\":\"PropertyValueSpecification\",\"valueRequired\":true,\"valueName\":\"search_term_string\"}}],\"inLanguage\":\"en-US\"},{\"@type\":\"Organization\",\"@id\":\"https:\/\/ediagnostic.ro\/en\/#organization\",\"name\":\"eDiagnostic\",\"url\":\"https:\/\/ediagnostic.ro\/en\/\",\"logo\":{\"@type\":\"ImageObject\",\"inLanguage\":\"en-US\",\"@id\":\"https:\/\/ediagnostic.ro\/en\/#\/schema\/logo\/image\/\",\"url\":\"https:\/\/ediagnostic.ro\/wp-content\/uploads\/2022\/12\/logo-ediagnostic-fundal-alb_130.png\",\"contentUrl\":\"https:\/\/ediagnostic.ro\/wp-content\/uploads\/2022\/12\/logo-ediagnostic-fundal-alb_130.png\",\"width\":293,\"height\":130,\"caption\":\"eDiagnostic\"},\"image\":{\"@id\":\"https:\/\/ediagnostic.ro\/en\/#\/schema\/logo\/image\/\"}}]}<\/script>\n<!-- \/ Yoast SEO plugin. -->","yoast_head_json":{"title":"Politica cookies - eDiagnostic","robots":{"index":"index","follow":"follow","max-snippet":"max-snippet:-1","max-image-preview":"max-image-preview:large","max-video-preview":"max-video-preview:-1"},"canonical":"https:\/\/ediagnostic.ro\/en\/cookie-policy\/","og_locale":"en_US","og_type":"article","og_title":"Politica cookies - eDiagnostic","og_description":"Politica cookies Acas\u0103 > Politica cookies 1. Introducere Prezenta Politic\u0103 privind fi\u0219ierele cookies se aplic\u0103 tuturor utilizatorilor paginii de internet https:\/\/ediagnostic.ro\/. Informa\u021biile prezentate \u00een continuare au ca scop informarea utilizatorilor acestei pagini de internet cu privire la plasarea, utilizarea \u0219i administrarea cookie-urilor de c\u0103tre Ediagnostic Healthcare SRL \u00een contextul navig\u0103rii utilizatorilor pe aceast\u0103 pagin\u0103 de [&hellip;]","og_url":"https:\/\/ediagnostic.ro\/en\/cookie-policy\/","og_site_name":"eDiagnostic","article_modified_time":"2022-12-21T16:05:03+00:00","twitter_card":"summary_large_image","twitter_misc":{"Est. reading time":"6 minutes"},"schema":{"@context":"https:\/\/schema.org","@graph":[{"@type":"WebPage","@id":"https:\/\/ediagnostic.ro\/en\/cookie-policy\/","url":"https:\/\/ediagnostic.ro\/en\/cookie-policy\/","name":"Politica cookies - eDiagnostic","isPartOf":{"@id":"https:\/\/ediagnostic.ro\/en\/#website"},"datePublished":"2022-12-21T12:01:00+00:00","dateModified":"2022-12-21T16:05:03+00:00","breadcrumb":{"@id":"https:\/\/ediagnostic.ro\/en\/cookie-policy\/#breadcrumb"},"inLanguage":"en-US","potentialAction":[{"@type":"ReadAction","target":["https:\/\/ediagnostic.ro\/en\/cookie-policy\/"]}]},{"@type":"BreadcrumbList","@id":"https:\/\/ediagnostic.ro\/en\/cookie-policy\/#breadcrumb","itemListElement":[{"@type":"ListItem","position":1,"name":"Prima pagin\u0103","item":"https:\/\/ediagnostic.ro\/"},{"@type":"ListItem","position":2,"name":"Politica cookies"}]},{"@type":"WebSite","@id":"https:\/\/ediagnostic.ro\/en\/#website","url":"https:\/\/ediagnostic.ro\/en\/","name":"eDiagnostic","description":"Telemedicine center with expertise in teleradiology","publisher":{"@id":"https:\/\/ediagnostic.ro\/en\/#organization"},"potentialAction":[{"@type":"SearchAction","target":{"@type":"EntryPoint","urlTemplate":"https:\/\/ediagnostic.ro\/en\/?s={search_term_string}"},"query-input":{"@type":"PropertyValueSpecification","valueRequired":true,"valueName":"search_term_string"}}],"inLanguage":"en-US"},{"@type":"Organization","@id":"https:\/\/ediagnostic.ro\/en\/#organization","name":"eDiagnostic","url":"https:\/\/ediagnostic.ro\/en\/","logo":{"@type":"ImageObject","inLanguage":"en-US","@id":"https:\/\/ediagnostic.ro\/en\/#\/schema\/logo\/image\/","url":"https:\/\/ediagnostic.ro\/wp-content\/uploads\/2022\/12\/logo-ediagnostic-fundal-alb_130.png","contentUrl":"https:\/\/ediagnostic.ro\/wp-content\/uploads\/2022\/12\/logo-ediagnostic-fundal-alb_130.png","width":293,"height":130,"caption":"eDiagnostic"},"image":{"@id":"https:\/\/ediagnostic.ro\/en\/#\/schema\/logo\/image\/"}}]}},"_links":{"self":[{"href":"https:\/\/ediagnostic.ro\/en\/wp-json\/wp\/v2\/pages\/532","targetHints":{"allow":["GET"]}}],"collection":[{"href":"https:\/\/ediagnostic.ro\/en\/wp-json\/wp\/v2\/pages"}],"about":[{"href":"https:\/\/ediagnostic.ro\/en\/wp-json\/wp\/v2\/types\/page"}],"author":[{"embeddable":true,"href":"https:\/\/ediagnostic.ro\/en\/wp-json\/wp\/v2\/users\/1"}],"replies":[{"embeddable":true,"href":"https:\/\/ediagnostic.ro\/en\/wp-json\/wp\/v2\/comments?post=532"}],"version-history":[{"count":0,"href":"https:\/\/ediagnostic.ro\/en\/wp-json\/wp\/v2\/pages\/532\/revisions"}],"wp:attachment":[{"href":"https:\/\/ediagnostic.ro\/en\/wp-json\/wp\/v2\/media?parent=532"}],"curies":[{"name":"wp","href":"https:\/\/api.w.org\/{rel}","templated":true}]}}