{"id":492,"date":"2022-12-21T07:42:31","date_gmt":"2022-12-21T07:42:31","guid":{"rendered":"https:\/\/ediagnostic.ro\/?page_id=492"},"modified":"2023-01-12T08:57:59","modified_gmt":"2023-01-12T08:57:59","slug":"careers","status":"publish","type":"page","link":"https:\/\/ediagnostic.ro\/en\/careers\/","title":{"rendered":"Careers"},"content":{"rendered":"<div data-elementor-type=\"wp-page\" data-elementor-id=\"492\" class=\"elementor elementor-492\" data-elementor-post-type=\"page\">\n\t\t\t\t<div class=\"elementor-element elementor-element-9f13427 e-flex e-con-boxed e-con e-parent\" data-id=\"9f13427\" data-element_type=\"container\" data-settings=\"{&quot;background_background&quot;:&quot;classic&quot;}\">\n\t\t\t\t\t<div class=\"e-con-inner\">\n\t\t\t\t<div class=\"elementor-element elementor-element-dac8791 elementor-widget__width-inherit elementor-widget elementor-widget-heading\" data-id=\"dac8791\" data-element_type=\"widget\" data-widget_type=\"heading.default\">\n\t\t\t\t<div class=\"elementor-widget-container\">\n\t\t\t\t\t<h1 class=\"elementor-heading-title elementor-size-default\">Careers <\/h1>\t\t\t\t<\/div>\n\t\t\t\t<\/div>\n\t\t\t\t<div class=\"elementor-element elementor-element-36a135f elementor-widget elementor-widget-heading\" data-id=\"36a135f\" data-element_type=\"widget\" data-widget_type=\"heading.default\">\n\t\t\t\t<div class=\"elementor-widget-container\">\n\t\t\t\t\t<p class=\"elementor-heading-title elementor-size-default\">Jobs<\/p>\t\t\t\t<\/div>\n\t\t\t\t<\/div>\n\t\t\t\t<div class=\"elementor-element elementor-element-6ec8a2f elementor-widget elementor-widget-heading\" data-id=\"6ec8a2f\" data-element_type=\"widget\" data-widget_type=\"heading.default\">\n\t\t\t\t<div class=\"elementor-widget-container\">\n\t\t\t\t\t<p class=\"elementor-heading-title elementor-size-default\">Job offers<\/p>\t\t\t\t<\/div>\n\t\t\t\t<\/div>\n\t\t\t\t\t<\/div>\n\t\t\t\t<\/div>\n\t\t<div class=\"elementor-element elementor-element-5102db8 e-flex e-con-boxed e-con e-parent\" data-id=\"5102db8\" data-element_type=\"container\">\n\t\t\t\t\t<div class=\"e-con-inner\">\n\t\t\t\t<div class=\"elementor-element elementor-element-28630d6 elementor-widget elementor-widget-heading\" data-id=\"28630d6\" data-element_type=\"widget\" data-widget_type=\"heading.default\">\n\t\t\t\t<div class=\"elementor-widget-container\">\n\t\t\t\t\t<p class=\"elementor-heading-title elementor-size-default\"><a href=\"https:\/\/ediagnostic.ro\/en\">Home<\/a><\/p>\t\t\t\t<\/div>\n\t\t\t\t<\/div>\n\t\t\t\t<div class=\"elementor-element elementor-element-0fbc7ed elementor-widget elementor-widget-heading\" data-id=\"0fbc7ed\" data-element_type=\"widget\" data-widget_type=\"heading.default\">\n\t\t\t\t<div class=\"elementor-widget-container\">\n\t\t\t\t\t<p class=\"elementor-heading-title elementor-size-default\">&gt;<\/p>\t\t\t\t<\/div>\n\t\t\t\t<\/div>\n\t\t\t\t<div class=\"elementor-element elementor-element-5728d81 elementor-widget elementor-widget-heading\" data-id=\"5728d81\" data-element_type=\"widget\" data-widget_type=\"heading.default\">\n\t\t\t\t<div class=\"elementor-widget-container\">\n\t\t\t\t\t<p class=\"elementor-heading-title elementor-size-default\">Careers<\/p>\t\t\t\t<\/div>\n\t\t\t\t<\/div>\n\t\t\t\t\t<\/div>\n\t\t\t\t<\/div>\n\t\t<div class=\"elementor-element elementor-element-ba89ee2 e-flex e-con-boxed e-con e-parent\" data-id=\"ba89ee2\" data-element_type=\"container\">\n\t\t\t\t\t<div class=\"e-con-inner\">\n\t\t<div class=\"elementor-element elementor-element-419ad9b e-con-full e-flex e-con e-parent\" data-id=\"419ad9b\" data-element_type=\"container\">\n\t\t\t\t<div class=\"elementor-element elementor-element-8ff9c1d elementor-widget elementor-widget-text-editor\" data-id=\"8ff9c1d\" data-element_type=\"widget\" data-widget_type=\"text-editor.default\">\n\t\t\t\t<div class=\"elementor-widget-container\">\n\t\t\t\t\t\t\t\t\t<p>Thank you for choosing to join the Medical Teleimaging Center - eDiagnostic Healthcare Teleradiology team and please complete the form and attach your CV.<\/p><p>We promise to get back to you as soon as possible.<\/p>\t\t\t\t\t\t\t\t<\/div>\n\t\t\t\t<\/div>\n\t\t\t\t<\/div>\n\t\t<div class=\"elementor-element elementor-element-8ca2f91 e-con-full e-flex e-con e-parent\" data-id=\"8ca2f91\" data-element_type=\"container\">\n\t\t\t\t<div class=\"elementor-element elementor-element-ca0a635 elementor-button-align-stretch elementor-widget elementor-widget-form\" data-id=\"ca0a635\" data-element_type=\"widget\" data-settings=\"{&quot;step_next_label&quot;:&quot;Next&quot;,&quot;step_previous_label&quot;:&quot;Previous&quot;,&quot;button_width&quot;:&quot;100&quot;,&quot;step_type&quot;:&quot;number_text&quot;,&quot;step_icon_shape&quot;:&quot;circle&quot;}\" data-widget_type=\"form.default\">\n\t\t\t\t<div class=\"elementor-widget-container\">\n\t\t\t\t\t\t\t<form class=\"elementor-form\" method=\"post\" name=\"New Form\" aria-label=\"New Form\" action=\"\">\n\t\t\t<input type=\"hidden\" name=\"post_id\" value=\"492\"\/>\n\t\t\t<input type=\"hidden\" name=\"form_id\" value=\"ca0a635\"\/>\n\t\t\t<input type=\"hidden\" name=\"referer_title\" value=\"eDiagnostic\" \/>\n\n\t\t\t\n\t\t\t<div class=\"elementor-form-fields-wrapper elementor-labels-\">\n\t\t\t\t\t\t\t\t<div class=\"elementor-field-type-text elementor-field-group elementor-column elementor-field-group-nume elementor-col-50 elementor-field-required\">\n\t\t\t\t\t\t\t\t\t\t\t\t<label for=\"form-field-nume\" class=\"elementor-field-label elementor-screen-only\">\n\t\t\t\t\t\t\t\tNume\t\t\t\t\t\t\t<\/label>\n\t\t\t\t\t\t\t\t\t\t\t\t\t\t<input size=\"1\" type=\"text\" name=\"form_fields[nume]\" id=\"form-field-nume\" class=\"elementor-field elementor-size-md  elementor-field-textual\" placeholder=\"Name and surname\" required=\"required\">\n\t\t\t\t\t\t\t\t\t\t\t<\/div>\n\t\t\t\t\t\t\t\t<div class=\"elementor-field-type-text elementor-field-group elementor-column elementor-field-group-specializare elementor-col-50 elementor-field-required\">\n\t\t\t\t\t\t\t\t\t\t\t\t<label for=\"form-field-specializare\" class=\"elementor-field-label elementor-screen-only\">\n\t\t\t\t\t\t\t\tSpecialization\t\t\t\t\t\t\t<\/label>\n\t\t\t\t\t\t\t\t\t\t\t\t\t\t<input size=\"1\" type=\"text\" name=\"form_fields[specializare]\" id=\"form-field-specializare\" class=\"elementor-field elementor-size-md  elementor-field-textual\" placeholder=\"Specialization\" required=\"required\">\n\t\t\t\t\t\t\t\t\t\t\t<\/div>\n\t\t\t\t\t\t\t\t<div class=\"elementor-field-type-email elementor-field-group elementor-column elementor-field-group-email elementor-col-50 elementor-field-required\">\n\t\t\t\t\t\t\t\t\t\t\t\t<label for=\"form-field-email\" class=\"elementor-field-label elementor-screen-only\">\n\t\t\t\t\t\t\t\tEmail\t\t\t\t\t\t\t<\/label>\n\t\t\t\t\t\t\t\t\t\t\t\t\t\t<input size=\"1\" type=\"email\" name=\"form_fields[email]\" id=\"form-field-email\" class=\"elementor-field elementor-size-md  elementor-field-textual\" placeholder=\"E-mail adress\" required=\"required\">\n\t\t\t\t\t\t\t\t\t\t\t<\/div>\n\t\t\t\t\t\t\t\t<div class=\"elementor-field-type-tel elementor-field-group elementor-column elementor-field-group-telefon elementor-col-50\">\n\t\t\t\t\t\t\t\t\t\t\t\t<label for=\"form-field-telefon\" class=\"elementor-field-label elementor-screen-only\">\n\t\t\t\t\t\t\t\tPhone\t\t\t\t\t\t\t<\/label>\n\t\t\t\t\t\t\t\t<input size=\"1\" type=\"tel\" name=\"form_fields[telefon]\" id=\"form-field-telefon\" class=\"elementor-field elementor-size-md  elementor-field-textual\" placeholder=\"Phone\" pattern=\"[0-9()#&amp;+*-=.]+\" title=\"Only numbers and phone characters (#, -, *, etc) are accepted.\">\n\n\t\t\t\t\t\t<\/div>\n\t\t\t\t\t\t\t\t<div class=\"elementor-field-type-textarea elementor-field-group elementor-column elementor-field-group-mesaj elementor-col-100 elementor-field-required\">\n\t\t\t\t\t\t\t\t\t\t\t\t<label for=\"form-field-mesaj\" class=\"elementor-field-label elementor-screen-only\">\n\t\t\t\t\t\t\t\tMesaj\t\t\t\t\t\t\t<\/label>\n\t\t\t\t\t\t<textarea class=\"elementor-field-textual elementor-field  elementor-size-md\" name=\"form_fields[mesaj]\" id=\"form-field-mesaj\" rows=\"5\" placeholder=\"Your message here\" required=\"required\"><\/textarea>\t\t\t\t<\/div>\n\t\t\t\t\t\t\t\t<div class=\"elementor-field-type-html elementor-field-group elementor-column elementor-field-group-field_524e024 elementor-col-100\">\n\t\t\t\t\tUpload CV\t\t\t\t<\/div>\n\t\t\t\t\t\t\t\t<div class=\"elementor-field-type-upload elementor-field-group elementor-column elementor-field-group-cv elementor-col-100\">\n\t\t\t\t\t\t\t\t\t\t\t\t<label for=\"form-field-cv\" class=\"elementor-field-label elementor-screen-only\">\n\t\t\t\t\t\t\t\tIncarca CV\t\t\t\t\t\t\t<\/label>\n\t\t\t\t\t\t\t\t<input type=\"file\" name=\"form_fields[cv]\" id=\"form-field-cv\" class=\"elementor-field elementor-size-md  elementor-upload-field\" data-maxsize=\"2\" data-maxsize-message=\"This file exceeds the maximum allowed size.\">\n\n\t\t\t\t\t\t<\/div>\n\t\t\t\t\t\t\t\t<div class=\"elementor-field-type-acceptance elementor-field-group elementor-column elementor-field-group-field_48bfabd elementor-col-100 elementor-field-required\">\n\t\t\t\t\t\t\t\t\t\t\t\t<label for=\"form-field-field_48bfabd\" class=\"elementor-field-label elementor-screen-only\">\n\t\t\t\t\t\t\t\tAcord\t\t\t\t\t\t\t<\/label>\n\t\t\t\t\t\t\t\t<div class=\"elementor-field-subgroup\">\n\t\t\t<span class=\"elementor-field-option\">\n\t\t\t\t<input type=\"checkbox\" name=\"form_fields[field_48bfabd]\" id=\"form-field-field_48bfabd\" class=\"elementor-field elementor-size-md  elementor-acceptance-field\" required=\"required\">\n\t\t\t\t<label for=\"form-field-field_48bfabd\">I read <a href=\"\/en\/privacy-policy\/\" target=\"_blank\">Privacy policy<\/a> and I agree that my personal data will be processed in accordance with EU Regulation 679\/2016.<\/label>\t\t\t<\/span>\n\t\t<\/div>\n\t\t\t\t\t\t<\/div>\n\t\t\t\t\t\t\t\t<div class=\"elementor-field-type-recaptcha_v3 elementor-field-group elementor-column elementor-field-group-field_75c0cf6 elementor-col-100 recaptcha_v3-bottomright\">\n\t\t\t\t\t<div class=\"elementor-field\" id=\"form-field-field_75c0cf6\"><div class=\"elementor-g-recaptcha\" data-sitekey=\"6Lcgz5cjAAAAAHsHjNHNIaylJrpFF6OAWRRX23tg\" data-type=\"v3\" data-action=\"Form\" data-badge=\"bottomright\" data-size=\"invisible\"><\/div><\/div>\t\t\t\t<\/div>\n\t\t\t\t\t\t\t\t<div class=\"elementor-field-group elementor-column elementor-field-type-submit elementor-col-100 e-form__buttons\">\n\t\t\t\t\t<button class=\"elementor-button elementor-size-sm\" type=\"submit\">\n\t\t\t\t\t\t<span class=\"elementor-button-content-wrapper\">\n\t\t\t\t\t\t\t\t\t\t\t\t\t\t\t\t\t\t\t\t\t\t<span class=\"elementor-button-text\">Send the message<\/span>\n\t\t\t\t\t\t\t\t\t\t\t\t\t<\/span>\n\t\t\t\t\t<\/button>\n\t\t\t\t<\/div>\n\t\t\t<\/div>\n\t\t<input type=\"hidden\" name=\"trp-form-language\" value=\"en\"\/><\/form>\n\t\t\t\t\t\t<\/div>\n\t\t\t\t<\/div>\n\t\t\t\t<\/div>\n\t\t\t\t\t<\/div>\n\t\t\t\t<\/div>\n\t\t\t\t<\/div>","protected":false},"excerpt":{"rendered":"<p>Cariere Joburi Oferte de Munc\u0103 Acas\u0103 > Cariere V\u0103 mul\u021bumim c\u0103 a\u021bi ales s\u0103 v\u0103 al\u0103tura\u021bi echipei Centrului de Teleimagistica medical\u0103 \u2013 Teleradiologie eDiagnostic Healthcare \u0219i v\u0103 rug\u0103m s\u0103 completa\u021bi formularul \u0219i s\u0103 anexa\u021bi CV-ul. Promitem c\u0103 v\u0103 vom da un r\u0103spuns \u00een timpul cel mai scurt posibil.<\/p>","protected":false},"author":1,"featured_media":0,"parent":0,"menu_order":0,"comment_status":"closed","ping_status":"closed","template":"","meta":{"footnotes":""},"class_list":["post-492","page","type-page","status-publish","hentry"],"yoast_head":"<!-- This site is optimized with the Yoast SEO plugin v26.6 - https:\/\/yoast.com\/wordpress\/plugins\/seo\/ -->\n<title>Cariere - eDiagnostic<\/title>\n<meta name=\"robots\" content=\"index, follow, max-snippet:-1, max-image-preview:large, max-video-preview:-1\" \/>\n<link rel=\"canonical\" href=\"https:\/\/ediagnostic.ro\/en\/careers\/\" \/>\n<meta property=\"og:locale\" content=\"en_US\" \/>\n<meta property=\"og:type\" content=\"article\" \/>\n<meta property=\"og:title\" content=\"Cariere - eDiagnostic\" \/>\n<meta property=\"og:description\" content=\"Cariere Joburi Oferte de Munc\u0103 Acas\u0103 &gt; Cariere V\u0103 mul\u021bumim c\u0103 a\u021bi ales s\u0103 v\u0103 al\u0103tura\u021bi echipei Centrului de Teleimagistica medical\u0103 \u2013 Teleradiologie eDiagnostic Healthcare \u0219i v\u0103 rug\u0103m s\u0103 completa\u021bi formularul \u0219i s\u0103 anexa\u021bi CV-ul. Promitem c\u0103 v\u0103 vom da un r\u0103spuns \u00een timpul cel mai scurt posibil.\" \/>\n<meta property=\"og:url\" content=\"https:\/\/ediagnostic.ro\/en\/careers\/\" \/>\n<meta property=\"og:site_name\" content=\"eDiagnostic\" \/>\n<meta property=\"article:modified_time\" content=\"2023-01-12T08:57:59+00:00\" \/>\n<meta name=\"twitter:card\" content=\"summary_large_image\" \/>\n<script type=\"application\/ld+json\" class=\"yoast-schema-graph\">{\"@context\":\"https:\/\/schema.org\",\"@graph\":[{\"@type\":\"WebPage\",\"@id\":\"https:\/\/ediagnostic.ro\/cariere\/\",\"url\":\"https:\/\/ediagnostic.ro\/cariere\/\",\"name\":\"Cariere - eDiagnostic\",\"isPartOf\":{\"@id\":\"https:\/\/ediagnostic.ro\/en\/#website\"},\"datePublished\":\"2022-12-21T07:42:31+00:00\",\"dateModified\":\"2023-01-12T08:57:59+00:00\",\"breadcrumb\":{\"@id\":\"https:\/\/ediagnostic.ro\/cariere\/#breadcrumb\"},\"inLanguage\":\"en-US\",\"potentialAction\":[{\"@type\":\"ReadAction\",\"target\":[\"https:\/\/ediagnostic.ro\/cariere\/\"]}]},{\"@type\":\"BreadcrumbList\",\"@id\":\"https:\/\/ediagnostic.ro\/cariere\/#breadcrumb\",\"itemListElement\":[{\"@type\":\"ListItem\",\"position\":1,\"name\":\"Prima pagin\u0103\",\"item\":\"https:\/\/ediagnostic.ro\/\"},{\"@type\":\"ListItem\",\"position\":2,\"name\":\"Cariere\"}]},{\"@type\":\"WebSite\",\"@id\":\"https:\/\/ediagnostic.ro\/en\/#website\",\"url\":\"https:\/\/ediagnostic.ro\/en\/\",\"name\":\"eDiagnostic\",\"description\":\"Centru de telemedicin\u0103 cu expertiz\u0103 \u00een teleradiologie\",\"publisher\":{\"@id\":\"https:\/\/ediagnostic.ro\/en\/#organization\"},\"potentialAction\":[{\"@type\":\"SearchAction\",\"target\":{\"@type\":\"EntryPoint\",\"urlTemplate\":\"https:\/\/ediagnostic.ro\/en\/?s={search_term_string}\"},\"query-input\":{\"@type\":\"PropertyValueSpecification\",\"valueRequired\":true,\"valueName\":\"search_term_string\"}}],\"inLanguage\":\"en-US\"},{\"@type\":\"Organization\",\"@id\":\"https:\/\/ediagnostic.ro\/en\/#organization\",\"name\":\"eDiagnostic\",\"url\":\"https:\/\/ediagnostic.ro\/en\/\",\"logo\":{\"@type\":\"ImageObject\",\"inLanguage\":\"en-US\",\"@id\":\"https:\/\/ediagnostic.ro\/en\/#\/schema\/logo\/image\/\",\"url\":\"https:\/\/ediagnostic.ro\/wp-content\/uploads\/2022\/12\/logo-ediagnostic-fundal-alb_130.png\",\"contentUrl\":\"https:\/\/ediagnostic.ro\/wp-content\/uploads\/2022\/12\/logo-ediagnostic-fundal-alb_130.png\",\"width\":293,\"height\":130,\"caption\":\"eDiagnostic\"},\"image\":{\"@id\":\"https:\/\/ediagnostic.ro\/en\/#\/schema\/logo\/image\/\"}}]}<\/script>\n<!-- \/ Yoast SEO plugin. -->","yoast_head_json":{"title":"Cariere - eDiagnostic","robots":{"index":"index","follow":"follow","max-snippet":"max-snippet:-1","max-image-preview":"max-image-preview:large","max-video-preview":"max-video-preview:-1"},"canonical":"https:\/\/ediagnostic.ro\/en\/careers\/","og_locale":"en_US","og_type":"article","og_title":"Cariere - eDiagnostic","og_description":"Cariere Joburi Oferte de Munc\u0103 Acas\u0103 > Cariere V\u0103 mul\u021bumim c\u0103 a\u021bi ales s\u0103 v\u0103 al\u0103tura\u021bi echipei Centrului de Teleimagistica medical\u0103 \u2013 Teleradiologie eDiagnostic Healthcare \u0219i v\u0103 rug\u0103m s\u0103 completa\u021bi formularul \u0219i s\u0103 anexa\u021bi CV-ul. Promitem c\u0103 v\u0103 vom da un r\u0103spuns \u00een timpul cel mai scurt posibil.","og_url":"https:\/\/ediagnostic.ro\/en\/careers\/","og_site_name":"eDiagnostic","article_modified_time":"2023-01-12T08:57:59+00:00","twitter_card":"summary_large_image","schema":{"@context":"https:\/\/schema.org","@graph":[{"@type":"WebPage","@id":"https:\/\/ediagnostic.ro\/cariere\/","url":"https:\/\/ediagnostic.ro\/cariere\/","name":"Cariere - eDiagnostic","isPartOf":{"@id":"https:\/\/ediagnostic.ro\/en\/#website"},"datePublished":"2022-12-21T07:42:31+00:00","dateModified":"2023-01-12T08:57:59+00:00","breadcrumb":{"@id":"https:\/\/ediagnostic.ro\/cariere\/#breadcrumb"},"inLanguage":"en-US","potentialAction":[{"@type":"ReadAction","target":["https:\/\/ediagnostic.ro\/cariere\/"]}]},{"@type":"BreadcrumbList","@id":"https:\/\/ediagnostic.ro\/cariere\/#breadcrumb","itemListElement":[{"@type":"ListItem","position":1,"name":"Prima pagin\u0103","item":"https:\/\/ediagnostic.ro\/"},{"@type":"ListItem","position":2,"name":"Cariere"}]},{"@type":"WebSite","@id":"https:\/\/ediagnostic.ro\/en\/#website","url":"https:\/\/ediagnostic.ro\/en\/","name":"eDiagnostic","description":"Telemedicine center with expertise in teleradiology","publisher":{"@id":"https:\/\/ediagnostic.ro\/en\/#organization"},"potentialAction":[{"@type":"SearchAction","target":{"@type":"EntryPoint","urlTemplate":"https:\/\/ediagnostic.ro\/en\/?s={search_term_string}"},"query-input":{"@type":"PropertyValueSpecification","valueRequired":true,"valueName":"search_term_string"}}],"inLanguage":"en-US"},{"@type":"Organization","@id":"https:\/\/ediagnostic.ro\/en\/#organization","name":"eDiagnostic","url":"https:\/\/ediagnostic.ro\/en\/","logo":{"@type":"ImageObject","inLanguage":"en-US","@id":"https:\/\/ediagnostic.ro\/en\/#\/schema\/logo\/image\/","url":"https:\/\/ediagnostic.ro\/wp-content\/uploads\/2022\/12\/logo-ediagnostic-fundal-alb_130.png","contentUrl":"https:\/\/ediagnostic.ro\/wp-content\/uploads\/2022\/12\/logo-ediagnostic-fundal-alb_130.png","width":293,"height":130,"caption":"eDiagnostic"},"image":{"@id":"https:\/\/ediagnostic.ro\/en\/#\/schema\/logo\/image\/"}}]}},"_links":{"self":[{"href":"https:\/\/ediagnostic.ro\/en\/wp-json\/wp\/v2\/pages\/492","targetHints":{"allow":["GET"]}}],"collection":[{"href":"https:\/\/ediagnostic.ro\/en\/wp-json\/wp\/v2\/pages"}],"about":[{"href":"https:\/\/ediagnostic.ro\/en\/wp-json\/wp\/v2\/types\/page"}],"author":[{"embeddable":true,"href":"https:\/\/ediagnostic.ro\/en\/wp-json\/wp\/v2\/users\/1"}],"replies":[{"embeddable":true,"href":"https:\/\/ediagnostic.ro\/en\/wp-json\/wp\/v2\/comments?post=492"}],"version-history":[{"count":0,"href":"https:\/\/ediagnostic.ro\/en\/wp-json\/wp\/v2\/pages\/492\/revisions"}],"wp:attachment":[{"href":"https:\/\/ediagnostic.ro\/en\/wp-json\/wp\/v2\/media?parent=492"}],"curies":[{"name":"wp","href":"https:\/\/api.w.org\/{rel}","templated":true}]}}