{"id":447,"date":"2022-12-21T06:41:01","date_gmt":"2022-12-21T06:41:01","guid":{"rendered":"https:\/\/ediagnostic.ro\/?page_id=447"},"modified":"2023-01-12T10:09:20","modified_gmt":"2023-01-12T10:09:20","slug":"doctors","status":"publish","type":"page","link":"https:\/\/ediagnostic.ro\/en\/doctors\/","title":{"rendered":"Doctors"},"content":{"rendered":"<div data-elementor-type=\"wp-page\" data-elementor-id=\"447\" class=\"elementor elementor-447\" data-elementor-post-type=\"page\">\n\t\t\t\t<div class=\"elementor-element elementor-element-9f13427 e-flex e-con-boxed e-con e-parent\" data-id=\"9f13427\" data-element_type=\"container\" data-settings=\"{&quot;background_background&quot;:&quot;classic&quot;}\">\n\t\t\t\t\t<div class=\"e-con-inner\">\n\t\t\t\t<div class=\"elementor-element elementor-element-dac8791 elementor-widget__width-inherit elementor-widget elementor-widget-heading\" data-id=\"dac8791\" data-element_type=\"widget\" data-widget_type=\"heading.default\">\n\t\t\t\t<div class=\"elementor-widget-container\">\n\t\t\t\t\t<h1 class=\"elementor-heading-title elementor-size-default\">eDiagnostic Doctors<\/h1>\t\t\t\t<\/div>\n\t\t\t\t<\/div>\n\t\t\t\t<div class=\"elementor-element elementor-element-36a135f elementor-widget elementor-widget-heading\" data-id=\"36a135f\" data-element_type=\"widget\" data-widget_type=\"heading.default\">\n\t\t\t\t<div class=\"elementor-widget-container\">\n\t\t\t\t\t<p class=\"elementor-heading-title elementor-size-default\">Experience<\/p>\t\t\t\t<\/div>\n\t\t\t\t<\/div>\n\t\t\t\t<div class=\"elementor-element elementor-element-6ec8a2f elementor-widget elementor-widget-heading\" data-id=\"6ec8a2f\" data-element_type=\"widget\" data-widget_type=\"heading.default\">\n\t\t\t\t<div class=\"elementor-widget-container\">\n\t\t\t\t\t<p class=\"elementor-heading-title elementor-size-default\">Overspecialisation<\/p>\t\t\t\t<\/div>\n\t\t\t\t<\/div>\n\t\t\t\t<div class=\"elementor-element elementor-element-4f2ecfe elementor-widget elementor-widget-heading\" data-id=\"4f2ecfe\" data-element_type=\"widget\" data-widget_type=\"heading.default\">\n\t\t\t\t<div class=\"elementor-widget-container\">\n\t\t\t\t\t<p class=\"elementor-heading-title elementor-size-default\">Professionalism<\/p>\t\t\t\t<\/div>\n\t\t\t\t<\/div>\n\t\t\t\t\t<\/div>\n\t\t\t\t<\/div>\n\t\t<div class=\"elementor-element elementor-element-5102db8 e-flex e-con-boxed e-con e-parent\" data-id=\"5102db8\" data-element_type=\"container\">\n\t\t\t\t\t<div class=\"e-con-inner\">\n\t\t\t\t<div class=\"elementor-element elementor-element-28630d6 elementor-widget elementor-widget-heading\" data-id=\"28630d6\" data-element_type=\"widget\" data-widget_type=\"heading.default\">\n\t\t\t\t<div class=\"elementor-widget-container\">\n\t\t\t\t\t<p class=\"elementor-heading-title elementor-size-default\"><a href=\"https:\/\/ediagnostic.ro\/en\">Home<\/a><\/p>\t\t\t\t<\/div>\n\t\t\t\t<\/div>\n\t\t\t\t<div class=\"elementor-element elementor-element-0fbc7ed elementor-widget elementor-widget-heading\" data-id=\"0fbc7ed\" data-element_type=\"widget\" data-widget_type=\"heading.default\">\n\t\t\t\t<div class=\"elementor-widget-container\">\n\t\t\t\t\t<p class=\"elementor-heading-title elementor-size-default\">&gt;<\/p>\t\t\t\t<\/div>\n\t\t\t\t<\/div>\n\t\t\t\t<div class=\"elementor-element elementor-element-5728d81 elementor-widget elementor-widget-heading\" data-id=\"5728d81\" data-element_type=\"widget\" data-widget_type=\"heading.default\">\n\t\t\t\t<div class=\"elementor-widget-container\">\n\t\t\t\t\t<p class=\"elementor-heading-title elementor-size-default\">eDiagnostic Doctors<\/p>\t\t\t\t<\/div>\n\t\t\t\t<\/div>\n\t\t\t\t\t<\/div>\n\t\t\t\t<\/div>\n\t\t<div class=\"elementor-element elementor-element-ba89ee2 e-flex e-con-boxed e-con e-parent\" data-id=\"ba89ee2\" data-element_type=\"container\">\n\t\t\t\t\t<div class=\"e-con-inner\">\n\t\t\t\t<div class=\"elementor-element elementor-element-8ff9c1d elementor-widget elementor-widget-text-editor\" data-id=\"8ff9c1d\" data-element_type=\"widget\" data-widget_type=\"text-editor.default\">\n\t\t\t\t<div class=\"elementor-widget-container\">\n\t\t\t\t\t\t\t\t\t<p><strong>eDiagnostic offers Radio Imaging expertise via Teleradiology to public and private clinics and hospitals in Romania, 24 hours a day, 365 days a year, thanks to its elite medical team with extensive experience in teleradiology.<\/strong><\/p>\t\t\t\t\t\t\t\t<\/div>\n\t\t\t\t<\/div>\n\t\t\t\t<div class=\"elementor-element elementor-element-96180f9 elementor-widget elementor-widget-image\" data-id=\"96180f9\" data-element_type=\"widget\" data-widget_type=\"image.default\">\n\t\t\t\t<div class=\"elementor-widget-container\">\n\t\t\t\t\t\t\t\t\t\t\t\t\t\t\t<img fetchpriority=\"high\" decoding=\"async\" width=\"1600\" height=\"1205\" src=\"https:\/\/ediagnostic.ro\/wp-content\/uploads\/2023\/01\/medici_new-jpg.webp\" class=\"attachment-full size-full wp-image-833 not-transparent\" alt=\"\" srcset=\"https:\/\/ediagnostic.ro\/wp-content\/uploads\/2023\/01\/medici_new-jpg.webp 1600w, https:\/\/ediagnostic.ro\/wp-content\/uploads\/2023\/01\/medici_new-300x226.webp 300w, https:\/\/ediagnostic.ro\/wp-content\/uploads\/2023\/01\/medici_new-1024x771.webp 1024w, https:\/\/ediagnostic.ro\/wp-content\/uploads\/2023\/01\/medici_new-768x578.webp 768w, https:\/\/ediagnostic.ro\/wp-content\/uploads\/2023\/01\/medici_new-1536x1157.webp 1536w, https:\/\/ediagnostic.ro\/wp-content\/uploads\/2023\/01\/medici_new-16x12.webp 16w\" sizes=\"(max-width: 1600px) 100vw, 1600px\" data-has-transparency=\"false\" data-dominant-color=\"7b7675\" style=\"--dominant-color: #7b7675\" \/>\t\t\t\t\t\t\t\t\t\t\t\t\t\t\t<\/div>\n\t\t\t\t<\/div>\n\t\t\t\t<div class=\"elementor-element elementor-element-5ed0f20 elementor-widget elementor-widget-text-editor\" data-id=\"5ed0f20\" data-element_type=\"widget\" data-widget_type=\"text-editor.default\">\n\t\t\t\t<div class=\"elementor-widget-container\">\n\t\t\t\t\t\t\t\t\t<p>The radiologists at the eDiagnostic centre are able to provide fast and accurate interpretations, both because of this experience and because of their over-specialisation in the various areas of imaging, such as:<\/p><ul><li>neuroradiology and ENT imaging,<\/li><li>musculoskeletal imaging<\/li><li>abdominal and pelvic imaging,<\/li><li>chest imaging,<\/li><li>vascular imaging<\/li><\/ul><p>\u00a0<\/p><p>If needed during an imaging exam in a clinic or hospital, we offer real-time remote assistance.<\/p><p>The quality of medical care is also supported by the state-of-the-art technology used, including artificial intelligence software and the technical and working conditions provided within the centre.<\/p>\t\t\t\t\t\t\t\t<\/div>\n\t\t\t\t<\/div>\n\t\t\t\t\t<\/div>\n\t\t\t\t<\/div>\n\t\t\t\t<\/div>","protected":false},"excerpt":{"rendered":"<p>Medici eDiagnostic Experien\u021b\u0103 Supraspecializ\u0103ri Profesionalism Acas\u0103 > Medici eDiagnostic eDiagnostic ofer\u0103 expertiz\u0103 Radio-Imagistic\u0103 prin Teleradiologie, clinicilor \u0219i spitalelor publice \u0219i private din Romania, 24 de ore pe zi, 365 zile pe an, datorit\u0103 echipei sale medicale de elit\u0103 cu vast\u0103 experien\u021b\u0103 \u00een teleradiologie. Medicii radiologi din cadrul centrului eDiagnostic reu\u0219esc s\u0103 ofere interpret\u0103ri rapide \u0219i [&hellip;]<\/p>","protected":false},"author":1,"featured_media":0,"parent":0,"menu_order":0,"comment_status":"closed","ping_status":"closed","template":"","meta":{"footnotes":""},"class_list":["post-447","page","type-page","status-publish","hentry"],"yoast_head":"<!-- This site is optimized with the Yoast SEO plugin v26.6 - https:\/\/yoast.com\/wordpress\/plugins\/seo\/ -->\n<title>Medici - eDiagnostic<\/title>\n<meta name=\"robots\" content=\"index, follow, max-snippet:-1, max-image-preview:large, max-video-preview:-1\" \/>\n<link rel=\"canonical\" href=\"https:\/\/ediagnostic.ro\/en\/doctors\/\" \/>\n<meta property=\"og:locale\" content=\"en_US\" \/>\n<meta property=\"og:type\" content=\"article\" \/>\n<meta property=\"og:title\" content=\"Medici - eDiagnostic\" \/>\n<meta property=\"og:description\" content=\"Medici eDiagnostic Experien\u021b\u0103 Supraspecializ\u0103ri Profesionalism Acas\u0103 &gt; Medici eDiagnostic eDiagnostic ofer\u0103 expertiz\u0103 Radio-Imagistic\u0103 prin Teleradiologie, clinicilor \u0219i spitalelor publice \u0219i private din Romania, 24 de ore pe zi, 365 zile pe an, datorit\u0103 echipei sale medicale de elit\u0103 cu vast\u0103 experien\u021b\u0103 \u00een teleradiologie. Medicii radiologi din cadrul centrului eDiagnostic reu\u0219esc s\u0103 ofere interpret\u0103ri rapide \u0219i [&hellip;]\" \/>\n<meta property=\"og:url\" content=\"https:\/\/ediagnostic.ro\/en\/doctors\/\" \/>\n<meta property=\"og:site_name\" content=\"eDiagnostic\" \/>\n<meta property=\"article:modified_time\" content=\"2023-01-12T10:09:20+00:00\" \/>\n<meta property=\"og:image\" content=\"https:\/\/ediagnostic.ro\/wp-content\/uploads\/2023\/01\/medici_new-jpg.webp\" \/>\n<meta name=\"twitter:card\" content=\"summary_large_image\" \/>\n<meta name=\"twitter:label1\" content=\"Est. reading time\" \/>\n\t<meta name=\"twitter:data1\" content=\"1 minute\" \/>\n<script type=\"application\/ld+json\" class=\"yoast-schema-graph\">{\"@context\":\"https:\/\/schema.org\",\"@graph\":[{\"@type\":\"WebPage\",\"@id\":\"https:\/\/ediagnostic.ro\/medici\/\",\"url\":\"https:\/\/ediagnostic.ro\/medici\/\",\"name\":\"Medici - eDiagnostic\",\"isPartOf\":{\"@id\":\"https:\/\/ediagnostic.ro\/en\/#website\"},\"primaryImageOfPage\":{\"@id\":\"https:\/\/ediagnostic.ro\/medici\/#primaryimage\"},\"image\":{\"@id\":\"https:\/\/ediagnostic.ro\/medici\/#primaryimage\"},\"thumbnailUrl\":\"https:\/\/ediagnostic.ro\/wp-content\/uploads\/2023\/01\/medici_new-jpg.webp\",\"datePublished\":\"2022-12-21T06:41:01+00:00\",\"dateModified\":\"2023-01-12T10:09:20+00:00\",\"breadcrumb\":{\"@id\":\"https:\/\/ediagnostic.ro\/medici\/#breadcrumb\"},\"inLanguage\":\"en-US\",\"potentialAction\":[{\"@type\":\"ReadAction\",\"target\":[\"https:\/\/ediagnostic.ro\/medici\/\"]}]},{\"@type\":\"ImageObject\",\"inLanguage\":\"en-US\",\"@id\":\"https:\/\/ediagnostic.ro\/medici\/#primaryimage\",\"url\":\"https:\/\/ediagnostic.ro\/wp-content\/uploads\/2023\/01\/medici_new-jpg.webp\",\"contentUrl\":\"https:\/\/ediagnostic.ro\/wp-content\/uploads\/2023\/01\/medici_new-jpg.webp\"},{\"@type\":\"BreadcrumbList\",\"@id\":\"https:\/\/ediagnostic.ro\/medici\/#breadcrumb\",\"itemListElement\":[{\"@type\":\"ListItem\",\"position\":1,\"name\":\"Prima pagin\u0103\",\"item\":\"https:\/\/ediagnostic.ro\/\"},{\"@type\":\"ListItem\",\"position\":2,\"name\":\"Medici\"}]},{\"@type\":\"WebSite\",\"@id\":\"https:\/\/ediagnostic.ro\/en\/#website\",\"url\":\"https:\/\/ediagnostic.ro\/en\/\",\"name\":\"eDiagnostic\",\"description\":\"Centru de telemedicin\u0103 cu expertiz\u0103 \u00een teleradiologie\",\"publisher\":{\"@id\":\"https:\/\/ediagnostic.ro\/en\/#organization\"},\"potentialAction\":[{\"@type\":\"SearchAction\",\"target\":{\"@type\":\"EntryPoint\",\"urlTemplate\":\"https:\/\/ediagnostic.ro\/en\/?s={search_term_string}\"},\"query-input\":{\"@type\":\"PropertyValueSpecification\",\"valueRequired\":true,\"valueName\":\"search_term_string\"}}],\"inLanguage\":\"en-US\"},{\"@type\":\"Organization\",\"@id\":\"https:\/\/ediagnostic.ro\/en\/#organization\",\"name\":\"eDiagnostic\",\"url\":\"https:\/\/ediagnostic.ro\/en\/\",\"logo\":{\"@type\":\"ImageObject\",\"inLanguage\":\"en-US\",\"@id\":\"https:\/\/ediagnostic.ro\/en\/#\/schema\/logo\/image\/\",\"url\":\"https:\/\/ediagnostic.ro\/wp-content\/uploads\/2022\/12\/logo-ediagnostic-fundal-alb_130.png\",\"contentUrl\":\"https:\/\/ediagnostic.ro\/wp-content\/uploads\/2022\/12\/logo-ediagnostic-fundal-alb_130.png\",\"width\":293,\"height\":130,\"caption\":\"eDiagnostic\"},\"image\":{\"@id\":\"https:\/\/ediagnostic.ro\/en\/#\/schema\/logo\/image\/\"}}]}<\/script>\n<!-- \/ Yoast SEO plugin. -->","yoast_head_json":{"title":"Medici - eDiagnostic","robots":{"index":"index","follow":"follow","max-snippet":"max-snippet:-1","max-image-preview":"max-image-preview:large","max-video-preview":"max-video-preview:-1"},"canonical":"https:\/\/ediagnostic.ro\/en\/doctors\/","og_locale":"en_US","og_type":"article","og_title":"Medici - eDiagnostic","og_description":"Medici eDiagnostic Experien\u021b\u0103 Supraspecializ\u0103ri Profesionalism Acas\u0103 > Medici eDiagnostic eDiagnostic ofer\u0103 expertiz\u0103 Radio-Imagistic\u0103 prin Teleradiologie, clinicilor \u0219i spitalelor publice \u0219i private din Romania, 24 de ore pe zi, 365 zile pe an, datorit\u0103 echipei sale medicale de elit\u0103 cu vast\u0103 experien\u021b\u0103 \u00een teleradiologie. Medicii radiologi din cadrul centrului eDiagnostic reu\u0219esc s\u0103 ofere interpret\u0103ri rapide \u0219i [&hellip;]","og_url":"https:\/\/ediagnostic.ro\/en\/doctors\/","og_site_name":"eDiagnostic","article_modified_time":"2023-01-12T10:09:20+00:00","og_image":[{"url":"https:\/\/ediagnostic.ro\/wp-content\/uploads\/2023\/01\/medici_new-jpg.webp","type":"","width":"","height":""}],"twitter_card":"summary_large_image","twitter_misc":{"Est. reading time":"1 minute"},"schema":{"@context":"https:\/\/schema.org","@graph":[{"@type":"WebPage","@id":"https:\/\/ediagnostic.ro\/medici\/","url":"https:\/\/ediagnostic.ro\/medici\/","name":"Medici - eDiagnostic","isPartOf":{"@id":"https:\/\/ediagnostic.ro\/en\/#website"},"primaryImageOfPage":{"@id":"https:\/\/ediagnostic.ro\/medici\/#primaryimage"},"image":{"@id":"https:\/\/ediagnostic.ro\/medici\/#primaryimage"},"thumbnailUrl":"https:\/\/ediagnostic.ro\/wp-content\/uploads\/2023\/01\/medici_new-jpg.webp","datePublished":"2022-12-21T06:41:01+00:00","dateModified":"2023-01-12T10:09:20+00:00","breadcrumb":{"@id":"https:\/\/ediagnostic.ro\/medici\/#breadcrumb"},"inLanguage":"en-US","potentialAction":[{"@type":"ReadAction","target":["https:\/\/ediagnostic.ro\/medici\/"]}]},{"@type":"ImageObject","inLanguage":"en-US","@id":"https:\/\/ediagnostic.ro\/medici\/#primaryimage","url":"https:\/\/ediagnostic.ro\/wp-content\/uploads\/2023\/01\/medici_new-jpg.webp","contentUrl":"https:\/\/ediagnostic.ro\/wp-content\/uploads\/2023\/01\/medici_new-jpg.webp"},{"@type":"BreadcrumbList","@id":"https:\/\/ediagnostic.ro\/medici\/#breadcrumb","itemListElement":[{"@type":"ListItem","position":1,"name":"Prima pagin\u0103","item":"https:\/\/ediagnostic.ro\/"},{"@type":"ListItem","position":2,"name":"Medici"}]},{"@type":"WebSite","@id":"https:\/\/ediagnostic.ro\/en\/#website","url":"https:\/\/ediagnostic.ro\/en\/","name":"eDiagnostic","description":"Telemedicine center with expertise in teleradiology","publisher":{"@id":"https:\/\/ediagnostic.ro\/en\/#organization"},"potentialAction":[{"@type":"SearchAction","target":{"@type":"EntryPoint","urlTemplate":"https:\/\/ediagnostic.ro\/en\/?s={search_term_string}"},"query-input":{"@type":"PropertyValueSpecification","valueRequired":true,"valueName":"search_term_string"}}],"inLanguage":"en-US"},{"@type":"Organization","@id":"https:\/\/ediagnostic.ro\/en\/#organization","name":"eDiagnostic","url":"https:\/\/ediagnostic.ro\/en\/","logo":{"@type":"ImageObject","inLanguage":"en-US","@id":"https:\/\/ediagnostic.ro\/en\/#\/schema\/logo\/image\/","url":"https:\/\/ediagnostic.ro\/wp-content\/uploads\/2022\/12\/logo-ediagnostic-fundal-alb_130.png","contentUrl":"https:\/\/ediagnostic.ro\/wp-content\/uploads\/2022\/12\/logo-ediagnostic-fundal-alb_130.png","width":293,"height":130,"caption":"eDiagnostic"},"image":{"@id":"https:\/\/ediagnostic.ro\/en\/#\/schema\/logo\/image\/"}}]}},"_links":{"self":[{"href":"https:\/\/ediagnostic.ro\/en\/wp-json\/wp\/v2\/pages\/447","targetHints":{"allow":["GET"]}}],"collection":[{"href":"https:\/\/ediagnostic.ro\/en\/wp-json\/wp\/v2\/pages"}],"about":[{"href":"https:\/\/ediagnostic.ro\/en\/wp-json\/wp\/v2\/types\/page"}],"author":[{"embeddable":true,"href":"https:\/\/ediagnostic.ro\/en\/wp-json\/wp\/v2\/users\/1"}],"replies":[{"embeddable":true,"href":"https:\/\/ediagnostic.ro\/en\/wp-json\/wp\/v2\/comments?post=447"}],"version-history":[{"count":0,"href":"https:\/\/ediagnostic.ro\/en\/wp-json\/wp\/v2\/pages\/447\/revisions"}],"wp:attachment":[{"href":"https:\/\/ediagnostic.ro\/en\/wp-json\/wp\/v2\/media?parent=447"}],"curies":[{"name":"wp","href":"https:\/\/api.w.org\/{rel}","templated":true}]}}