{"id":427,"date":"2022-12-20T17:26:31","date_gmt":"2022-12-20T17:26:31","guid":{"rendered":"https:\/\/ediagnostic.ro\/?page_id=427"},"modified":"2023-02-07T08:42:48","modified_gmt":"2023-02-07T08:42:48","slug":"about-ediagnostic","status":"publish","type":"page","link":"https:\/\/ediagnostic.ro\/en\/about-ediagnostic\/","title":{"rendered":"About eDiagnostic"},"content":{"rendered":"<div data-elementor-type=\"wp-page\" data-elementor-id=\"427\" class=\"elementor elementor-427\" data-elementor-post-type=\"page\">\n\t\t\t\t<div class=\"elementor-element elementor-element-9f13427 e-flex e-con-boxed e-con e-parent\" data-id=\"9f13427\" data-element_type=\"container\" data-settings=\"{&quot;background_background&quot;:&quot;classic&quot;}\">\n\t\t\t\t\t<div class=\"e-con-inner\">\n\t\t\t\t<div class=\"elementor-element elementor-element-dac8791 elementor-widget__width-inherit elementor-widget elementor-widget-heading\" data-id=\"dac8791\" data-element_type=\"widget\" data-widget_type=\"heading.default\">\n\t\t\t\t<div class=\"elementor-widget-container\">\n\t\t\t\t\t<h1 class=\"elementor-heading-title elementor-size-default\">About eDiagnostic<\/h1>\t\t\t\t<\/div>\n\t\t\t\t<\/div>\n\t\t\t\t<div class=\"elementor-element elementor-element-36a135f elementor-widget elementor-widget-heading\" data-id=\"36a135f\" data-element_type=\"widget\" data-widget_type=\"heading.default\">\n\t\t\t\t<div class=\"elementor-widget-container\">\n\t\t\t\t\t<p class=\"elementor-heading-title elementor-size-default\">Speed<\/p>\t\t\t\t<\/div>\n\t\t\t\t<\/div>\n\t\t\t\t<div class=\"elementor-element elementor-element-6ec8a2f elementor-widget elementor-widget-heading\" data-id=\"6ec8a2f\" data-element_type=\"widget\" data-widget_type=\"heading.default\">\n\t\t\t\t<div class=\"elementor-widget-container\">\n\t\t\t\t\t<p class=\"elementor-heading-title elementor-size-default\">Quality<\/p>\t\t\t\t<\/div>\n\t\t\t\t<\/div>\n\t\t\t\t<div class=\"elementor-element elementor-element-4f2ecfe elementor-widget elementor-widget-heading\" data-id=\"4f2ecfe\" data-element_type=\"widget\" data-widget_type=\"heading.default\">\n\t\t\t\t<div class=\"elementor-widget-container\">\n\t\t\t\t\t<p class=\"elementor-heading-title elementor-size-default\">Professionalism<\/p>\t\t\t\t<\/div>\n\t\t\t\t<\/div>\n\t\t\t\t\t<\/div>\n\t\t\t\t<\/div>\n\t\t<div class=\"elementor-element elementor-element-5102db8 e-flex e-con-boxed e-con e-parent\" data-id=\"5102db8\" data-element_type=\"container\">\n\t\t\t\t\t<div class=\"e-con-inner\">\n\t\t\t\t<div class=\"elementor-element elementor-element-28630d6 elementor-widget elementor-widget-heading\" data-id=\"28630d6\" data-element_type=\"widget\" data-widget_type=\"heading.default\">\n\t\t\t\t<div class=\"elementor-widget-container\">\n\t\t\t\t\t<p class=\"elementor-heading-title elementor-size-default\"><a href=\"https:\/\/ediagnostic.ro\/en\">Home<\/a><\/p>\t\t\t\t<\/div>\n\t\t\t\t<\/div>\n\t\t\t\t<div class=\"elementor-element elementor-element-0fbc7ed elementor-widget elementor-widget-heading\" data-id=\"0fbc7ed\" data-element_type=\"widget\" data-widget_type=\"heading.default\">\n\t\t\t\t<div class=\"elementor-widget-container\">\n\t\t\t\t\t<p class=\"elementor-heading-title elementor-size-default\">&gt;<\/p>\t\t\t\t<\/div>\n\t\t\t\t<\/div>\n\t\t\t\t<div class=\"elementor-element elementor-element-5728d81 elementor-widget elementor-widget-heading\" data-id=\"5728d81\" data-element_type=\"widget\" data-widget_type=\"heading.default\">\n\t\t\t\t<div class=\"elementor-widget-container\">\n\t\t\t\t\t<p class=\"elementor-heading-title elementor-size-default\">About eDiagnostic<\/p>\t\t\t\t<\/div>\n\t\t\t\t<\/div>\n\t\t\t\t\t<\/div>\n\t\t\t\t<\/div>\n\t\t<div class=\"elementor-element elementor-element-ba89ee2 e-flex e-con-boxed e-con e-parent\" data-id=\"ba89ee2\" data-element_type=\"container\">\n\t\t\t\t\t<div class=\"e-con-inner\">\n\t\t\t\t<div class=\"elementor-element elementor-element-8ff9c1d elementor-widget elementor-widget-text-editor\" data-id=\"8ff9c1d\" data-element_type=\"widget\" data-widget_type=\"text-editor.default\">\n\t\t\t\t<div class=\"elementor-widget-container\">\n\t\t\t\t\t\t\t\t\t<p><strong>eDiagnostic Healthcare teleradiology and teleimaging center, launched in the year of its legalization in Romania, with 100% Romanian private capital, through its elite medical team, with longstanding experience in teleradiology and overspecialization in various areas of imaging,  aims to support the work of public and private hospitals and clinics, by establishing correct protocols with them and providing services for the rapid and correct interpretation of remote computer tomography (CT) examinations, magnetic resonance examinations (MRI) and radiographs (X-ray).<\/strong><\/p><p>As patient safety is our priority, we support the quality of medical care both through experience and super-specialisation in the different areas of imaging (neuroradiology, musculoskeletal imaging, abdominal imaging, chest, vascular imaging, ENT imaging) and by providing state-of-the-art technology, including artificial intelligence software and technical and working conditions conducive to the doctors involved being able to provide accurate results in the shortest possible time.<\/p>\t\t\t\t\t\t\t\t<\/div>\n\t\t\t\t<\/div>\n\t\t\t\t<div class=\"elementor-element elementor-element-96180f9 elementor-widget elementor-widget-image\" data-id=\"96180f9\" data-element_type=\"widget\" data-widget_type=\"image.default\">\n\t\t\t\t<div class=\"elementor-widget-container\">\n\t\t\t\t\t\t\t\t\t\t\t\t\t\t\t<img fetchpriority=\"high\" decoding=\"async\" width=\"1600\" height=\"900\" src=\"https:\/\/ediagnostic.ro\/wp-content\/uploads\/2022\/12\/despre.jpg\" class=\"attachment-full size-full wp-image-212\" alt=\"\" srcset=\"https:\/\/ediagnostic.ro\/wp-content\/uploads\/2022\/12\/despre.jpg 1600w, https:\/\/ediagnostic.ro\/wp-content\/uploads\/2022\/12\/despre-300x169.jpg 300w, https:\/\/ediagnostic.ro\/wp-content\/uploads\/2022\/12\/despre-1024x576.jpg 1024w, https:\/\/ediagnostic.ro\/wp-content\/uploads\/2022\/12\/despre-768x432.jpg 768w, https:\/\/ediagnostic.ro\/wp-content\/uploads\/2022\/12\/despre-1536x864.jpg 1536w, https:\/\/ediagnostic.ro\/wp-content\/uploads\/2022\/12\/despre-18x10.jpg 18w\" sizes=\"(max-width: 1600px) 100vw, 1600px\" \/>\t\t\t\t\t\t\t\t\t\t\t\t\t\t\t<\/div>\n\t\t\t\t<\/div>\n\t\t\t\t<div class=\"elementor-element elementor-element-5ed0f20 elementor-widget elementor-widget-text-editor\" data-id=\"5ed0f20\" data-element_type=\"widget\" data-widget_type=\"text-editor.default\">\n\t\t\t\t<div class=\"elementor-widget-container\">\n\t\t\t\t\t\t\t\t\t<p>We want to solve the problem of the lack of radiologists in public hospitals and private clinics in Romania. We are in the age of technology, and teleradiology is the next step in making medical care more efficient, increasing the quality of medical care and the volume of investigations while minimizing costs.<\/p><p>We see ourselves as an important point of support for public or private hospitals and clinics, which are struggling in the context of the significant global shortage of radiologists, and an aid to local authorities in meeting the need for imaging investigations in the population.<\/p><p>We come to the support of our colleagues radiologists or clinicians, constantly or in difficult periods such as leaves\/holidays, to limit their overload. Also, in complex\/specific cases we support our colleagues by second opinion.<\/p><p>The core values that guide our team are the high quality of the services we provide, as well as their efficiency and speed. By combining the extensive experience of our specialists, with the organisation by subspecialties within radiology and additional artificial intelligence programmes, we increase the quality of medical care and shorten the waiting times.<\/p><p><strong>eDIAGNOSTIC, 24 hours a day, 365 days a year, together with fellow radiologists or clinicians in public and private hospitals or clinics in Romania, through imaging services via teleradiology, provided by an elite medical team, with longstanding experience in teleradiology, and subspecialization in the various areas of medical imaging.<\/strong><\/p>\t\t\t\t\t\t\t\t<\/div>\n\t\t\t\t<\/div>\n\t\t\t\t\t<\/div>\n\t\t\t\t<\/div>\n\t\t\t\t<\/div>","protected":false},"excerpt":{"rendered":"<p>Despre eDiagnostic Rapiditate Calitate Profesionalism Acas\u0103 > Despre eDiagnostic Centrul de teleradiologie si teleimagistica eDiagnostic Healthcare, lansat \u00een anul legifer\u0103rii acesteia \u00een Rom\u00e2nia, prin echipa sa medical\u0103 de elit\u0103, cu vast\u0103 experien\u021b\u0103 \u00een teleradiologie, neuroradiologie \u0219i supraspecializ\u0103ri \u00een diferitele arii ale imagisticii, \u00ee\u0219i propune s\u0103 sus\u021bin\u0103 activitatea spitalelor \u0219i clinicilor publice \u0219i private, stabilind protocoale [&hellip;]<\/p>","protected":false},"author":1,"featured_media":0,"parent":0,"menu_order":0,"comment_status":"closed","ping_status":"closed","template":"","meta":{"footnotes":""},"class_list":["post-427","page","type-page","status-publish","hentry"],"yoast_head":"<!-- This site is optimized with the Yoast SEO plugin v26.6 - https:\/\/yoast.com\/wordpress\/plugins\/seo\/ -->\n<title>Despre eDiagnostic - eDiagnostic<\/title>\n<meta name=\"robots\" content=\"index, follow, max-snippet:-1, max-image-preview:large, max-video-preview:-1\" \/>\n<link rel=\"canonical\" href=\"https:\/\/ediagnostic.ro\/en\/about-ediagnostic\/\" \/>\n<meta property=\"og:locale\" content=\"en_US\" \/>\n<meta property=\"og:type\" content=\"article\" \/>\n<meta property=\"og:title\" content=\"Despre eDiagnostic - eDiagnostic\" \/>\n<meta property=\"og:description\" content=\"Despre eDiagnostic Rapiditate Calitate Profesionalism Acas\u0103 &gt; Despre eDiagnostic Centrul de teleradiologie si teleimagistica eDiagnostic Healthcare, lansat \u00een anul legifer\u0103rii acesteia \u00een Rom\u00e2nia, prin echipa sa medical\u0103 de elit\u0103, cu vast\u0103 experien\u021b\u0103 \u00een teleradiologie, neuroradiologie \u0219i supraspecializ\u0103ri \u00een diferitele arii ale imagisticii, \u00ee\u0219i propune s\u0103 sus\u021bin\u0103 activitatea spitalelor \u0219i clinicilor publice \u0219i private, stabilind protocoale [&hellip;]\" \/>\n<meta property=\"og:url\" content=\"https:\/\/ediagnostic.ro\/en\/about-ediagnostic\/\" \/>\n<meta property=\"og:site_name\" content=\"eDiagnostic\" \/>\n<meta property=\"article:modified_time\" content=\"2023-02-07T08:42:48+00:00\" \/>\n<meta property=\"og:image\" content=\"https:\/\/ediagnostic.ro\/wp-content\/uploads\/2022\/12\/despre.jpg\" \/>\n<meta name=\"twitter:card\" content=\"summary_large_image\" \/>\n<meta name=\"twitter:label1\" content=\"Est. reading time\" \/>\n\t<meta name=\"twitter:data1\" content=\"2 minutes\" \/>\n<script type=\"application\/ld+json\" class=\"yoast-schema-graph\">{\"@context\":\"https:\/\/schema.org\",\"@graph\":[{\"@type\":\"WebPage\",\"@id\":\"https:\/\/ediagnostic.ro\/en\/about-ediagnostic\/\",\"url\":\"https:\/\/ediagnostic.ro\/en\/about-ediagnostic\/\",\"name\":\"Despre eDiagnostic - eDiagnostic\",\"isPartOf\":{\"@id\":\"https:\/\/ediagnostic.ro\/en\/#website\"},\"primaryImageOfPage\":{\"@id\":\"https:\/\/ediagnostic.ro\/en\/about-ediagnostic\/#primaryimage\"},\"image\":{\"@id\":\"https:\/\/ediagnostic.ro\/en\/about-ediagnostic\/#primaryimage\"},\"thumbnailUrl\":\"https:\/\/ediagnostic.ro\/wp-content\/uploads\/2022\/12\/despre.jpg\",\"datePublished\":\"2022-12-20T17:26:31+00:00\",\"dateModified\":\"2023-02-07T08:42:48+00:00\",\"breadcrumb\":{\"@id\":\"https:\/\/ediagnostic.ro\/en\/about-ediagnostic\/#breadcrumb\"},\"inLanguage\":\"en-US\",\"potentialAction\":[{\"@type\":\"ReadAction\",\"target\":[\"https:\/\/ediagnostic.ro\/en\/about-ediagnostic\/\"]}]},{\"@type\":\"ImageObject\",\"inLanguage\":\"en-US\",\"@id\":\"https:\/\/ediagnostic.ro\/en\/about-ediagnostic\/#primaryimage\",\"url\":\"https:\/\/ediagnostic.ro\/wp-content\/uploads\/2022\/12\/despre.jpg\",\"contentUrl\":\"https:\/\/ediagnostic.ro\/wp-content\/uploads\/2022\/12\/despre.jpg\"},{\"@type\":\"BreadcrumbList\",\"@id\":\"https:\/\/ediagnostic.ro\/en\/about-ediagnostic\/#breadcrumb\",\"itemListElement\":[{\"@type\":\"ListItem\",\"position\":1,\"name\":\"Prima pagin\u0103\",\"item\":\"https:\/\/ediagnostic.ro\/\"},{\"@type\":\"ListItem\",\"position\":2,\"name\":\"Despre eDiagnostic\"}]},{\"@type\":\"WebSite\",\"@id\":\"https:\/\/ediagnostic.ro\/en\/#website\",\"url\":\"https:\/\/ediagnostic.ro\/en\/\",\"name\":\"eDiagnostic\",\"description\":\"Centru de telemedicin\u0103 cu expertiz\u0103 \u00een teleradiologie\",\"publisher\":{\"@id\":\"https:\/\/ediagnostic.ro\/en\/#organization\"},\"potentialAction\":[{\"@type\":\"SearchAction\",\"target\":{\"@type\":\"EntryPoint\",\"urlTemplate\":\"https:\/\/ediagnostic.ro\/en\/?s={search_term_string}\"},\"query-input\":{\"@type\":\"PropertyValueSpecification\",\"valueRequired\":true,\"valueName\":\"search_term_string\"}}],\"inLanguage\":\"en-US\"},{\"@type\":\"Organization\",\"@id\":\"https:\/\/ediagnostic.ro\/en\/#organization\",\"name\":\"eDiagnostic\",\"url\":\"https:\/\/ediagnostic.ro\/en\/\",\"logo\":{\"@type\":\"ImageObject\",\"inLanguage\":\"en-US\",\"@id\":\"https:\/\/ediagnostic.ro\/en\/#\/schema\/logo\/image\/\",\"url\":\"https:\/\/ediagnostic.ro\/wp-content\/uploads\/2022\/12\/logo-ediagnostic-fundal-alb_130.png\",\"contentUrl\":\"https:\/\/ediagnostic.ro\/wp-content\/uploads\/2022\/12\/logo-ediagnostic-fundal-alb_130.png\",\"width\":293,\"height\":130,\"caption\":\"eDiagnostic\"},\"image\":{\"@id\":\"https:\/\/ediagnostic.ro\/en\/#\/schema\/logo\/image\/\"}}]}<\/script>\n<!-- \/ Yoast SEO plugin. -->","yoast_head_json":{"title":"Despre eDiagnostic - eDiagnostic","robots":{"index":"index","follow":"follow","max-snippet":"max-snippet:-1","max-image-preview":"max-image-preview:large","max-video-preview":"max-video-preview:-1"},"canonical":"https:\/\/ediagnostic.ro\/en\/about-ediagnostic\/","og_locale":"en_US","og_type":"article","og_title":"Despre eDiagnostic - eDiagnostic","og_description":"Despre eDiagnostic Rapiditate Calitate Profesionalism Acas\u0103 > Despre eDiagnostic Centrul de teleradiologie si teleimagistica eDiagnostic Healthcare, lansat \u00een anul legifer\u0103rii acesteia \u00een Rom\u00e2nia, prin echipa sa medical\u0103 de elit\u0103, cu vast\u0103 experien\u021b\u0103 \u00een teleradiologie, neuroradiologie \u0219i supraspecializ\u0103ri \u00een diferitele arii ale imagisticii, \u00ee\u0219i propune s\u0103 sus\u021bin\u0103 activitatea spitalelor \u0219i clinicilor publice \u0219i private, stabilind protocoale [&hellip;]","og_url":"https:\/\/ediagnostic.ro\/en\/about-ediagnostic\/","og_site_name":"eDiagnostic","article_modified_time":"2023-02-07T08:42:48+00:00","og_image":[{"url":"https:\/\/ediagnostic.ro\/wp-content\/uploads\/2022\/12\/despre.jpg","type":"","width":"","height":""}],"twitter_card":"summary_large_image","twitter_misc":{"Est. reading time":"2 minutes"},"schema":{"@context":"https:\/\/schema.org","@graph":[{"@type":"WebPage","@id":"https:\/\/ediagnostic.ro\/en\/about-ediagnostic\/","url":"https:\/\/ediagnostic.ro\/en\/about-ediagnostic\/","name":"Despre eDiagnostic - eDiagnostic","isPartOf":{"@id":"https:\/\/ediagnostic.ro\/en\/#website"},"primaryImageOfPage":{"@id":"https:\/\/ediagnostic.ro\/en\/about-ediagnostic\/#primaryimage"},"image":{"@id":"https:\/\/ediagnostic.ro\/en\/about-ediagnostic\/#primaryimage"},"thumbnailUrl":"https:\/\/ediagnostic.ro\/wp-content\/uploads\/2022\/12\/despre.jpg","datePublished":"2022-12-20T17:26:31+00:00","dateModified":"2023-02-07T08:42:48+00:00","breadcrumb":{"@id":"https:\/\/ediagnostic.ro\/en\/about-ediagnostic\/#breadcrumb"},"inLanguage":"en-US","potentialAction":[{"@type":"ReadAction","target":["https:\/\/ediagnostic.ro\/en\/about-ediagnostic\/"]}]},{"@type":"ImageObject","inLanguage":"en-US","@id":"https:\/\/ediagnostic.ro\/en\/about-ediagnostic\/#primaryimage","url":"https:\/\/ediagnostic.ro\/wp-content\/uploads\/2022\/12\/despre.jpg","contentUrl":"https:\/\/ediagnostic.ro\/wp-content\/uploads\/2022\/12\/despre.jpg"},{"@type":"BreadcrumbList","@id":"https:\/\/ediagnostic.ro\/en\/about-ediagnostic\/#breadcrumb","itemListElement":[{"@type":"ListItem","position":1,"name":"Prima pagin\u0103","item":"https:\/\/ediagnostic.ro\/"},{"@type":"ListItem","position":2,"name":"Despre eDiagnostic"}]},{"@type":"WebSite","@id":"https:\/\/ediagnostic.ro\/en\/#website","url":"https:\/\/ediagnostic.ro\/en\/","name":"eDiagnostic","description":"Telemedicine center with expertise in teleradiology","publisher":{"@id":"https:\/\/ediagnostic.ro\/en\/#organization"},"potentialAction":[{"@type":"SearchAction","target":{"@type":"EntryPoint","urlTemplate":"https:\/\/ediagnostic.ro\/en\/?s={search_term_string}"},"query-input":{"@type":"PropertyValueSpecification","valueRequired":true,"valueName":"search_term_string"}}],"inLanguage":"en-US"},{"@type":"Organization","@id":"https:\/\/ediagnostic.ro\/en\/#organization","name":"eDiagnostic","url":"https:\/\/ediagnostic.ro\/en\/","logo":{"@type":"ImageObject","inLanguage":"en-US","@id":"https:\/\/ediagnostic.ro\/en\/#\/schema\/logo\/image\/","url":"https:\/\/ediagnostic.ro\/wp-content\/uploads\/2022\/12\/logo-ediagnostic-fundal-alb_130.png","contentUrl":"https:\/\/ediagnostic.ro\/wp-content\/uploads\/2022\/12\/logo-ediagnostic-fundal-alb_130.png","width":293,"height":130,"caption":"eDiagnostic"},"image":{"@id":"https:\/\/ediagnostic.ro\/en\/#\/schema\/logo\/image\/"}}]}},"_links":{"self":[{"href":"https:\/\/ediagnostic.ro\/en\/wp-json\/wp\/v2\/pages\/427","targetHints":{"allow":["GET"]}}],"collection":[{"href":"https:\/\/ediagnostic.ro\/en\/wp-json\/wp\/v2\/pages"}],"about":[{"href":"https:\/\/ediagnostic.ro\/en\/wp-json\/wp\/v2\/types\/page"}],"author":[{"embeddable":true,"href":"https:\/\/ediagnostic.ro\/en\/wp-json\/wp\/v2\/users\/1"}],"replies":[{"embeddable":true,"href":"https:\/\/ediagnostic.ro\/en\/wp-json\/wp\/v2\/comments?post=427"}],"version-history":[{"count":0,"href":"https:\/\/ediagnostic.ro\/en\/wp-json\/wp\/v2\/pages\/427\/revisions"}],"wp:attachment":[{"href":"https:\/\/ediagnostic.ro\/en\/wp-json\/wp\/v2\/media?parent=427"}],"curies":[{"name":"wp","href":"https:\/\/api.w.org\/{rel}","templated":true}]}}