{"id":374,"date":"2022-12-20T15:58:18","date_gmt":"2022-12-20T15:58:18","guid":{"rendered":"https:\/\/ediagnostic.ro\/?page_id=374"},"modified":"2023-01-18T14:00:38","modified_gmt":"2023-01-18T14:00:38","slug":"contact-us","status":"publish","type":"page","link":"https:\/\/ediagnostic.ro\/en\/contact-us\/","title":{"rendered":"Contact Us"},"content":{"rendered":"<div data-elementor-type=\"wp-page\" data-elementor-id=\"374\" class=\"elementor elementor-374\" data-elementor-post-type=\"page\">\n\t\t\t\t<div class=\"elementor-element elementor-element-9f13427 e-flex e-con-boxed e-con e-parent\" data-id=\"9f13427\" data-element_type=\"container\" data-settings=\"{&quot;background_background&quot;:&quot;classic&quot;}\">\n\t\t\t\t\t<div class=\"e-con-inner\">\n\t\t\t\t<div class=\"elementor-element elementor-element-dac8791 elementor-widget__width-inherit elementor-widget elementor-widget-heading\" data-id=\"dac8791\" data-element_type=\"widget\" data-widget_type=\"heading.default\">\n\t\t\t\t<div class=\"elementor-widget-container\">\n\t\t\t\t\t<h1 class=\"elementor-heading-title elementor-size-default\">Contact Us<\/h1>\t\t\t\t<\/div>\n\t\t\t\t<\/div>\n\t\t\t\t<div class=\"elementor-element elementor-element-36a135f elementor-widget elementor-widget-heading\" data-id=\"36a135f\" data-element_type=\"widget\" data-widget_type=\"heading.default\">\n\t\t\t\t<div class=\"elementor-widget-container\">\n\t\t\t\t\t<p class=\"elementor-heading-title elementor-size-default\">Phone<\/p>\t\t\t\t<\/div>\n\t\t\t\t<\/div>\n\t\t\t\t<div class=\"elementor-element elementor-element-6ec8a2f elementor-widget elementor-widget-heading\" data-id=\"6ec8a2f\" data-element_type=\"widget\" data-widget_type=\"heading.default\">\n\t\t\t\t<div class=\"elementor-widget-container\">\n\t\t\t\t\t<p class=\"elementor-heading-title elementor-size-default\">E-mail<\/p>\t\t\t\t<\/div>\n\t\t\t\t<\/div>\n\t\t\t\t<div class=\"elementor-element elementor-element-4f2ecfe elementor-widget elementor-widget-heading\" data-id=\"4f2ecfe\" data-element_type=\"widget\" data-widget_type=\"heading.default\">\n\t\t\t\t<div class=\"elementor-widget-container\">\n\t\t\t\t\t<p class=\"elementor-heading-title elementor-size-default\">Contact Form<\/p>\t\t\t\t<\/div>\n\t\t\t\t<\/div>\n\t\t\t\t\t<\/div>\n\t\t\t\t<\/div>\n\t\t<div class=\"elementor-element elementor-element-5102db8 e-flex e-con-boxed e-con e-parent\" data-id=\"5102db8\" data-element_type=\"container\">\n\t\t\t\t\t<div class=\"e-con-inner\">\n\t\t\t\t<div class=\"elementor-element elementor-element-28630d6 elementor-widget elementor-widget-heading\" data-id=\"28630d6\" data-element_type=\"widget\" data-widget_type=\"heading.default\">\n\t\t\t\t<div class=\"elementor-widget-container\">\n\t\t\t\t\t<p class=\"elementor-heading-title elementor-size-default\"><a href=\"https:\/\/ediagnostic.ro\/en\">Home<\/a><\/p>\t\t\t\t<\/div>\n\t\t\t\t<\/div>\n\t\t\t\t<div class=\"elementor-element elementor-element-0fbc7ed elementor-widget elementor-widget-heading\" data-id=\"0fbc7ed\" data-element_type=\"widget\" data-widget_type=\"heading.default\">\n\t\t\t\t<div class=\"elementor-widget-container\">\n\t\t\t\t\t<p class=\"elementor-heading-title elementor-size-default\">&gt;<\/p>\t\t\t\t<\/div>\n\t\t\t\t<\/div>\n\t\t\t\t<div class=\"elementor-element elementor-element-5728d81 elementor-widget elementor-widget-heading\" data-id=\"5728d81\" data-element_type=\"widget\" data-widget_type=\"heading.default\">\n\t\t\t\t<div class=\"elementor-widget-container\">\n\t\t\t\t\t<p class=\"elementor-heading-title elementor-size-default\">Contact Us<\/p>\t\t\t\t<\/div>\n\t\t\t\t<\/div>\n\t\t\t\t\t<\/div>\n\t\t\t\t<\/div>\n\t\t<div class=\"elementor-element elementor-element-ba89ee2 e-flex e-con-boxed e-con e-parent\" data-id=\"ba89ee2\" data-element_type=\"container\">\n\t\t\t\t\t<div class=\"e-con-inner\">\n\t\t\t\t<div class=\"elementor-element elementor-element-dfe741f elementor-widget__width-inherit elementor-widget elementor-widget-heading\" data-id=\"dfe741f\" data-element_type=\"widget\" data-widget_type=\"heading.default\">\n\t\t\t\t<div class=\"elementor-widget-container\">\n\t\t\t\t\t<h2 class=\"elementor-heading-title elementor-size-default\">Medical Teleimaging Center - Teleradiology<\/h2>\t\t\t\t<\/div>\n\t\t\t\t<\/div>\n\t\t\t\t<div class=\"elementor-element elementor-element-063233c elementor-widget__width-inherit elementor-widget elementor-widget-heading\" data-id=\"063233c\" data-element_type=\"widget\" data-widget_type=\"heading.default\">\n\t\t\t\t<div class=\"elementor-widget-container\">\n\t\t\t\t\t<h2 class=\"elementor-heading-title elementor-size-default\"> eDiagnostic Healthcare <\/h2>\t\t\t\t<\/div>\n\t\t\t\t<\/div>\n\t\t<div class=\"elementor-element elementor-element-48cf96b e-con-full e-flex e-con e-parent\" data-id=\"48cf96b\" data-element_type=\"container\">\n\t\t\t\t<div class=\"elementor-element elementor-element-893b76b elementor-widget__width-initial elementor-position-left elementor-view-default elementor-mobile-position-top elementor-widget elementor-widget-icon-box\" data-id=\"893b76b\" data-element_type=\"widget\" data-widget_type=\"icon-box.default\">\n\t\t\t\t<div class=\"elementor-widget-container\">\n\t\t\t\t\t\t\t<div class=\"elementor-icon-box-wrapper\">\n\n\t\t\t\t\t\t<div class=\"elementor-icon-box-icon\">\n\t\t\t\t<span  class=\"elementor-icon\">\n\t\t\t\t<svg xmlns=\"http:\/\/www.w3.org\/2000\/svg\" xmlns:svg=\"http:\/\/www.w3.org\/2000\/svg\" id=\"svg3207\" xml:space=\"preserve\" width=\"682.66669\" height=\"682.66669\" viewbox=\"0 0 682.66669 682.66669\"><defs id=\"defs3211\"><clippath clippathunits=\"userSpaceOnUse\" id=\"clipPath3221\"><path d=\"M 0,512 H 512 V 0 H 0 Z\" id=\"path3219\"><\/path><\/clippath><clippath clippathunits=\"userSpaceOnUse\" id=\"clipPath3241\"><path d=\"M 0,512 H 512 V 0 H 0 Z\" id=\"path3239\"><\/path><\/clippath><\/defs><g id=\"g3213\" transform=\"matrix(1.3333333,0,0,-1.3333333,0,682.66667)\"><g id=\"g3215\"><g id=\"g3217\" clip-path=\"url(#clipPath3221)\"><g id=\"g3223\" transform=\"translate(310.6719,438.001)\"><path d=\"M 0,0 H -297.35\" style=\"fill:none;stroke:#000000;stroke-width:20;stroke-linecap:round;stroke-linejoin:round;stroke-miterlimit:10;stroke-dasharray:none;stroke-opacity:1\" id=\"path3225\"><\/path><\/g><g id=\"g3227\" transform=\"translate(13.3218,74.001)\"><path d=\"M 0,0 H 206.708\" style=\"fill:none;stroke:#000000;stroke-width:20;stroke-linecap:round;stroke-linejoin:round;stroke-miterlimit:10;stroke-dasharray:none;stroke-opacity:1\" id=\"path3229\"><\/path><\/g><\/g><\/g><g id=\"g3231\" transform=\"translate(161.7251,42.001)\"><path d=\"M 0,0 V 0\" style=\"fill:none;stroke:#000000;stroke-width:20;stroke-linecap:round;stroke-linejoin:round;stroke-miterlimit:10;stroke-dasharray:none;stroke-opacity:1\" id=\"path3233\"><\/path><\/g><g id=\"g3235\"><g id=\"g3237\" clip-path=\"url(#clipPath3241)\"><g id=\"g3243\" transform=\"translate(9.9966,211.001)\"><path d=\"m 0,0 v -169 c 0,-17.674 14.327,-32 32,-32 h 240 c 11.046,0 20.785,5.596 26.535,14.108\" style=\"fill:none;stroke:#000000;stroke-width:20;stroke-linecap:round;stroke-linejoin:round;stroke-miterlimit:10;stroke-dasharray:none;stroke-opacity:1\" id=\"path3245\"><\/path><\/g><g id=\"g3247\" transform=\"translate(313.9966,282.668)\"><path d=\"m 0,0 v 187.333 c 0,17.673 -14.327,32 -32,32 h -240 c -17.673,0 -32,-14.327 -32,-32 v -169\" style=\"fill:none;stroke:#000000;stroke-width:20;stroke-linecap:round;stroke-linejoin:round;stroke-miterlimit:10;stroke-dasharray:none;stroke-opacity:1\" id=\"path3249\"><\/path><\/g><g id=\"g3251\" transform=\"translate(357.8516,296.8779)\"><path d=\"m 0,0 v 0 c -10.065,-10.065 -10.065,-26.385 0,-36.45 l -14.496,14.496 c -10.066,10.065 -26.385,10.065 -36.451,0 -10.066,-10.066 -10.066,-26.386 0,-36.451 -10.066,10.065 -26.385,10.065 -36.451,0 -10.065,-10.066 -10.065,-26.385 0,-36.451 l -80.549,80.548 c -10.065,10.067 -26.385,10.067 -36.45,0 -10.066,-10.065 -10.066,-26.384 0,-36.45 l 68.781,-68.781 89.239,-89.239 -58.074,14.091 c -14.277,3.465 -28.709,-5.098 -32.511,-19.289 -3.667,-13.685 3.846,-27.882 17.225,-32.547 l 95.475,-33.289 c 45.907,-16.005 96.924,-4.332 131.302,30.045 v 0.001 c 49.478,49.479 49.478,129.699 0,179.178 L 36.451,0 C 26.385,10.066 10.065,10.066 0,0 Z\" style=\"fill:none;stroke:#000000;stroke-width:20;stroke-linecap:round;stroke-linejoin:round;stroke-miterlimit:10;stroke-dasharray:none;stroke-opacity:1\" id=\"path3253\"><\/path><\/g><g id=\"g3255\" transform=\"translate(270.4536,202.0215)\"><path d=\"M 0,0 49.526,-49.525\" style=\"fill:none;stroke:#000000;stroke-width:20;stroke-linecap:round;stroke-linejoin:round;stroke-miterlimit:10;stroke-dasharray:none;stroke-opacity:1\" id=\"path3257\"><\/path><\/g><g id=\"g3259\" transform=\"translate(306.9043,238.4727)\"><path d=\"M 0,0 52.1,-52.1\" style=\"fill:none;stroke:#000000;stroke-width:20;stroke-linecap:round;stroke-linejoin:round;stroke-miterlimit:10;stroke-dasharray:none;stroke-opacity:1\" id=\"path3261\"><\/path><\/g><g id=\"g3263\" transform=\"translate(357.8516,260.4277)\"><path d=\"M 0,0 38.081,-38.081\" style=\"fill:none;stroke:#000000;stroke-width:20;stroke-linecap:round;stroke-linejoin:round;stroke-miterlimit:10;stroke-dasharray:none;stroke-opacity:1\" id=\"path3265\"><\/path><\/g><g id=\"g3267\" transform=\"translate(100.8813,356.2344)\"><path d=\"M 0,0 C 37.022,37.021 97.047,37.021 134.069,0\" style=\"fill:none;stroke:#000000;stroke-width:20;stroke-linecap:round;stroke-linejoin:round;stroke-miterlimit:10;stroke-dasharray:none;stroke-opacity:1\" id=\"path3269\"><\/path><\/g><g id=\"g3271\" transform=\"translate(133.9312,323.1846)\"><path d=\"M 0,0 C 18.77,18.77 49.201,18.77 67.97,0\" style=\"fill:none;stroke:#000000;stroke-width:20;stroke-linecap:round;stroke-linejoin:round;stroke-miterlimit:10;stroke-dasharray:none;stroke-opacity:1\" id=\"path3273\"><\/path><\/g><g id=\"g3275\" transform=\"translate(10,256.001)\"><path d=\"M 0,0 V 0\" style=\"fill:none;stroke:#000000;stroke-width:20;stroke-linecap:round;stroke-linejoin:round;stroke-miterlimit:10;stroke-dasharray:none;stroke-opacity:1\" id=\"path3277\"><\/path><\/g><\/g><\/g><\/g><\/svg>\t\t\t\t<\/span>\n\t\t\t<\/div>\n\t\t\t\n\t\t\t\t\t\t<div class=\"elementor-icon-box-content\">\n\n\t\t\t\t\n\t\t\t\t\t\t\t\t\t<p class=\"elementor-icon-box-description\">\n\t\t\t\t\t\t+40 755 795 362<br \/>+40 758 097 547 \t\t\t\t\t<\/p>\n\t\t\t\t\n\t\t\t<\/div>\n\t\t\t\n\t\t<\/div>\n\t\t\t\t\t\t<\/div>\n\t\t\t\t<\/div>\n\t\t\t\t<\/div>\n\t\t<div class=\"elementor-element elementor-element-3a2a241 e-con-full e-flex e-con e-parent\" data-id=\"3a2a241\" data-element_type=\"container\">\n\t\t\t\t<div class=\"elementor-element elementor-element-d2abbc1 elementor-widget__width-initial elementor-position-left elementor-view-default elementor-mobile-position-top elementor-widget elementor-widget-icon-box\" data-id=\"d2abbc1\" data-element_type=\"widget\" data-widget_type=\"icon-box.default\">\n\t\t\t\t<div class=\"elementor-widget-container\">\n\t\t\t\t\t\t\t<div class=\"elementor-icon-box-wrapper\">\n\n\t\t\t\t\t\t<div class=\"elementor-icon-box-icon\">\n\t\t\t\t<span  class=\"elementor-icon\">\n\t\t\t\t<svg xmlns=\"http:\/\/www.w3.org\/2000\/svg\" xmlns:xlink=\"http:\/\/www.w3.org\/1999\/xlink\" id=\"Layer_1\" x=\"0px\" y=\"0px\" viewbox=\"0 0 512 512\" style=\"enable-background:new 0 0 512 512;\" xml:space=\"preserve\"><g>\t<g>\t\t<path d=\"M405.333,213.874V106.667c0-23.531-19.135-42.667-42.667-42.667h-320C19.135,64,0,83.135,0,106.667V320   c0,23.531,19.135,42.667,42.667,42.667h239.215C295.858,411.84,341.073,448,394.667,448c20.625,0,40.906-5.427,58.677-15.708   c5.094-2.948,6.844-9.469,3.885-14.573c-2.948-5.104-9.479-6.865-14.573-3.885c-14.521,8.396-31.115,12.833-47.99,12.833   c-52.938,0-96-43.063-96-96s43.063-96,96-96s96,43.063,96,96v10.667c0,11.76-9.573,21.333-21.333,21.333   c-11.76,0-21.333-9.573-21.333-21.333v-42.667c0-5.896-4.771-10.667-10.667-10.667c-2.869,0-5.447,1.161-7.362,3   c-9.428-8.401-21.714-13.667-35.305-13.667c-29.406,0-53.333,23.927-53.333,53.333S365.26,384,394.667,384   c15.896,0,30.03-7.131,39.81-18.202c7.727,10.977,20.44,18.202,34.857,18.202C492.865,384,512,364.865,512,341.333v-10.667   C512,269.569,465.044,219.288,405.333,213.874z M42.667,85.333h320c0.444,0,0.816,0.227,1.254,0.254L211.438,210.75   c-5.427,3.417-13.292,2.708-16.823,0.542L41.426,85.585C41.859,85.559,42.227,85.333,42.667,85.333z M384,213.874   c-59.711,5.414-106.667,55.695-106.667,116.793c0,3.6,0.221,7.148,0.54,10.667H42.667c-11.76,0-21.333-9.573-21.333-21.333   V106.667c0-3.021,0.667-5.874,1.805-8.48l158.883,130.293c6.208,4.052,13.344,6.188,20.646,6.188   c7.021,0,13.885-1.979,19.927-5.729c0.604-0.323,1.177-0.708,1.719-1.156l157.88-129.598c1.139,2.608,1.807,5.461,1.807,8.483   V213.874z M394.667,362.667c-17.646,0-32-14.354-32-32c0-17.646,14.354-32,32-32s32,14.354,32,32   C426.667,348.313,412.313,362.667,394.667,362.667z\"><\/path>\t<\/g><\/g><g><\/g><g><\/g><g><\/g><g><\/g><g><\/g><g><\/g><g><\/g><g><\/g><g><\/g><g><\/g><g><\/g><g><\/g><g><\/g><g><\/g><g><\/g><\/svg>\t\t\t\t<\/span>\n\t\t\t<\/div>\n\t\t\t\n\t\t\t\t\t\t<div class=\"elementor-icon-box-content\">\n\n\t\t\t\t\n\t\t\t\t\t\t\t\t\t<p class=\"elementor-icon-box-description\">\n\t\t\t\t\t\toffice@ediagnostic.ro<br \/>ediagnosticradiology@gmail.com\t\t\t\t\t<\/p>\n\t\t\t\t\n\t\t\t<\/div>\n\t\t\t\n\t\t<\/div>\n\t\t\t\t\t\t<\/div>\n\t\t\t\t<\/div>\n\t\t\t\t<\/div>\n\t\t<div class=\"elementor-element elementor-element-c4b041a e-con-full e-flex e-con e-parent\" data-id=\"c4b041a\" data-element_type=\"container\">\n\t\t\t\t<div class=\"elementor-element elementor-element-df0be5e elementor-widget elementor-widget-google_maps\" data-id=\"df0be5e\" data-element_type=\"widget\" data-widget_type=\"google_maps.default\">\n\t\t\t\t<div class=\"elementor-widget-container\">\n\t\t\t\t\t\t\t<div class=\"elementor-custom-embed\">\n\t\t\t<iframe loading=\"lazy\"\n\t\t\t\t\tsrc=\"https:\/\/maps.google.com\/maps?q=Strada%20Ciucea%20%2C%20Bucure%C8%99ti%2C%20Rom%C3%A2nia&#038;t=m&#038;z=17&#038;output=embed&#038;iwloc=near\"\n\t\t\t\t\ttitle=\"Strada Ciucea , Bucure\u0219ti, Rom\u00e2nia\"\n\t\t\t\t\taria-label=\"Strada Ciucea , Bucure\u0219ti, Rom\u00e2nia\"\n\t\t\t><\/iframe>\n\t\t<\/div>\n\t\t\t\t\t\t<\/div>\n\t\t\t\t<\/div>\n\t\t\t\t<\/div>\n\t\t<div class=\"elementor-element elementor-element-e0683a6 e-con-full e-flex e-con e-parent\" data-id=\"e0683a6\" data-element_type=\"container\">\n\t\t\t\t<div class=\"elementor-element elementor-element-cb87ffb elementor-widget__width-inherit elementor-widget elementor-widget-heading\" data-id=\"cb87ffb\" data-element_type=\"widget\" data-widget_type=\"heading.default\">\n\t\t\t\t<div class=\"elementor-widget-container\">\n\t\t\t\t\t<h3 class=\"elementor-heading-title elementor-size-default\">Contact Form<\/h3>\t\t\t\t<\/div>\n\t\t\t\t<\/div>\n\t\t\t\t<div class=\"elementor-element elementor-element-ae6e152 elementor-button-align-stretch elementor-widget elementor-widget-form\" data-id=\"ae6e152\" data-element_type=\"widget\" data-settings=\"{&quot;step_next_label&quot;:&quot;Next&quot;,&quot;step_previous_label&quot;:&quot;Previous&quot;,&quot;button_width&quot;:&quot;100&quot;,&quot;step_type&quot;:&quot;number_text&quot;,&quot;step_icon_shape&quot;:&quot;circle&quot;}\" data-widget_type=\"form.default\">\n\t\t\t\t<div class=\"elementor-widget-container\">\n\t\t\t\t\t\t\t<form class=\"elementor-form\" method=\"post\" name=\"New Form\" aria-label=\"New Form\" action=\"\">\n\t\t\t<input type=\"hidden\" name=\"post_id\" value=\"374\"\/>\n\t\t\t<input type=\"hidden\" name=\"form_id\" value=\"ae6e152\"\/>\n\t\t\t<input type=\"hidden\" name=\"referer_title\" value=\"eDiagnostic\" \/>\n\n\t\t\t\n\t\t\t<div class=\"elementor-form-fields-wrapper elementor-labels-\">\n\t\t\t\t\t\t\t\t<div class=\"elementor-field-type-text elementor-field-group elementor-column elementor-field-group-nume elementor-col-75 elementor-field-required\">\n\t\t\t\t\t\t\t\t\t\t\t\t<label for=\"form-field-nume\" class=\"elementor-field-label elementor-screen-only\">\n\t\t\t\t\t\t\t\tNume\t\t\t\t\t\t\t<\/label>\n\t\t\t\t\t\t\t\t\t\t\t\t\t\t<input size=\"1\" type=\"text\" name=\"form_fields[nume]\" id=\"form-field-nume\" class=\"elementor-field elementor-size-sm  elementor-field-textual\" placeholder=\"Name and surname\" required=\"required\">\n\t\t\t\t\t\t\t\t\t\t\t<\/div>\n\t\t\t\t\t\t\t\t<div class=\"elementor-field-type-email elementor-field-group elementor-column elementor-field-group-email elementor-col-50 elementor-field-required\">\n\t\t\t\t\t\t\t\t\t\t\t\t<label for=\"form-field-email\" class=\"elementor-field-label elementor-screen-only\">\n\t\t\t\t\t\t\t\tEmail\t\t\t\t\t\t\t<\/label>\n\t\t\t\t\t\t\t\t\t\t\t\t\t\t<input size=\"1\" type=\"email\" name=\"form_fields[email]\" id=\"form-field-email\" class=\"elementor-field elementor-size-sm  elementor-field-textual\" placeholder=\"E-mail adress\" required=\"required\">\n\t\t\t\t\t\t\t\t\t\t\t<\/div>\n\t\t\t\t\t\t\t\t<div class=\"elementor-field-type-tel elementor-field-group elementor-column elementor-field-group-telefon elementor-col-50\">\n\t\t\t\t\t\t\t\t\t\t\t\t<label for=\"form-field-telefon\" class=\"elementor-field-label elementor-screen-only\">\n\t\t\t\t\t\t\t\tPhone\t\t\t\t\t\t\t<\/label>\n\t\t\t\t\t\t\t\t<input size=\"1\" type=\"tel\" name=\"form_fields[telefon]\" id=\"form-field-telefon\" class=\"elementor-field elementor-size-sm  elementor-field-textual\" placeholder=\"Phone\" pattern=\"[0-9()#&amp;+*-=.]+\" title=\"Only numbers and phone characters (#, -, *, etc) are accepted.\">\n\n\t\t\t\t\t\t<\/div>\n\t\t\t\t\t\t\t\t<div class=\"elementor-field-type-textarea elementor-field-group elementor-column elementor-field-group-mesaj elementor-col-100 elementor-field-required\">\n\t\t\t\t\t\t\t\t\t\t\t\t<label for=\"form-field-mesaj\" class=\"elementor-field-label elementor-screen-only\">\n\t\t\t\t\t\t\t\tMesaj\t\t\t\t\t\t\t<\/label>\n\t\t\t\t\t\t<textarea class=\"elementor-field-textual elementor-field  elementor-size-sm\" name=\"form_fields[mesaj]\" id=\"form-field-mesaj\" rows=\"5\" placeholder=\"Your message here\" required=\"required\"><\/textarea>\t\t\t\t<\/div>\n\t\t\t\t\t\t\t\t<div class=\"elementor-field-type-acceptance elementor-field-group elementor-column elementor-field-group-field_e694ae3 elementor-col-100 elementor-field-required\">\n\t\t\t\t\t\t\t\t\t\t\t\t<label for=\"form-field-field_e694ae3\" class=\"elementor-field-label elementor-screen-only\">\n\t\t\t\t\t\t\t\tAcord\t\t\t\t\t\t\t<\/label>\n\t\t\t\t\t\t\t\t<div class=\"elementor-field-subgroup\">\n\t\t\t<span class=\"elementor-field-option\">\n\t\t\t\t<input type=\"checkbox\" name=\"form_fields[field_e694ae3]\" id=\"form-field-field_e694ae3\" class=\"elementor-field elementor-size-sm  elementor-acceptance-field\" required=\"required\">\n\t\t\t\t<label for=\"form-field-field_e694ae3\">I read <a href=\"\/en\/privacy-policy\/\" target=\"_blank\">Privacy policy<\/a> and I agree that my personal data will be processed in accordance with EU Regulation 679\/2016.<\/label>\t\t\t<\/span>\n\t\t<\/div>\n\t\t\t\t\t\t<\/div>\n\t\t\t\t\t\t\t\t<div class=\"elementor-field-type-recaptcha_v3 elementor-field-group elementor-column elementor-field-group-field_c9aa4bd elementor-col-100 recaptcha_v3-bottomright\">\n\t\t\t\t\t<div class=\"elementor-field\" id=\"form-field-field_c9aa4bd\"><div class=\"elementor-g-recaptcha\" data-sitekey=\"6Lcgz5cjAAAAAHsHjNHNIaylJrpFF6OAWRRX23tg\" data-type=\"v3\" data-action=\"Form\" data-badge=\"bottomright\" data-size=\"invisible\"><\/div><\/div>\t\t\t\t<\/div>\n\t\t\t\t\t\t\t\t<div class=\"elementor-field-group elementor-column elementor-field-type-submit elementor-col-100 e-form__buttons\">\n\t\t\t\t\t<button class=\"elementor-button elementor-size-sm\" type=\"submit\">\n\t\t\t\t\t\t<span class=\"elementor-button-content-wrapper\">\n\t\t\t\t\t\t\t\t\t\t\t\t\t\t\t\t\t\t\t\t\t\t<span class=\"elementor-button-text\">Send the message<\/span>\n\t\t\t\t\t\t\t\t\t\t\t\t\t<\/span>\n\t\t\t\t\t<\/button>\n\t\t\t\t<\/div>\n\t\t\t<\/div>\n\t\t<input type=\"hidden\" name=\"trp-form-language\" value=\"en\"\/><\/form>\n\t\t\t\t\t\t<\/div>\n\t\t\t\t<\/div>\n\t\t\t\t<\/div>\n\t\t\t\t\t<\/div>\n\t\t\t\t<\/div>\n\t\t\t\t<\/div>","protected":false},"excerpt":{"rendered":"<p>Contact Telefon E-mail Formular contact Acas\u0103 > Contact Centrul de Teleimagistica medical\u0103 \u2013 Teleradiologie eDiagnostic Healthcare +40 755 795 362+40 758 097 547 office@ediagnostic.roediagnosticradiology@gmail.com Formular de contact<\/p>","protected":false},"author":1,"featured_media":0,"parent":0,"menu_order":0,"comment_status":"closed","ping_status":"closed","template":"","meta":{"footnotes":""},"class_list":["post-374","page","type-page","status-publish","hentry"],"yoast_head":"<!-- This site is optimized with the Yoast SEO plugin v26.6 - https:\/\/yoast.com\/wordpress\/plugins\/seo\/ -->\n<title>Contact - eDiagnostic<\/title>\n<meta name=\"robots\" content=\"index, follow, max-snippet:-1, max-image-preview:large, max-video-preview:-1\" \/>\n<link rel=\"canonical\" href=\"https:\/\/ediagnostic.ro\/en\/contact-us\/\" \/>\n<meta property=\"og:locale\" content=\"en_US\" \/>\n<meta property=\"og:type\" content=\"article\" \/>\n<meta property=\"og:title\" content=\"Contact - eDiagnostic\" \/>\n<meta property=\"og:description\" content=\"Contact Telefon E-mail Formular contact Acas\u0103 &gt; Contact Centrul de Teleimagistica medical\u0103 \u2013 Teleradiologie eDiagnostic Healthcare +40 755 795 362+40 758 097 547 office@ediagnostic.roediagnosticradiology@gmail.com Formular de contact\" \/>\n<meta property=\"og:url\" content=\"https:\/\/ediagnostic.ro\/en\/contact-us\/\" \/>\n<meta property=\"og:site_name\" content=\"eDiagnostic\" \/>\n<meta property=\"article:modified_time\" content=\"2023-01-18T14:00:38+00:00\" \/>\n<meta name=\"twitter:card\" content=\"summary_large_image\" \/>\n<script type=\"application\/ld+json\" class=\"yoast-schema-graph\">{\"@context\":\"https:\/\/schema.org\",\"@graph\":[{\"@type\":\"WebPage\",\"@id\":\"https:\/\/ediagnostic.ro\/contact\/\",\"url\":\"https:\/\/ediagnostic.ro\/contact\/\",\"name\":\"Contact - eDiagnostic\",\"isPartOf\":{\"@id\":\"https:\/\/ediagnostic.ro\/en\/#website\"},\"datePublished\":\"2022-12-20T15:58:18+00:00\",\"dateModified\":\"2023-01-18T14:00:38+00:00\",\"breadcrumb\":{\"@id\":\"https:\/\/ediagnostic.ro\/contact\/#breadcrumb\"},\"inLanguage\":\"en-US\",\"potentialAction\":[{\"@type\":\"ReadAction\",\"target\":[\"https:\/\/ediagnostic.ro\/contact\/\"]}]},{\"@type\":\"BreadcrumbList\",\"@id\":\"https:\/\/ediagnostic.ro\/contact\/#breadcrumb\",\"itemListElement\":[{\"@type\":\"ListItem\",\"position\":1,\"name\":\"Prima pagin\u0103\",\"item\":\"https:\/\/ediagnostic.ro\/\"},{\"@type\":\"ListItem\",\"position\":2,\"name\":\"Contact\"}]},{\"@type\":\"WebSite\",\"@id\":\"https:\/\/ediagnostic.ro\/en\/#website\",\"url\":\"https:\/\/ediagnostic.ro\/en\/\",\"name\":\"eDiagnostic\",\"description\":\"Centru de telemedicin\u0103 cu expertiz\u0103 \u00een teleradiologie\",\"publisher\":{\"@id\":\"https:\/\/ediagnostic.ro\/en\/#organization\"},\"potentialAction\":[{\"@type\":\"SearchAction\",\"target\":{\"@type\":\"EntryPoint\",\"urlTemplate\":\"https:\/\/ediagnostic.ro\/en\/?s={search_term_string}\"},\"query-input\":{\"@type\":\"PropertyValueSpecification\",\"valueRequired\":true,\"valueName\":\"search_term_string\"}}],\"inLanguage\":\"en-US\"},{\"@type\":\"Organization\",\"@id\":\"https:\/\/ediagnostic.ro\/en\/#organization\",\"name\":\"eDiagnostic\",\"url\":\"https:\/\/ediagnostic.ro\/en\/\",\"logo\":{\"@type\":\"ImageObject\",\"inLanguage\":\"en-US\",\"@id\":\"https:\/\/ediagnostic.ro\/en\/#\/schema\/logo\/image\/\",\"url\":\"https:\/\/ediagnostic.ro\/wp-content\/uploads\/2022\/12\/logo-ediagnostic-fundal-alb_130.png\",\"contentUrl\":\"https:\/\/ediagnostic.ro\/wp-content\/uploads\/2022\/12\/logo-ediagnostic-fundal-alb_130.png\",\"width\":293,\"height\":130,\"caption\":\"eDiagnostic\"},\"image\":{\"@id\":\"https:\/\/ediagnostic.ro\/en\/#\/schema\/logo\/image\/\"}}]}<\/script>\n<!-- \/ Yoast SEO plugin. -->","yoast_head_json":{"title":"Contact - eDiagnostic","robots":{"index":"index","follow":"follow","max-snippet":"max-snippet:-1","max-image-preview":"max-image-preview:large","max-video-preview":"max-video-preview:-1"},"canonical":"https:\/\/ediagnostic.ro\/en\/contact-us\/","og_locale":"en_US","og_type":"article","og_title":"Contact - eDiagnostic","og_description":"Contact Telefon E-mail Formular contact Acas\u0103 > Contact Centrul de Teleimagistica medical\u0103 \u2013 Teleradiologie eDiagnostic Healthcare +40 755 795 362+40 758 097 547 office@ediagnostic.roediagnosticradiology@gmail.com Formular de contact","og_url":"https:\/\/ediagnostic.ro\/en\/contact-us\/","og_site_name":"eDiagnostic","article_modified_time":"2023-01-18T14:00:38+00:00","twitter_card":"summary_large_image","schema":{"@context":"https:\/\/schema.org","@graph":[{"@type":"WebPage","@id":"https:\/\/ediagnostic.ro\/contact\/","url":"https:\/\/ediagnostic.ro\/contact\/","name":"Contact - eDiagnostic","isPartOf":{"@id":"https:\/\/ediagnostic.ro\/en\/#website"},"datePublished":"2022-12-20T15:58:18+00:00","dateModified":"2023-01-18T14:00:38+00:00","breadcrumb":{"@id":"https:\/\/ediagnostic.ro\/contact\/#breadcrumb"},"inLanguage":"en-US","potentialAction":[{"@type":"ReadAction","target":["https:\/\/ediagnostic.ro\/contact\/"]}]},{"@type":"BreadcrumbList","@id":"https:\/\/ediagnostic.ro\/contact\/#breadcrumb","itemListElement":[{"@type":"ListItem","position":1,"name":"Prima pagin\u0103","item":"https:\/\/ediagnostic.ro\/"},{"@type":"ListItem","position":2,"name":"Contact"}]},{"@type":"WebSite","@id":"https:\/\/ediagnostic.ro\/en\/#website","url":"https:\/\/ediagnostic.ro\/en\/","name":"eDiagnostic","description":"Telemedicine center with expertise in teleradiology","publisher":{"@id":"https:\/\/ediagnostic.ro\/en\/#organization"},"potentialAction":[{"@type":"SearchAction","target":{"@type":"EntryPoint","urlTemplate":"https:\/\/ediagnostic.ro\/en\/?s={search_term_string}"},"query-input":{"@type":"PropertyValueSpecification","valueRequired":true,"valueName":"search_term_string"}}],"inLanguage":"en-US"},{"@type":"Organization","@id":"https:\/\/ediagnostic.ro\/en\/#organization","name":"eDiagnostic","url":"https:\/\/ediagnostic.ro\/en\/","logo":{"@type":"ImageObject","inLanguage":"en-US","@id":"https:\/\/ediagnostic.ro\/en\/#\/schema\/logo\/image\/","url":"https:\/\/ediagnostic.ro\/wp-content\/uploads\/2022\/12\/logo-ediagnostic-fundal-alb_130.png","contentUrl":"https:\/\/ediagnostic.ro\/wp-content\/uploads\/2022\/12\/logo-ediagnostic-fundal-alb_130.png","width":293,"height":130,"caption":"eDiagnostic"},"image":{"@id":"https:\/\/ediagnostic.ro\/en\/#\/schema\/logo\/image\/"}}]}},"_links":{"self":[{"href":"https:\/\/ediagnostic.ro\/en\/wp-json\/wp\/v2\/pages\/374","targetHints":{"allow":["GET"]}}],"collection":[{"href":"https:\/\/ediagnostic.ro\/en\/wp-json\/wp\/v2\/pages"}],"about":[{"href":"https:\/\/ediagnostic.ro\/en\/wp-json\/wp\/v2\/types\/page"}],"author":[{"embeddable":true,"href":"https:\/\/ediagnostic.ro\/en\/wp-json\/wp\/v2\/users\/1"}],"replies":[{"embeddable":true,"href":"https:\/\/ediagnostic.ro\/en\/wp-json\/wp\/v2\/comments?post=374"}],"version-history":[{"count":0,"href":"https:\/\/ediagnostic.ro\/en\/wp-json\/wp\/v2\/pages\/374\/revisions"}],"wp:attachment":[{"href":"https:\/\/ediagnostic.ro\/en\/wp-json\/wp\/v2\/media?parent=374"}],"curies":[{"name":"wp","href":"https:\/\/api.w.org\/{rel}","templated":true}]}}