{"id":3,"date":"2022-12-19T09:37:03","date_gmt":"2022-12-19T09:37:03","guid":{"rendered":"http:\/\/ediagnostic.ro\/?page_id=3"},"modified":"2022-12-21T16:04:15","modified_gmt":"2022-12-21T16:04:15","slug":"privacy-policy","status":"publish","type":"page","link":"https:\/\/ediagnostic.ro\/en\/privacy-policy\/","title":{"rendered":"Privacy policy"},"content":{"rendered":"<div data-elementor-type=\"wp-page\" data-elementor-id=\"3\" class=\"elementor elementor-3\" data-elementor-post-type=\"page\">\n\t\t\t\t<div class=\"elementor-element elementor-element-38da34a e-flex e-con-boxed e-con e-parent\" data-id=\"38da34a\" data-element_type=\"container\" data-settings=\"{&quot;background_background&quot;:&quot;classic&quot;}\">\n\t\t\t\t\t<div class=\"e-con-inner\">\n\t\t\t\t<div class=\"elementor-element elementor-element-7ee2302 elementor-widget__width-inherit elementor-widget elementor-widget-heading\" data-id=\"7ee2302\" data-element_type=\"widget\" data-widget_type=\"heading.default\">\n\t\t\t\t<div class=\"elementor-widget-container\">\n\t\t\t\t\t<h1 class=\"elementor-heading-title elementor-size-default\">Privacy policy<\/h1>\t\t\t\t<\/div>\n\t\t\t\t<\/div>\n\t\t\t\t\t<\/div>\n\t\t\t\t<\/div>\n\t\t<div class=\"elementor-element elementor-element-9eb9951 e-flex e-con-boxed e-con e-parent\" data-id=\"9eb9951\" data-element_type=\"container\">\n\t\t\t\t\t<div class=\"e-con-inner\">\n\t\t\t\t<div class=\"elementor-element elementor-element-b456226 elementor-widget elementor-widget-heading\" data-id=\"b456226\" data-element_type=\"widget\" data-widget_type=\"heading.default\">\n\t\t\t\t<div class=\"elementor-widget-container\">\n\t\t\t\t\t<p class=\"elementor-heading-title elementor-size-default\"><a href=\"https:\/\/ediagnostic.ro\/en\">Home<\/a><\/p>\t\t\t\t<\/div>\n\t\t\t\t<\/div>\n\t\t\t\t<div class=\"elementor-element elementor-element-0104705 elementor-widget elementor-widget-heading\" data-id=\"0104705\" data-element_type=\"widget\" data-widget_type=\"heading.default\">\n\t\t\t\t<div class=\"elementor-widget-container\">\n\t\t\t\t\t<p class=\"elementor-heading-title elementor-size-default\">&gt;<\/p>\t\t\t\t<\/div>\n\t\t\t\t<\/div>\n\t\t\t\t<div class=\"elementor-element elementor-element-24a94d2 elementor-widget elementor-widget-heading\" data-id=\"24a94d2\" data-element_type=\"widget\" data-widget_type=\"heading.default\">\n\t\t\t\t<div class=\"elementor-widget-container\">\n\t\t\t\t\t<p class=\"elementor-heading-title elementor-size-default\">Privacy policy<\/p>\t\t\t\t<\/div>\n\t\t\t\t<\/div>\n\t\t\t\t\t<\/div>\n\t\t\t\t<\/div>\n\t\t<div class=\"elementor-element elementor-element-61825f09 e-flex e-con-boxed e-con e-parent\" data-id=\"61825f09\" data-element_type=\"container\" data-settings=\"{&quot;background_background&quot;:&quot;classic&quot;}\">\n\t\t\t\t\t<div class=\"e-con-inner\">\n\t\t\t\t<div class=\"elementor-element elementor-element-516bb0d0 elementor-widget elementor-widget-heading\" data-id=\"516bb0d0\" data-element_type=\"widget\" data-widget_type=\"heading.default\">\n\t\t\t\t<div class=\"elementor-widget-container\">\n\t\t\t\t\t<h4 class=\"elementor-heading-title elementor-size-default\">I. General information<\/h4>\t\t\t\t<\/div>\n\t\t\t\t<\/div>\n\t\t\t\t<div class=\"elementor-element elementor-element-3fa3c93 elementor-widget elementor-widget-text-editor\" data-id=\"3fa3c93\" data-element_type=\"widget\" data-widget_type=\"text-editor.default\">\n\t\t\t\t<div class=\"elementor-widget-container\">\n\t\t\t\t\t\t\t\t\t<p>The confidentiality of your personal data is one of the main concerns of Ediagnostic Healthcare SRL, CIF\/CNP: 46093032, Reg. Com.: J17\/752\/2022, Address: 12 Teiului str., Sendreni, Galati, as data operator.<\/p><p><strong>This document is intended to inform you about the processing of your personal data, in the context of using the website https:\/\/ediagnostic.ro\/ (the \"Site\").<\/strong><\/p>\t\t\t\t\t\t\t\t<\/div>\n\t\t\t\t<\/div>\n\t\t\t\t<div class=\"elementor-element elementor-element-61144e03 elementor-widget elementor-widget-heading\" data-id=\"61144e03\" data-element_type=\"widget\" data-widget_type=\"heading.default\">\n\t\t\t\t<div class=\"elementor-widget-container\">\n\t\t\t\t\t<h4 class=\"elementor-heading-title elementor-size-default\">II. Categories of personal data processed<\/h4>\t\t\t\t<\/div>\n\t\t\t\t<\/div>\n\t\t\t\t<div class=\"elementor-element elementor-element-564c94cc elementor-widget elementor-widget-text-editor\" data-id=\"564c94cc\" data-element_type=\"widget\" data-widget_type=\"text-editor.default\">\n\t\t\t\t<div class=\"elementor-widget-container\">\n\t\t\t\t\t\t\t\t\t<p>II.1. If you are a visitor to the Site, Ediagnostic Healthcare SRL will process your personal data that you provide directly in the context of using the Site, such as the data that you provide in the contact \/ questions \/ complaints section, to the extent that you contact us in this way.<\/p>\t\t\t\t\t\t\t\t<\/div>\n\t\t\t\t<\/div>\n\t\t\t\t<div class=\"elementor-element elementor-element-533dc45c elementor-widget elementor-widget-heading\" data-id=\"533dc45c\" data-element_type=\"widget\" data-widget_type=\"heading.default\">\n\t\t\t\t<div class=\"elementor-widget-container\">\n\t\t\t\t\t<h4 class=\"elementor-heading-title elementor-size-default\">III. Purposes and grounds of processing<\/h4>\t\t\t\t<\/div>\n\t\t\t\t<\/div>\n\t\t\t\t<div class=\"elementor-element elementor-element-4543a0b3 elementor-widget elementor-widget-text-editor\" data-id=\"4543a0b3\" data-element_type=\"widget\" data-widget_type=\"text-editor.default\">\n\t\t\t\t<div class=\"elementor-widget-container\">\n\t\t\t\t\t\t\t\t\t<p>III.1. If you are a visitor to the Website, Ediagnostic Healthcare SRL processes your personal data as follows:<br \/>- for marketing activities, respectively for the transmission, by means of remote communication means (e-mail, sms), of commercial communications regarding the products and services offered by Ediagnostic Healthcare SRL, through the Site.<br \/><em>Basis:<\/em> The processing of your data for this purpose is based on your consent, if you choose to provide it.<\/p><p>You can express your consent to the processing of data for this purpose by filling in and checking the appropriate box in the form available on the Site. To unsubscribe from receiving such commercial communications, you can use the option at the end of each e-mail\/sms containing commercial communications.<\/p><p>Providing your data for this purpose is voluntary. The refusal to provide consent for the processing of your data for this purpose will not have negative consequences for you.<\/p><p>\u2013 to resolve complaints, complaints and to monitor traffic and improve your experience on the Site.<br \/><em>Basis:<\/em> The processing of your data for this purpose is based on the legitimate interest of Ediagnostic Healthcare SRL to ensure the correct functioning of the Site, as well as to permanently improve the experience of the Site's visitors, including by solving various comments, questions or complaints.<\/p><p>Providing your data for this purpose is voluntary. Refusal to provide data for this purpose will have no negative consequences for you.<\/p>\t\t\t\t\t\t\t\t<\/div>\n\t\t\t\t<\/div>\n\t\t\t\t<div class=\"elementor-element elementor-element-7905d4f8 elementor-widget elementor-widget-heading\" data-id=\"7905d4f8\" data-element_type=\"widget\" data-widget_type=\"heading.default\">\n\t\t\t\t<div class=\"elementor-widget-container\">\n\t\t\t\t\t<h4 class=\"elementor-heading-title elementor-size-default\">IV. The duration for which we process your data<\/h4>\t\t\t\t<\/div>\n\t\t\t\t<\/div>\n\t\t\t\t<div class=\"elementor-element elementor-element-50e2a78 elementor-widget elementor-widget-text-editor\" data-id=\"50e2a78\" data-element_type=\"widget\" data-widget_type=\"text-editor.default\">\n\t\t\t\t<div class=\"elementor-widget-container\">\n\t\t\t\t\t\t\t\t\t<p>As a principle, Ediagnostic Healthcare SRL will process your personal data as much as is necessary to achieve the processing purposes mentioned above.<\/p><p>If you withdraw your consent for data processing for marketing purposes, Ediagnostic Healthcare SRL will stop processing your personal data for this purpose, without affecting the processing carried out by Ediagnostic Healthcare SRL based on the consent expressed by you before its withdrawal.<\/p>\t\t\t\t\t\t\t\t<\/div>\n\t\t\t\t<\/div>\n\t\t\t\t<div class=\"elementor-element elementor-element-8aa4755 elementor-widget elementor-widget-heading\" data-id=\"8aa4755\" data-element_type=\"widget\" data-widget_type=\"heading.default\">\n\t\t\t\t<div class=\"elementor-widget-container\">\n\t\t\t\t\t<h4 class=\"elementor-heading-title elementor-size-default\">V. Disclosure of personal data<\/h4>\t\t\t\t<\/div>\n\t\t\t\t<\/div>\n\t\t\t\t<div class=\"elementor-element elementor-element-48e80737 elementor-widget elementor-widget-text-editor\" data-id=\"48e80737\" data-element_type=\"widget\" data-widget_type=\"text-editor.default\">\n\t\t\t\t<div class=\"elementor-widget-container\">\n\t\t\t\t\t\t\t\t\t<p>In order to fulfill the processing purposes, Ediagnostic Healthcare SRL may disclose your data to partners, to third parties or entities that support Ediagnostic Healthcare SRL in carrying out its activities through the Site (for example, courier companies, IT service providers), or to the authorities central\/local public, in the following cases listed by way of example:<br \/>\u2013 for the administration of the Site;<br \/>- in situations where this communication would be necessary for awarding prizes or other facilities to the persons concerned, obtained as a result of their participation in various promotional campaigns organized by Ediagnostic Healthcare SRL through the Site;<br \/>\u2013 for maintaining, customizing and improving the Site and the services provided through it;<br \/>\u2013 to perform data analysis, testing and research, monitoring usage and activity trends, developing security features and user authentication;<br \/>\u2013 for the transmission of commercial marketing communications, under the conditions and limits provided by law;<br \/>\u2013 when the disclosure of personal data is provided by law, etc.<\/p>\t\t\t\t\t\t\t\t<\/div>\n\t\t\t\t<\/div>\n\t\t\t\t<div class=\"elementor-element elementor-element-53212c89 elementor-widget elementor-widget-heading\" data-id=\"53212c89\" data-element_type=\"widget\" data-widget_type=\"heading.default\">\n\t\t\t\t<div class=\"elementor-widget-container\">\n\t\t\t\t\t<h4 class=\"elementor-heading-title elementor-size-default\">VI. Transfer of personal data<\/h4>\t\t\t\t<\/div>\n\t\t\t\t<\/div>\n\t\t\t\t<div class=\"elementor-element elementor-element-16bff3dc elementor-widget elementor-widget-text-editor\" data-id=\"16bff3dc\" data-element_type=\"widget\" data-widget_type=\"text-editor.default\">\n\t\t\t\t<div class=\"elementor-widget-container\">\n\t\t\t\t\t\t\t\t\t<p>The personal data provided to Ediagnostic Healthcare SRL can be transferred outside Romania, but only to countries in the European Union.<\/p>\t\t\t\t\t\t\t\t<\/div>\n\t\t\t\t<\/div>\n\t\t\t\t<div class=\"elementor-element elementor-element-28314c71 elementor-widget elementor-widget-heading\" data-id=\"28314c71\" data-element_type=\"widget\" data-widget_type=\"heading.default\">\n\t\t\t\t<div class=\"elementor-widget-container\">\n\t\t\t\t\t<h4 class=\"elementor-heading-title elementor-size-default\">VII. Your rights<\/h4>\t\t\t\t<\/div>\n\t\t\t\t<\/div>\n\t\t\t\t<div class=\"elementor-element elementor-element-f31ab47 elementor-widget elementor-widget-text-editor\" data-id=\"f31ab47\" data-element_type=\"widget\" data-widget_type=\"text-editor.default\">\n\t\t\t\t<div class=\"elementor-widget-container\">\n\t\t\t\t\t\t\t\t\t<p>Under the conditions provided by the legislation on the processing of personal data, as data subjects, you benefit from the following rights:<br \/>\u2013 the right to information, respectively the right to receive details regarding the processing activities carried out by Ediagnostic Healthcare SRL, according to what is described in this document;<br \/>- the right to access data, respectively the right to obtain confirmation from Ediagnostic Healthcare SRL regarding the processing of personal data, as well as details regarding processing activities such as the manner in which the data are processed, the purpose for which the processing is done, the recipients or categories of data recipients, etc.;<br \/>\u2013 the right to rectification, respectively the right to obtain the correction, without justified delay, by Ediagnostic Healthcare SRL of inaccurate\/unjustified personal data, as well as the completion of incomplete data; The correction\/completion will be communicated to each recipient to whom the data were sent, unless this proves impossible or involves disproportionate efforts.<br \/>- the right to delete data, without undue delay, (\"the right to be forgotten\"), if one of the following reasons applies:<br \/>\u2014 they are no longer necessary to fulfill the purposes for which they were collected or processed;<br \/>\u2014 if consent is withdrawn and there is no other legal basis for processing;<br \/>\u2014 if the data subject objects to the processing and there are no legitimate reasons to prevail;<br \/>\u2014 if the personal data were processed illegally;<br \/>\u2014 if personal data must be deleted to comply with a legal obligation;<br \/>\u2014 the personal data were collected in connection with the provision of information society services according to the Union law or the internal law to which the operator is subject.<br \/>It is possible that, following the data deletion request, Ediagnostic Healthcare SRL will anonymize these data (thus depriving them of their personal character) and continue processing for statistical purposes under these conditions;<br \/>\u2013 the right to restrict processing to the extent that:<br \/>- the person contests the accuracy of the data, for a period that allows us to verify the correctness of the data;<br \/>\u2013 the processing is illegal, and the data subject opposes the deletion of personal data, requesting instead the restriction of their use;<br \/>- the operator no longer needs the personal data for the purpose of processing, but the data subject requests them for establishing, exercising or defending a right in court; or<br \/>\u2013 the data subject has objected to the processing (other than those for direct marketing), for the time interval in which it is verified whether the legitimate rights of the operator prevail over those of the data subject.<br \/>\u2013 the right to data portability, respectively (i) the right to receive personal data in a structured way, commonly used and in an easy-to-read format, as well as (ii) the right to have this data transmitted by to Ediagnostic Healthcare SRL to another data operator, to the extent that the conditions stipulated by law are met;<br \/>- the right to opposition - with regard to processing activities can be exercised by submitting a request as indicated below;<br \/>at any time, for reasons related to the particular situation in which the data subject is, that the data concerning him\/her be processed on the basis of the legitimate interest of Ediagnostic Healthcare SRL or on the basis of the public interest, except in cases where Ediagnostic Healthcare SRL can demonstrate that has legitimate and compelling reasons that justify the processing and that prevail over the interests, rights and freedoms of the data subjects or that the purpose is to establish, exercise or defend a right in court;<br \/>at any time, free of charge and without any justification, that the data concerning it be processed for direct marketing purposes.<br \/>\u2013 the right not to be subject to an automated individual decision, i.e. the right not to be the subject of a decision taken solely on the basis of automated processing activities, including the creation of profiles, which produce legal effects that concern the data subject or affect him in a similar way to a significant extent;<br \/>\u2013 the right to address the National Supervisory Authority for the Processing of Personal Data or the competent courts, to the extent you consider necessary.<\/p><p>For any additional questions regarding how personal data is processed and to exercise your rights mentioned above, please contact the email address: office@ediagnostic.ro.<br \/>This website uses cookies.<\/p><p>For more information on how these files are used, please visit the following link:\u00a0<a href=\"https:\/\/ediagnostic.ro\/en\/cookie-policy\/\">https:\/\/ediagnostic.ro\/politica-cookies\/<\/a>.<\/p>\t\t\t\t\t\t\t\t<\/div>\n\t\t\t\t<\/div>\n\t\t\t\t\t<\/div>\n\t\t\t\t<\/div>\n\t\t\t\t<\/div>","protected":false},"excerpt":{"rendered":"<p>Politica de confiden\u021bialitate Acas\u0103 > Politica de confiden\u021bialitate I. Informa\u021bii generale Confiden\u021bialitatea datelor dumneavoastr\u0103 cu caracter personal reprezint\u0103 una dintre preocup\u0103rile principale ale Ediagnostic Healthcare SRL, CIF\/CNP: 46093032, Reg. Com.: J17\/752\/2022, Adresa: str. Teiului nr 12, Sendreni, Galati, \u00een calitate de operator de date. Acest document are rolul de a v\u0103 informa cu privire la [&hellip;]<\/p>","protected":false},"author":1,"featured_media":0,"parent":0,"menu_order":0,"comment_status":"closed","ping_status":"closed","template":"","meta":{"footnotes":""},"class_list":["post-3","page","type-page","status-publish","hentry"],"yoast_head":"<!-- This site is optimized with the Yoast SEO plugin v26.6 - https:\/\/yoast.com\/wordpress\/plugins\/seo\/ -->\n<title>Politica de confiden\u021bialitate - eDiagnostic<\/title>\n<meta name=\"robots\" content=\"index, follow, max-snippet:-1, max-image-preview:large, max-video-preview:-1\" \/>\n<link rel=\"canonical\" href=\"https:\/\/ediagnostic.ro\/en\/privacy-policy\/\" \/>\n<meta property=\"og:locale\" content=\"en_US\" \/>\n<meta property=\"og:type\" content=\"article\" \/>\n<meta property=\"og:title\" content=\"Politica de confiden\u021bialitate - eDiagnostic\" \/>\n<meta property=\"og:description\" content=\"Politica de confiden\u021bialitate Acas\u0103 &gt; Politica de confiden\u021bialitate I. Informa\u021bii generale Confiden\u021bialitatea datelor dumneavoastr\u0103 cu caracter personal reprezint\u0103 una dintre preocup\u0103rile principale ale Ediagnostic Healthcare SRL, CIF\/CNP: 46093032, Reg. Com.: J17\/752\/2022, Adresa: str. Teiului nr 12, Sendreni, Galati, \u00een calitate de operator de date. Acest document are rolul de a v\u0103 informa cu privire la [&hellip;]\" \/>\n<meta property=\"og:url\" content=\"https:\/\/ediagnostic.ro\/en\/privacy-policy\/\" \/>\n<meta property=\"og:site_name\" content=\"eDiagnostic\" \/>\n<meta property=\"article:modified_time\" content=\"2022-12-21T16:04:15+00:00\" \/>\n<meta name=\"twitter:card\" content=\"summary_large_image\" \/>\n<meta name=\"twitter:label1\" content=\"Est. reading time\" \/>\n\t<meta name=\"twitter:data1\" content=\"8 minutes\" \/>\n<script type=\"application\/ld+json\" class=\"yoast-schema-graph\">{\"@context\":\"https:\/\/schema.org\",\"@graph\":[{\"@type\":\"WebPage\",\"@id\":\"https:\/\/ediagnostic.ro\/politica-de-confidentialitate\/\",\"url\":\"https:\/\/ediagnostic.ro\/politica-de-confidentialitate\/\",\"name\":\"Politica de confiden\u021bialitate - eDiagnostic\",\"isPartOf\":{\"@id\":\"https:\/\/ediagnostic.ro\/en\/#website\"},\"datePublished\":\"2022-12-19T09:37:03+00:00\",\"dateModified\":\"2022-12-21T16:04:15+00:00\",\"breadcrumb\":{\"@id\":\"https:\/\/ediagnostic.ro\/politica-de-confidentialitate\/#breadcrumb\"},\"inLanguage\":\"en-US\",\"potentialAction\":[{\"@type\":\"ReadAction\",\"target\":[\"https:\/\/ediagnostic.ro\/politica-de-confidentialitate\/\"]}]},{\"@type\":\"BreadcrumbList\",\"@id\":\"https:\/\/ediagnostic.ro\/politica-de-confidentialitate\/#breadcrumb\",\"itemListElement\":[{\"@type\":\"ListItem\",\"position\":1,\"name\":\"Prima pagin\u0103\",\"item\":\"https:\/\/ediagnostic.ro\/\"},{\"@type\":\"ListItem\",\"position\":2,\"name\":\"Politica de confiden\u021bialitate\"}]},{\"@type\":\"WebSite\",\"@id\":\"https:\/\/ediagnostic.ro\/en\/#website\",\"url\":\"https:\/\/ediagnostic.ro\/en\/\",\"name\":\"eDiagnostic\",\"description\":\"Centru de telemedicin\u0103 cu expertiz\u0103 \u00een teleradiologie\",\"publisher\":{\"@id\":\"https:\/\/ediagnostic.ro\/en\/#organization\"},\"potentialAction\":[{\"@type\":\"SearchAction\",\"target\":{\"@type\":\"EntryPoint\",\"urlTemplate\":\"https:\/\/ediagnostic.ro\/en\/?s={search_term_string}\"},\"query-input\":{\"@type\":\"PropertyValueSpecification\",\"valueRequired\":true,\"valueName\":\"search_term_string\"}}],\"inLanguage\":\"en-US\"},{\"@type\":\"Organization\",\"@id\":\"https:\/\/ediagnostic.ro\/en\/#organization\",\"name\":\"eDiagnostic\",\"url\":\"https:\/\/ediagnostic.ro\/en\/\",\"logo\":{\"@type\":\"ImageObject\",\"inLanguage\":\"en-US\",\"@id\":\"https:\/\/ediagnostic.ro\/en\/#\/schema\/logo\/image\/\",\"url\":\"https:\/\/ediagnostic.ro\/wp-content\/uploads\/2022\/12\/logo-ediagnostic-fundal-alb_130.png\",\"contentUrl\":\"https:\/\/ediagnostic.ro\/wp-content\/uploads\/2022\/12\/logo-ediagnostic-fundal-alb_130.png\",\"width\":293,\"height\":130,\"caption\":\"eDiagnostic\"},\"image\":{\"@id\":\"https:\/\/ediagnostic.ro\/en\/#\/schema\/logo\/image\/\"}}]}<\/script>\n<!-- \/ Yoast SEO plugin. -->","yoast_head_json":{"title":"Politica de confiden\u021bialitate - eDiagnostic","robots":{"index":"index","follow":"follow","max-snippet":"max-snippet:-1","max-image-preview":"max-image-preview:large","max-video-preview":"max-video-preview:-1"},"canonical":"https:\/\/ediagnostic.ro\/en\/privacy-policy\/","og_locale":"en_US","og_type":"article","og_title":"Politica de confiden\u021bialitate - eDiagnostic","og_description":"Politica de confiden\u021bialitate Acas\u0103 > Politica de confiden\u021bialitate I. Informa\u021bii generale Confiden\u021bialitatea datelor dumneavoastr\u0103 cu caracter personal reprezint\u0103 una dintre preocup\u0103rile principale ale Ediagnostic Healthcare SRL, CIF\/CNP: 46093032, Reg. Com.: J17\/752\/2022, Adresa: str. Teiului nr 12, Sendreni, Galati, \u00een calitate de operator de date. Acest document are rolul de a v\u0103 informa cu privire la [&hellip;]","og_url":"https:\/\/ediagnostic.ro\/en\/privacy-policy\/","og_site_name":"eDiagnostic","article_modified_time":"2022-12-21T16:04:15+00:00","twitter_card":"summary_large_image","twitter_misc":{"Est. reading time":"8 minutes"},"schema":{"@context":"https:\/\/schema.org","@graph":[{"@type":"WebPage","@id":"https:\/\/ediagnostic.ro\/politica-de-confidentialitate\/","url":"https:\/\/ediagnostic.ro\/politica-de-confidentialitate\/","name":"Politica de confiden\u021bialitate - eDiagnostic","isPartOf":{"@id":"https:\/\/ediagnostic.ro\/en\/#website"},"datePublished":"2022-12-19T09:37:03+00:00","dateModified":"2022-12-21T16:04:15+00:00","breadcrumb":{"@id":"https:\/\/ediagnostic.ro\/politica-de-confidentialitate\/#breadcrumb"},"inLanguage":"en-US","potentialAction":[{"@type":"ReadAction","target":["https:\/\/ediagnostic.ro\/politica-de-confidentialitate\/"]}]},{"@type":"BreadcrumbList","@id":"https:\/\/ediagnostic.ro\/politica-de-confidentialitate\/#breadcrumb","itemListElement":[{"@type":"ListItem","position":1,"name":"Prima pagin\u0103","item":"https:\/\/ediagnostic.ro\/"},{"@type":"ListItem","position":2,"name":"Politica de confiden\u021bialitate"}]},{"@type":"WebSite","@id":"https:\/\/ediagnostic.ro\/en\/#website","url":"https:\/\/ediagnostic.ro\/en\/","name":"eDiagnostic","description":"Telemedicine center with expertise in teleradiology","publisher":{"@id":"https:\/\/ediagnostic.ro\/en\/#organization"},"potentialAction":[{"@type":"SearchAction","target":{"@type":"EntryPoint","urlTemplate":"https:\/\/ediagnostic.ro\/en\/?s={search_term_string}"},"query-input":{"@type":"PropertyValueSpecification","valueRequired":true,"valueName":"search_term_string"}}],"inLanguage":"en-US"},{"@type":"Organization","@id":"https:\/\/ediagnostic.ro\/en\/#organization","name":"eDiagnostic","url":"https:\/\/ediagnostic.ro\/en\/","logo":{"@type":"ImageObject","inLanguage":"en-US","@id":"https:\/\/ediagnostic.ro\/en\/#\/schema\/logo\/image\/","url":"https:\/\/ediagnostic.ro\/wp-content\/uploads\/2022\/12\/logo-ediagnostic-fundal-alb_130.png","contentUrl":"https:\/\/ediagnostic.ro\/wp-content\/uploads\/2022\/12\/logo-ediagnostic-fundal-alb_130.png","width":293,"height":130,"caption":"eDiagnostic"},"image":{"@id":"https:\/\/ediagnostic.ro\/en\/#\/schema\/logo\/image\/"}}]}},"_links":{"self":[{"href":"https:\/\/ediagnostic.ro\/en\/wp-json\/wp\/v2\/pages\/3","targetHints":{"allow":["GET"]}}],"collection":[{"href":"https:\/\/ediagnostic.ro\/en\/wp-json\/wp\/v2\/pages"}],"about":[{"href":"https:\/\/ediagnostic.ro\/en\/wp-json\/wp\/v2\/types\/page"}],"author":[{"embeddable":true,"href":"https:\/\/ediagnostic.ro\/en\/wp-json\/wp\/v2\/users\/1"}],"replies":[{"embeddable":true,"href":"https:\/\/ediagnostic.ro\/en\/wp-json\/wp\/v2\/comments?post=3"}],"version-history":[{"count":0,"href":"https:\/\/ediagnostic.ro\/en\/wp-json\/wp\/v2\/pages\/3\/revisions"}],"wp:attachment":[{"href":"https:\/\/ediagnostic.ro\/en\/wp-json\/wp\/v2\/media?parent=3"}],"curies":[{"name":"wp","href":"https:\/\/api.w.org\/{rel}","templated":true}]}}